{"id":1436,"date":"2021-01-17T19:32:49","date_gmt":"2021-01-17T18:32:49","guid":{"rendered":"https:\/\/aluminiosiluro.com\/?page_id=1436"},"modified":"2025-06-12T21:03:37","modified_gmt":"2025-06-12T19:03:37","slug":"per-que-nosaltres","status":"publish","type":"page","link":"https:\/\/aluminiosiluro.com\/ca\/per-que-nosaltres\/","title":{"rendered":"Per qu\u00e8 nosaltres?"},"content":{"rendered":"\n\n\t<section class=\"section cabecera_porque\" id=\"section_656186159\">\n\t\t<div class=\"section-bg fill\" >\n\t\t\t\t\t\t\t\t\t<div class=\"section-bg-overlay absolute fill\"><\/div>\n\t\t\t\n\n\t\t<\/div>\n\n\t\t\n\n\t\t<div class=\"section-content relative\">\n\t\t\t\n\n<div class=\"container section-title-container Letra_peque\u00f1a\" style=\"margin-top:20px;margin-bottom:20px;\"><h1 class=\"section-title section-title-center\"><b aria-hidden=\"true\"><\/b><span class=\"section-title-main\" style=\"font-size:128%;\">Per qu\u00e8 nosaltres?<\/span><b aria-hidden=\"true\"><\/b><\/h1><\/div>\n\n<div class=\"row\"  id=\"row-1013004597\">\n\n\n\t<div id=\"col-321175973\" class=\"col small-12 large-12\"  >\n\t\t\t\t<div class=\"col-inner\"  >\n\t\t\t\n\t\t\t\n\n<div class=\"accordion\">\n\n\t<div id=\"accordion-2206660421\" class=\"accordion-item\">\n\t\t<a id=\"accordion-2206660421-label\" class=\"accordion-title plain active\" href=\"#accordion-item-per-la-nostra-experi\u00c8ncia\" aria-expanded=\"true\" aria-controls=\"accordion-2206660421-content\">\n\t\t\t<button class=\"toggle\" aria-label=\"Toggle\"><i class=\"icon-angle-down\" aria-hidden=\"true\"><\/i><\/button>\n\t\t\t<span>PER LA NOSTRA EXPERI\u00c8NCIA<\/span>\n\t\t<\/a>\n\t\t<div id=\"accordion-2206660421-content\" class=\"accordion-inner\" style=\"display: block;\" aria-labelledby=\"accordion-2206660421-label\">\n\t\t\t\n\n<div class=\"row\" style=\"max-width:\" id=\"row-1974296647\">\n\n\n\t<div id=\"col-795499213\" class=\"col medium-6 small-12 large-6\"  >\n\t\t\t\t<div class=\"col-inner\"  >\n\t\t\t\n\t\t\t\n\n<p><span style=\"font-size: 105%;\">Aluminis Iluro va n\u00e9ixer l&#8217;any 1989 de la m\u00e0 del seu jove fundador David Garc\u00eda \u00e0vid de donar a mercat la millor qualitat i servei. La seva const\u00e0ncia i afany de superaci\u00f3 s&#8217;ha posicionat a Aluminis Lluro com una empresa capdavantera en el sector tant en els productes que desenvolupem com en la tecnologia utilitzada en el proc\u00e9s de fabricaci\u00f3 i instal\u00b7laci\u00f3 dels nostres tancaments met\u00e0l\u00b7lics.<\/span><\/p>\n\n\t\t<\/div>\n\t\t\t\t\n<style>\n#col-795499213 > .col-inner {\n  margin: 0px 0px -10px 0px;\n}\n<\/style>\n\t<\/div>\n\n\t\n\n\t<div id=\"col-350350496\" class=\"col medium-6 small-12 large-6\"  >\n\t\t\t\t<div class=\"col-inner\"  >\n\t\t\t\n\t\t\t\n\n\t<div class=\"img has-hover x md-x lg-x y md-y lg-y\" id=\"image_1335090580\">\n\t\t\t\t\t\t\t\t<div class=\"img-inner dark\" >\n\t\t\t<img loading=\"lazy\" decoding=\"async\" width=\"600\" height=\"399\" src=\"https:\/\/aluminiosiluro.com\/wp-content\/uploads\/2019\/10\/persianas-21-109d67e6b1.jpg\" class=\"attachment-large size-large\" alt=\"\" \/>\t\t\t\t\t\t\n\t\t\t\t\t<\/div>\n\t\t\t\t\t\t\t\t\n<style>\n#image_1335090580 {\n  width: 100%;\n}\n<\/style>\n\t<\/div>\n\t\n\n\n\t\t<\/div>\n\t\t\t\t\t<\/div>\n\n\t\n\n\n<style>\n#row-1974296647 > .col > .col-inner {\n  padding: 10px 0px 0px 0px;\n}\n<\/style>\n<\/div>\n\n\t\t<\/div>\n\t<\/div>\n\t\n\t<div id=\"accordion-2840101637\" class=\"accordion-item\">\n\t\t<a id=\"accordion-2840101637-label\" class=\"accordion-title plain\" href=\"#accordion-item-per-la-nostra-serietat\" aria-expanded=\"false\" aria-controls=\"accordion-2840101637-content\">\n\t\t\t<button class=\"toggle\" aria-label=\"Toggle\"><i class=\"icon-angle-down\" aria-hidden=\"true\"><\/i><\/button>\n\t\t\t<span>PER LA NOSTRA SERIETAT<\/span>\n\t\t<\/a>\n\t\t<div id=\"accordion-2840101637-content\" class=\"accordion-inner\" aria-labelledby=\"accordion-2840101637-label\">\n\t\t\t\n\n<div class=\"row\" style=\"max-width:\" id=\"row-119644781\">\n\n\n\t<div id=\"col-2006342755\" class=\"col medium-6 small-12 large-6\"  >\n\t\t\t\t<div class=\"col-inner\"  >\n\t\t\t\n\t\t\t\n\n\t<div class=\"img has-hover x md-x lg-x y md-y lg-y\" id=\"image_149715791\">\n\t\t\t\t\t\t\t\t<div class=\"img-inner dark\" >\n\t\t\t<img loading=\"lazy\" decoding=\"async\" width=\"694\" height=\"356\" src=\"https:\/\/aluminiosiluro.com\/wp-content\/uploads\/2020\/12\/aluminios-iluro-seriedad.jpg\" class=\"attachment-large size-large\" alt=\"\" \/>\t\t\t\t\t\t\n\t\t\t\t\t<\/div>\n\t\t\t\t\t\t\t\t\n<style>\n#image_149715791 {\n  width: 100%;\n}\n<\/style>\n\t<\/div>\n\t\n\n\n\t\t<\/div>\n\t\t\t\t\t<\/div>\n\n\t\n\n\t<div id=\"col-1100243953\" class=\"col medium-6 small-12 large-6\"  >\n\t\t\t\t<div class=\"col-inner\"  >\n\t\t\t\n\t\t\t\n\n<p><span style=\"font-size: 105%;\">Perqu\u00e8 l&#8217;ambici\u00f3 deAluminios Iluro \u00e9s oferir als seus clients un servei immillorable sense sorpreses complint sempre que s&#8217;ha pactat.<\/span><\/p>\n\n\t\t<\/div>\n\t\t\t\t\n<style>\n#col-1100243953 > .col-inner {\n  margin: 0px 0px -20px 0px;\n}\n<\/style>\n\t<\/div>\n\n\t\n\n\n<style>\n#row-119644781 > .col > .col-inner {\n  padding: 10px 0px 0px 0px;\n}\n<\/style>\n<\/div>\n\n\t\t<\/div>\n\t<\/div>\n\t\n\t<div id=\"accordion-62367252\" class=\"accordion-item\">\n\t\t<a id=\"accordion-62367252-label\" class=\"accordion-title plain\" href=\"#accordion-item-pel-seu-tracte\" aria-expanded=\"false\" aria-controls=\"accordion-62367252-content\">\n\t\t\t<button class=\"toggle\" aria-label=\"Toggle\"><i class=\"icon-angle-down\" aria-hidden=\"true\"><\/i><\/button>\n\t\t\t<span>PEL SEU TRACTE<\/span>\n\t\t<\/a>\n\t\t<div id=\"accordion-62367252-content\" class=\"accordion-inner\" aria-labelledby=\"accordion-62367252-label\">\n\t\t\t\n\n<div class=\"row\" style=\"max-width:\" id=\"row-384562875\">\n\n\n\t<div id=\"col-2024936941\" class=\"col medium-6 small-12 large-6\"  >\n\t\t\t\t<div class=\"col-inner\"  >\n\t\t\t\n\t\t\t\n\n<p><span style=\"font-size: 105%;\">Perqu\u00e8 el client de seguida nota la difer\u00e8ncia en el tracte d&#8217;immediatesa, en la relaci\u00f3 amb l&#8217;equip comercial i en la confian\u00e7a de comptar amb un absolut seguiment de el projecte.<\/span><\/p>\n\n\t\t<\/div>\n\t\t\t\t\n<style>\n#col-2024936941 > .col-inner {\n  margin: 0px 0px -10px 0px;\n}\n<\/style>\n\t<\/div>\n\n\t\n\n\t<div id=\"col-699854643\" class=\"col medium-6 small-12 large-6\"  >\n\t\t\t\t<div class=\"col-inner\"  >\n\t\t\t\n\t\t\t\n\n\t<div class=\"img has-hover x md-x lg-x y md-y lg-y\" id=\"image_1797941576\">\n\t\t\t\t\t\t\t\t<div class=\"img-inner dark\" >\n\t\t\t<img loading=\"lazy\" decoding=\"async\" width=\"694\" height=\"356\" src=\"https:\/\/aluminiosiluro.com\/wp-content\/uploads\/2020\/12\/aluminios-iluro-trato-1.jpg\" class=\"attachment-large size-large\" alt=\"\" \/>\t\t\t\t\t\t\n\t\t\t\t\t<\/div>\n\t\t\t\t\t\t\t\t\n<style>\n#image_1797941576 {\n  width: 100%;\n}\n<\/style>\n\t<\/div>\n\t\n\n\n\t\t<\/div>\n\t\t\t\t\t<\/div>\n\n\t\n\n\n<style>\n#row-384562875 > .col > .col-inner {\n  padding: 10px 0px 0px 0px;\n}\n<\/style>\n<\/div>\n\n\t\t<\/div>\n\t<\/div>\n\t\n\t<div id=\"accordion-1175774986\" class=\"accordion-item\">\n\t\t<a id=\"accordion-1175774986-label\" class=\"accordion-title plain\" href=\"#accordion-item-per-la-nostra-professionalitat\" aria-expanded=\"false\" aria-controls=\"accordion-1175774986-content\">\n\t\t\t<button class=\"toggle\" aria-label=\"Toggle\"><i class=\"icon-angle-down\" aria-hidden=\"true\"><\/i><\/button>\n\t\t\t<span>PER LA NOSTRA PROFESSIONALITAT<\/span>\n\t\t<\/a>\n\t\t<div id=\"accordion-1175774986-content\" class=\"accordion-inner\" aria-labelledby=\"accordion-1175774986-label\">\n\t\t\t\n\n<div class=\"row\"  id=\"row-949644046\">\n\n\n\t<div id=\"col-856159814\" class=\"col medium-6 small-12 large-6\"  >\n\t\t\t\t<div class=\"col-inner\"  >\n\t\t\t\n\t\t\t\n\n\t<div class=\"img has-hover x md-x lg-x y md-y lg-y\" id=\"image_599365765\">\n\t\t\t\t\t\t\t\t<div class=\"img-inner dark\" >\n\t\t\t<img loading=\"lazy\" decoding=\"async\" width=\"694\" height=\"356\" src=\"https:\/\/aluminiosiluro.com\/wp-content\/uploads\/2020\/12\/aluminios-iluro-profesionalidad-1.jpg\" class=\"attachment-large size-large\" alt=\"\" \/>\t\t\t\t\t\t\n\t\t\t\t\t<\/div>\n\t\t\t\t\t\t\t\t\n<style>\n#image_599365765 {\n  width: 100%;\n}\n<\/style>\n\t<\/div>\n\t\n\n\n\t\t<\/div>\n\t\t\t\t\t<\/div>\n\n\t\n\n\t<div id=\"col-114033766\" class=\"col medium-6 small-12 large-6\"  >\n\t\t\t\t<div class=\"col-inner\"  >\n\t\t\t\n\t\t\t\n\n<p><span style=\"font-size: 105%;\">Perqu\u00e8 en cadascun dels seus departaments, Aluminis Iluro compta amb un gran equip hum\u00e0. Les seves instal\u00b7lacions s\u00f3n, avui dia un referent en el sector.<\/span><\/p>\n\n\t\t<\/div>\n\t\t\t\t\n<style>\n#col-114033766 > .col-inner {\n  margin: 0px 0px -20px 0px;\n}\n<\/style>\n\t<\/div>\n\n\t\n\n\n<style>\n#row-949644046 > .col > .col-inner {\n  padding: 0px 0px 0px 0px;\n}\n<\/style>\n<\/div>\n\n\t\t<\/div>\n\t<\/div>\n\t\n\t<div id=\"accordion-4285400039\" class=\"accordion-item\">\n\t\t<a id=\"accordion-4285400039-label\" class=\"accordion-title plain\" href=\"#accordion-item-per-la-qualitat-dels-nostres-productes\" aria-expanded=\"false\" aria-controls=\"accordion-4285400039-content\">\n\t\t\t<button class=\"toggle\" aria-label=\"Toggle\"><i class=\"icon-angle-down\" aria-hidden=\"true\"><\/i><\/button>\n\t\t\t<span>PER LA QUALITAT DELS NOSTRES PRODUCTES<\/span>\n\t\t<\/a>\n\t\t<div id=\"accordion-4285400039-content\" class=\"accordion-inner\" aria-labelledby=\"accordion-4285400039-label\">\n\t\t\t\n\n<div class=\"row\"  id=\"row-733643933\">\n\n\n\t<div id=\"col-1636316058\" class=\"col medium-6 small-12 large-6\"  >\n\t\t\t\t<div class=\"col-inner\"  >\n\t\t\t\n\t\t\t\n\n<p><span style=\"font-size: 105%;\">Perqu\u00e8 Aluminis Iluro s\u00ed que ofereix la qualitat als seus clients. Perqu\u00e8 la qualitat no \u00e9s simplement treballar amb bons materials. La qualitat \u00e9s la suma de molts factors.<\/span><\/p>\n\n\t\t<\/div>\n\t\t\t\t\t<\/div>\n\n\t\n\n\t<div id=\"col-1460925240\" class=\"col medium-6 small-12 large-6\"  >\n\t\t\t\t<div class=\"col-inner\"  >\n\t\t\t\n\t\t\t\n\n\t<div class=\"img has-hover x md-x lg-x y md-y lg-y\" id=\"image_2012905462\">\n\t\t\t\t\t\t\t\t<div class=\"img-inner dark\" >\n\t\t\t<img loading=\"lazy\" decoding=\"async\" width=\"694\" height=\"356\" src=\"https:\/\/aluminiosiluro.com\/wp-content\/uploads\/2020\/12\/aluminios-iluro-calidad-1.jpg\" class=\"attachment-large size-large\" alt=\"\" \/>\t\t\t\t\t\t\n\t\t\t\t\t<\/div>\n\t\t\t\t\t\t\t\t\n<style>\n#image_2012905462 {\n  width: 100%;\n}\n<\/style>\n\t<\/div>\n\t\n\n\n\t\t<\/div>\n\t\t\t\t\t<\/div>\n\n\t\n\n<\/div>\n\n\t\t<\/div>\n\t<\/div>\n\t\n\t<div id=\"accordion-4052921659\" class=\"accordion-item\">\n\t\t<a id=\"accordion-4052921659-label\" class=\"accordion-title plain\" href=\"#accordion-item-pels-nostres-preus\" aria-expanded=\"false\" aria-controls=\"accordion-4052921659-content\">\n\t\t\t<button class=\"toggle\" aria-label=\"Toggle\"><i class=\"icon-angle-down\" aria-hidden=\"true\"><\/i><\/button>\n\t\t\t<span>PELS NOSTRES PREUS<\/span>\n\t\t<\/a>\n\t\t<div id=\"accordion-4052921659-content\" class=\"accordion-inner\" aria-labelledby=\"accordion-4052921659-label\">\n\t\t\t\n\n<div class=\"row\"  id=\"row-1368758572\">\n\n\n\t<div id=\"col-1332943680\" class=\"col medium-6 small-12 large-6\"  >\n\t\t\t\t<div class=\"col-inner\"  >\n\t\t\t\n\t\t\t\n\n\t<div class=\"img has-hover x md-x lg-x y md-y lg-y\" id=\"image_458757399\">\n\t\t\t\t\t\t\t\t<div class=\"img-inner dark\" >\n\t\t\t<img loading=\"lazy\" decoding=\"async\" width=\"694\" height=\"356\" src=\"https:\/\/aluminiosiluro.com\/wp-content\/uploads\/2020\/12\/aluminios-iluro-precios-1.jpg\" class=\"attachment-large size-large\" alt=\"\" \/>\t\t\t\t\t\t\n\t\t\t\t\t<\/div>\n\t\t\t\t\t\t\t\t\n<style>\n#image_458757399 {\n  width: 100%;\n}\n<\/style>\n\t<\/div>\n\t\n\n\n\t\t<\/div>\n\t\t\t\t\t<\/div>\n\n\t\n\n\t<div id=\"col-952600832\" class=\"col medium-6 small-12 large-6\"  >\n\t\t\t\t<div class=\"col-inner\"  >\n\t\t\t\n\t\t\t\n\n<p><span style=\"font-size: 105%;\">Perqu\u00e8 Aluminis Iluro t\u00e9 una relaci\u00f3 qualitat \/ preu sense compet\u00e8ncia. <strong>Financem fins a 12 mesos sense interessos.<\/strong><\/span><\/p>\n\n\t\t<\/div>\n\t\t\t\t\n<style>\n#col-952600832 > .col-inner {\n  margin: 0px 0px -20px 0px;\n}\n<\/style>\n\t<\/div>\n\n\t\n\n<\/div>\n\n\t\t<\/div>\n\t<\/div>\n\t\n\t<div id=\"accordion-3493818376\" class=\"accordion-item\">\n\t\t<a id=\"accordion-3493818376-label\" class=\"accordion-title plain\" href=\"#accordion-item-per-la-seva-tranquil\u00b7litat\" aria-expanded=\"false\" aria-controls=\"accordion-3493818376-content\">\n\t\t\t<button class=\"toggle\" aria-label=\"Toggle\"><i class=\"icon-angle-down\" aria-hidden=\"true\"><\/i><\/button>\n\t\t\t<span>PER LA SEVA TRANQUIL\u00b7LITAT<\/span>\n\t\t<\/a>\n\t\t<div id=\"accordion-3493818376-content\" class=\"accordion-inner\" aria-labelledby=\"accordion-3493818376-label\">\n\t\t\t\n\n<div class=\"row\"  id=\"row-1000436104\">\n\n\n\t<div id=\"col-1821299729\" class=\"col medium-6 small-12 large-6\"  >\n\t\t\t\t<div class=\"col-inner\"  >\n\t\t\t\n\t\t\t\n\n<p><span style=\"font-size: 105%;\">Jo trio Aluminis Iluro, perqu\u00e8 una &#8220;Instal\u00b7laci\u00f3 Aluminis Lluro&#8221; \u00e9s garantia d&#8217;\u00e8xit<\/span><\/p>\n\n\t\t<\/div>\n\t\t\t\t\n<style>\n#col-1821299729 > .col-inner {\n  margin: 0px 0px -20px 0px;\n}\n<\/style>\n\t<\/div>\n\n\t\n\n\t<div id=\"col-15601165\" class=\"col medium-6 small-12 large-6\"  >\n\t\t\t\t<div class=\"col-inner\"  >\n\t\t\t\n\t\t\t\n\n\t<div class=\"img has-hover x md-x lg-x y md-y lg-y\" id=\"image_362442909\">\n\t\t\t\t\t\t\t\t<div class=\"img-inner dark\" >\n\t\t\t<img loading=\"lazy\" decoding=\"async\" width=\"694\" height=\"356\" src=\"https:\/\/aluminiosiluro.com\/wp-content\/uploads\/2020\/12\/aluminios-iluro-tranquilidad.jpg\" class=\"attachment-large size-large\" alt=\"\" \/>\t\t\t\t\t\t\n\t\t\t\t\t<\/div>\n\t\t\t\t\t\t\t\t\n<style>\n#image_362442909 {\n  width: 100%;\n}\n<\/style>\n\t<\/div>\n\t\n\n\n\t\t<\/div>\n\t\t\t\t\t<\/div>\n\n\t\n\n<\/div>\n\n\t\t<\/div>\n\t<\/div>\n\t\n\t<div id=\"accordion-336291827\" class=\"accordion-item\">\n\t\t<a id=\"accordion-336291827-label\" class=\"accordion-title plain\" href=\"#accordion-item-pel-nostre-departament-t\u00c8cnic\" aria-expanded=\"false\" aria-controls=\"accordion-336291827-content\">\n\t\t\t<button class=\"toggle\" aria-label=\"Toggle\"><i class=\"icon-angle-down\" aria-hidden=\"true\"><\/i><\/button>\n\t\t\t<span>PEL NOSTRE DEPARTAMENT T\u00c8CNIC<\/span>\n\t\t<\/a>\n\t\t<div id=\"accordion-336291827-content\" class=\"accordion-inner\" aria-labelledby=\"accordion-336291827-label\">\n\t\t\t\n\n<div class=\"row\"  id=\"row-1439129639\">\n\n\n\t<div id=\"col-1110050840\" class=\"col medium-6 small-12 large-6\"  >\n\t\t\t\t<div class=\"col-inner\"  >\n\t\t\t\n\t\t\t\n\n\t<div class=\"img has-hover x md-x lg-x y md-y lg-y\" id=\"image_419646026\">\n\t\t\t\t\t\t\t\t<div class=\"img-inner dark\" >\n\t\t\t<img loading=\"lazy\" decoding=\"async\" width=\"694\" height=\"356\" src=\"https:\/\/aluminiosiluro.com\/wp-content\/uploads\/2020\/12\/aluminios-iluro-departamento-1.jpg\" class=\"attachment-large size-large\" alt=\"\" \/>\t\t\t\t\t\t\n\t\t\t\t\t<\/div>\n\t\t\t\t\t\t\t\t\n<style>\n#image_419646026 {\n  width: 100%;\n}\n<\/style>\n\t<\/div>\n\t\n\n\n\t\t<\/div>\n\t\t\t\t\t<\/div>\n\n\t\n\n\t<div id=\"col-1317250341\" class=\"col medium-6 small-12 large-6\"  >\n\t\t\t\t<div class=\"col-inner\"  >\n\t\t\t\n\t\t\t\n\n<p><span style=\"font-size: 105%;\">Perqu\u00e8 des del nostre departament t\u00e8cnic fem que els seus somnis es facin realitat.<\/span><\/p>\n\n\t\t<\/div>\n\t\t\t\t\n<style>\n#col-1317250341 > .col-inner {\n  margin: 0px 0px -10px 0px;\n}\n<\/style>\n\t<\/div>\n\n\t\n\n<\/div>\n\n\t\t<\/div>\n\t<\/div>\n\t\n\n<\/div>\n\n\t\t<\/div>\n\t\t\t\t\n<style>\n#col-321175973 > .col-inner {\n  margin: 0px 0px -20px 0px;\n}\n@media (min-width:550px) {\n  #col-321175973 > .col-inner {\n    margin: 0px 0px 30px 0px;\n  }\n}\n<\/style>\n\t<\/div>\n\n\t\n\n\n<style>\n#row-1013004597 > .col > .col-inner {\n  padding: 0px 0px 0px 0px;\n}\n<\/style>\n<\/div>\n\n\t\t<\/div>\n\n\t\t\n<style>\n#section_656186159 {\n  padding-top: 0px;\n  padding-bottom: 0px;\n  margin-bottom: 0px;\n  min-height: 0px;\n  background-color: rgb(255, 255, 255);\n}\n#section_656186159 .section-bg-overlay {\n  background-color: rgba(255, 255, 255, 0.85);\n}\n<\/style>\n\t<\/section>\n\t\n\n\t<section class=\"section\" id=\"section_1896589393\">\n\t\t<div class=\"section-bg fill\" >\n\t\t\t\t\t\t\t\t\t\n\t\t\t\n\t<div class=\"is-border\"\n\t\tstyle=\"border-width:1px 0px 1px 0px;\">\n\t<\/div>\n\n\t\t<\/div>\n\n\t\t\n\n\t\t<div class=\"section-content relative\">\n\t\t\t\n\n<div class=\"row align-equal\"  id=\"row-1379366907\">\n\n\n\t<div id=\"col-586780622\" class=\"col small-12 large-12\"  >\n\t\t\t\t<div class=\"col-inner\"  >\n\t\t\t\n\t<div class=\"is-border\"\n\t\tstyle=\"border-width:0px 0px 0px 0px;\">\n\t<\/div>\n\t\t\t\n\n<div class=\"container section-title-container\" ><h3 class=\"section-title section-title-normal\"><b aria-hidden=\"true\"><\/b><span class=\"section-title-main\" >\u00daltimes opinions de clients i col\u00b7laboradors<\/span><b aria-hidden=\"true\"><\/b><\/h3><\/div>\n\n\n\n\n<div class=\"trustindex-widget\" data-id=\"02332304769c8907af665f6e81b\"><\/div>\n<script defer async src=\"https:\/\/cdn.trustindex.io\/loader.js?02332304769c8907af665f6e81b\"><\/script>\n\n\n\t\t<\/div>\n\t\t\t\t\n<style>\n#col-586780622 > .col-inner {\n  margin: 40px 0px 0px 0px;\n}\n<\/style>\n\t<\/div>\n\n\t\n\n<\/div>\n<div class=\"row\"  id=\"row-997684535\">\n\n\n\t<div id=\"col-1580248789\" class=\"col small-12 large-12\"  >\n\t\t\t\t<div class=\"col-inner text-center\"  >\n\t\t\t\n\t\t\t\n\n<a href=\"https:\/\/aluminiosiluro.com\/ca\/testimonis\/\" class=\"button primary\" >\n\t\t<span>Veure\u2019n m\u00e9s<\/span>\n\t<\/a>\n\n\n\n\t\t<\/div>\n\t\t\t\t\t<\/div>\n\n\t\n\n<\/div>\n\n\t\t<\/div>\n\n\t\t\n<style>\n#section_1896589393 {\n  padding-top: 0px;\n  padding-bottom: 0px;\n  min-height: 276px;\n  background-color: rgb(241, 241, 241);\n}\n@media (min-width:550px) {\n  #section_1896589393 {\n    padding-top: 43px;\n    padding-bottom: 43px;\n  }\n}\n<\/style>\n\t<\/section>\n\t\n\n","protected":false},"excerpt":{"rendered":"","protected":false},"author":1,"featured_media":0,"parent":0,"menu_order":0,"comment_status":"closed","ping_status":"closed","template":"page-blank.php","meta":{"ngg_post_thumbnail":0,"footnotes":""},"class_list":["post-1436","page","type-page","status-publish","hentry"],"_links":{"self":[{"href":"https:\/\/aluminiosiluro.com\/ca\/wp-json\/wp\/v2\/pages\/1436","targetHints":{"allow":["GET"]}}],"collection":[{"href":"https:\/\/aluminiosiluro.com\/ca\/wp-json\/wp\/v2\/pages"}],"about":[{"href":"https:\/\/aluminiosiluro.com\/ca\/wp-json\/wp\/v2\/types\/page"}],"author":[{"embeddable":true,"href":"https:\/\/aluminiosiluro.com\/ca\/wp-json\/wp\/v2\/users\/1"}],"replies":[{"embeddable":true,"href":"https:\/\/aluminiosiluro.com\/ca\/wp-json\/wp\/v2\/comments?post=1436"}],"version-history":[{"count":26,"href":"https:\/\/aluminiosiluro.com\/ca\/wp-json\/wp\/v2\/pages\/1436\/revisions"}],"predecessor-version":[{"id":4526,"href":"https:\/\/aluminiosiluro.com\/ca\/wp-json\/wp\/v2\/pages\/1436\/revisions\/4526"}],"wp:attachment":[{"href":"https:\/\/aluminiosiluro.com\/ca\/wp-json\/wp\/v2\/media?parent=1436"}],"curies":[{"name":"wp","href":"https:\/\/api.w.org\/{rel}","templated":true}]}}