{"id":1477,"date":"2021-01-17T21:25:52","date_gmt":"2021-01-17T20:25:52","guid":{"rendered":"https:\/\/aluminiosiluro.com\/?page_id=1477"},"modified":"2025-06-11T11:39:16","modified_gmt":"2025-06-11T09:39:16","slug":"empresa","status":"publish","type":"page","link":"https:\/\/aluminiosiluro.com\/ca\/empresa\/","title":{"rendered":"Empresa"},"content":{"rendered":"\n\n\t<section class=\"section\" id=\"section_1669906234\">\n\t\t<div class=\"section-bg fill\" >\n\t\t\t\t\t\t\t\t\t<div class=\"section-bg-overlay absolute fill\"><\/div>\n\t\t\t\n\n\t\t<\/div>\n\n\t\t\n\n\t\t<div class=\"section-content relative\">\n\t\t\t\n\n<div class=\"container section-title-container Letra_peque\u00f1a\" style=\"margin-top:20px;margin-bottom:20px;\"><h1 class=\"section-title section-title-center\"><b aria-hidden=\"true\"><\/b><span class=\"section-title-main\" style=\"font-size:128%;\">Empresa<\/span><b aria-hidden=\"true\"><\/b><\/h1><\/div>\n\n<div class=\"row row-large align-middle\"  id=\"row-282299682\">\n\n\n\t<div id=\"col-1866958573\" class=\"col small-12 large-12\"  >\n\t\t\t\t<div class=\"col-inner text-left\"  >\n\t\t\t\n\t\t\t\n\n<p><span style=\"font-size: 105%; color: #ed1c24;\"><b>Aluminios Iluro<\/b><\/span><\/p>\n<p><span style=\"font-size: 105%;\">Som una <strong>fusteria d&#8217;alumini fundada l&#8217;any 1989 a Matar\u00f3<\/strong>, amb la finalitat de satisfer les principals necessitats pel que fa a tot tipus de tancaments met\u00e0l.lics d&#8217;\u00faltima generaci\u00f3.<\/span><\/p>\n<p><span style=\"font-size: 105%;\">La innovaci\u00f3 en els nostres productes i la prestaci\u00f3 d&#8217;un servei altament qualificat, s\u00f3n les millors alternatives per a empreses constructores, ind\u00fastries i clients particulars; ja que necessiten una atenci\u00f3 individualitzada d&#8217;acord a les seves necessitats.<\/span><\/p>\n<p><span style=\"font-size: 105%;\">Oferim una proposta basada en la col.laboraci\u00f3 amb marques l\u00edders per a cada l\u00ednia de productes amb un servei d&#8217;instal.laci\u00f3 exclusiu. <strong>\u00danicament treballem amb primeres marques homologades i que garanteixen la m\u00e0xima qualitat<\/strong>, tant dels seus productes com del seu servei post-venda.<\/span><\/p>\n<p><span style=\"font-size: 105%;\"><strong>Som fabricants i instal.ladors<\/strong>. Podem oferir una \u00e0mplia gamma de solucions en tots els \u00e0mbits de la fusteria d&#8217;alumini, pvc i vidre.<\/span><\/p>\n<p><span style=\"font-size: 105%;\">Disposem d&#8217;un departament t\u00e8cnic amb <strong>professionals altament qualificats<\/strong>; la qual cosa, ens permet poder assessorar, en tot moment, tant al client final com als diferents professionals en la seva projecci\u00f3 d&#8217;obres.<\/span><\/p>\n<p><span style=\"font-size: 105%;\">Els convidem a que <strong>visitin les nostres exposicions de Matar\u00f3 o Barcelona<\/strong>,on podr\u00e0 veure, en primera persona, un ampli ventall de productes; i podran oferir-li un assessorament personalitzat en els productes en els que est\u00e0 interessat.<\/span><\/p>\n<div class=\"slider-wrapper relative\" id=\"slider-1694674090\" >\n    <div class=\"slider slider-type-fade slider-nav-circle slider-nav-large slider-nav-light slider-style-normal\"\n        data-flickity-options='{\n            \"cellAlign\": \"center\",\n            \"imagesLoaded\": true,\n            \"lazyLoad\": 1,\n            \"freeScroll\": false,\n            \"wrapAround\": true,\n            \"autoPlay\": 3000,\n            \"pauseAutoPlayOnHover\" : true,\n            \"prevNextButtons\": true,\n            \"contain\" : true,\n            \"adaptiveHeight\" : true,\n            \"dragThreshold\" : 10,\n            \"percentPosition\": true,\n            \"pageDots\": true,\n            \"rightToLeft\": false,\n            \"draggable\": true,\n            \"selectedAttraction\": 0.1,\n            \"parallax\" : 0,\n            \"friction\": 0.6        }'\n        >\n        \n\n\t<div class=\"img has-hover x md-x lg-x y md-y lg-y\" id=\"image_565883161\">\n\t\t\t\t\t\t\t\t<div class=\"img-inner dark\" >\n\t\t\t<img loading=\"lazy\" decoding=\"async\" width=\"1020\" height=\"681\" src=\"https:\/\/aluminiosiluro.com\/wp-content\/uploads\/2020\/12\/1-1.jpg\" class=\"attachment-large size-large\" alt=\"\" srcset=\"https:\/\/aluminiosiluro.com\/wp-content\/uploads\/2020\/12\/1-1.jpg 1024w, https:\/\/aluminiosiluro.com\/wp-content\/uploads\/2020\/12\/1-1-599x400.jpg 599w, https:\/\/aluminiosiluro.com\/wp-content\/uploads\/2020\/12\/1-1-768x513.jpg 768w\" sizes=\"auto, (max-width: 1020px) 100vw, 1020px\" \/>\t\t\t\t\t\t\n\t\t\t\t\t<\/div>\n\t\t\t\t\t\t\t\t\n<style>\n#image_565883161 {\n  width: 100%;\n}\n<\/style>\n\t<\/div>\n\t\n\n\t<div class=\"img has-hover x md-x lg-x y md-y lg-y\" id=\"image_1826081074\">\n\t\t\t\t\t\t\t\t<div class=\"img-inner image-cover dark\" style=\"padding-top:60%;\">\n\t\t\t<img loading=\"lazy\" decoding=\"async\" width=\"1020\" height=\"681\" src=\"https:\/\/aluminiosiluro.com\/wp-content\/uploads\/2020\/11\/2-1.jpg\" class=\"attachment-large size-large\" alt=\"\" srcset=\"https:\/\/aluminiosiluro.com\/wp-content\/uploads\/2020\/11\/2-1.jpg 1024w, https:\/\/aluminiosiluro.com\/wp-content\/uploads\/2020\/11\/2-1-599x400.jpg 599w, https:\/\/aluminiosiluro.com\/wp-content\/uploads\/2020\/11\/2-1-768x513.jpg 768w\" sizes=\"auto, (max-width: 1020px) 100vw, 1020px\" \/>\t\t\t\t\t\t\n\t\t\t\t\t<\/div>\n\t\t\t\t\t\t\t\t\n<style>\n#image_1826081074 {\n  width: 100%;\n}\n<\/style>\n\t<\/div>\n\t\n\n\t<div class=\"img has-hover x md-x lg-x y md-y lg-y\" id=\"image_1868775301\">\n\t\t\t\t\t\t\t\t<div class=\"img-inner image-cover dark\" style=\"padding-top:60%;\">\n\t\t\t<img loading=\"lazy\" decoding=\"async\" width=\"1020\" height=\"679\" src=\"https:\/\/aluminiosiluro.com\/wp-content\/uploads\/2020\/11\/3-1.jpg\" class=\"attachment-large size-large\" alt=\"\" srcset=\"https:\/\/aluminiosiluro.com\/wp-content\/uploads\/2020\/11\/3-1.jpg 1024w, https:\/\/aluminiosiluro.com\/wp-content\/uploads\/2020\/11\/3-1-601x400.jpg 601w, https:\/\/aluminiosiluro.com\/wp-content\/uploads\/2020\/11\/3-1-768x512.jpg 768w\" sizes=\"auto, (max-width: 1020px) 100vw, 1020px\" \/>\t\t\t\t\t\t\n\t\t\t\t\t<\/div>\n\t\t\t\t\t\t\t\t\n<style>\n#image_1868775301 {\n  width: 100%;\n}\n<\/style>\n\t<\/div>\n\t\n\n\t<div class=\"img has-hover x md-x lg-x y md-y lg-y\" id=\"image_1260098898\">\n\t\t\t\t\t\t\t\t<div class=\"img-inner image-cover dark\" style=\"padding-top:50%;\">\n\t\t\t<img loading=\"lazy\" decoding=\"async\" width=\"1020\" height=\"681\" src=\"https:\/\/aluminiosiluro.com\/wp-content\/uploads\/2020\/11\/4-1.jpg\" class=\"attachment-large size-large\" alt=\"\" srcset=\"https:\/\/aluminiosiluro.com\/wp-content\/uploads\/2020\/11\/4-1.jpg 1024w, https:\/\/aluminiosiluro.com\/wp-content\/uploads\/2020\/11\/4-1-599x400.jpg 599w, https:\/\/aluminiosiluro.com\/wp-content\/uploads\/2020\/11\/4-1-768x513.jpg 768w\" sizes=\"auto, (max-width: 1020px) 100vw, 1020px\" \/>\t\t\t\t\t\t\n\t\t\t\t\t<\/div>\n\t\t\t\t\t\t\t\t\n<style>\n#image_1260098898 {\n  width: 100%;\n}\n<\/style>\n\t<\/div>\n\t\n\n\t<div class=\"img has-hover x md-x lg-x y md-y lg-y\" id=\"image_654329191\">\n\t\t\t\t\t\t\t\t<div class=\"img-inner image-cover dark\" style=\"padding-top:60%;\">\n\t\t\t<img loading=\"lazy\" decoding=\"async\" width=\"1020\" height=\"681\" src=\"https:\/\/aluminiosiluro.com\/wp-content\/uploads\/2020\/12\/5-2.jpg\" class=\"attachment-large size-large\" alt=\"\" srcset=\"https:\/\/aluminiosiluro.com\/wp-content\/uploads\/2020\/12\/5-2.jpg 1024w, https:\/\/aluminiosiluro.com\/wp-content\/uploads\/2020\/12\/5-2-599x400.jpg 599w, https:\/\/aluminiosiluro.com\/wp-content\/uploads\/2020\/12\/5-2-768x513.jpg 768w\" sizes=\"auto, (max-width: 1020px) 100vw, 1020px\" \/>\t\t\t\t\t\t\n\t\t\t\t\t<\/div>\n\t\t\t\t\t\t\t\t\n<style>\n#image_654329191 {\n  width: 100%;\n}\n<\/style>\n\t<\/div>\n\t\n\n\t<div class=\"img has-hover x md-x lg-x y md-y lg-y\" id=\"image_2088477731\">\n\t\t\t\t\t\t\t\t<div class=\"img-inner image-cover dark\" style=\"padding-top:60%;\">\n\t\t\t<img loading=\"lazy\" decoding=\"async\" width=\"1020\" height=\"681\" src=\"https:\/\/aluminiosiluro.com\/wp-content\/uploads\/2020\/12\/6-2.jpg\" class=\"attachment-large size-large\" alt=\"\" srcset=\"https:\/\/aluminiosiluro.com\/wp-content\/uploads\/2020\/12\/6-2.jpg 1024w, https:\/\/aluminiosiluro.com\/wp-content\/uploads\/2020\/12\/6-2-599x400.jpg 599w, https:\/\/aluminiosiluro.com\/wp-content\/uploads\/2020\/12\/6-2-768x513.jpg 768w\" sizes=\"auto, (max-width: 1020px) 100vw, 1020px\" \/>\t\t\t\t\t\t\n\t\t\t\t\t<\/div>\n\t\t\t\t\t\t\t\t\n<style>\n#image_2088477731 {\n  width: 100%;\n}\n<\/style>\n\t<\/div>\n\t\n\n\t<div class=\"img has-hover x md-x lg-x y md-y lg-y\" id=\"image_1899210437\">\n\t\t\t\t\t\t\t\t<div class=\"img-inner image-cover dark\" style=\"padding-top:60%;\">\n\t\t\t<img loading=\"lazy\" decoding=\"async\" width=\"1020\" height=\"681\" src=\"https:\/\/aluminiosiluro.com\/wp-content\/uploads\/2020\/12\/7-2.jpg\" class=\"attachment-large size-large\" alt=\"\" srcset=\"https:\/\/aluminiosiluro.com\/wp-content\/uploads\/2020\/12\/7-2.jpg 1024w, https:\/\/aluminiosiluro.com\/wp-content\/uploads\/2020\/12\/7-2-599x400.jpg 599w, https:\/\/aluminiosiluro.com\/wp-content\/uploads\/2020\/12\/7-2-768x513.jpg 768w\" sizes=\"auto, (max-width: 1020px) 100vw, 1020px\" \/>\t\t\t\t\t\t\n\t\t\t\t\t<\/div>\n\t\t\t\t\t\t\t\t\n<style>\n#image_1899210437 {\n  width: 100%;\n}\n<\/style>\n\t<\/div>\n\t\n\n\t<div class=\"img has-hover x md-x lg-x y md-y lg-y\" id=\"image_2109124061\">\n\t\t\t\t\t\t\t\t<div class=\"img-inner image-cover dark\" style=\"padding-top:60%;\">\n\t\t\t<img loading=\"lazy\" decoding=\"async\" width=\"1020\" height=\"681\" src=\"https:\/\/aluminiosiluro.com\/wp-content\/uploads\/2020\/12\/8-2.jpg\" class=\"attachment-large size-large\" alt=\"\" srcset=\"https:\/\/aluminiosiluro.com\/wp-content\/uploads\/2020\/12\/8-2.jpg 1024w, https:\/\/aluminiosiluro.com\/wp-content\/uploads\/2020\/12\/8-2-599x400.jpg 599w, https:\/\/aluminiosiluro.com\/wp-content\/uploads\/2020\/12\/8-2-768x513.jpg 768w\" sizes=\"auto, (max-width: 1020px) 100vw, 1020px\" \/>\t\t\t\t\t\t\n\t\t\t\t\t<\/div>\n\t\t\t\t\t\t\t\t\n<style>\n#image_2109124061 {\n  width: 100%;\n}\n<\/style>\n\t<\/div>\n\t\n\n\n     <\/div>\n\n     <div class=\"loading-spin dark large centered\"><\/div>\n\n\t<\/div>\n\n\n\n\t\t<\/div>\n\t\t\t\t\n<style>\n#col-1866958573 > .col-inner {\n  padding: 0px 0px 0px 0px;\n}\n<\/style>\n\t<\/div>\n\n\t\n\n\n<style>\n#row-282299682 > .col > .col-inner {\n  padding: 0px 0px 20px 0px;\n}\n<\/style>\n<\/div>\n\n\t\t<\/div>\n\n\t\t\n<style>\n#section_1669906234 {\n  padding-top: 0px;\n  padding-bottom: 0px;\n  background-color: rgb(255, 255, 255);\n}\n#section_1669906234 .section-bg-overlay {\n  background-color: rgba(255, 255, 255, 0.85);\n}\n<\/style>\n\t<\/section>\n\t\n\n\t<section class=\"section\" id=\"section_2084215593\">\n\t\t<div class=\"section-bg fill\" >\n\t\t\t\t\t\t\t\t\t<div class=\"section-bg-overlay absolute fill\"><\/div>\n\t\t\t\n\n\t\t<\/div>\n\n\t\t\n\n\t\t<div class=\"section-content relative\">\n\t\t\t\n\n<div class=\"row align-equal\"  id=\"row-1105762514\">\n\n\n\t<div id=\"col-1905059516\" class=\"col small-12 large-12\"  >\n\t\t\t\t<div class=\"col-inner\"  >\n\t\t\t\n\t\t\t\n\n<div class=\"container section-title-container\" style=\"margin-top:0px;\"><h3 class=\"section-title section-title-normal\"><b aria-hidden=\"true\"><\/b><span class=\"section-title-main\" >\u00daltimes opinions de clients i col\u00b7laboradors<\/span><b aria-hidden=\"true\"><\/b><\/h3><\/div>\n\n\n\n\n<div class=\"trustindex-widget\" data-id=\"02332304769c8907af665f6e81b\"><\/div>\n<script defer async src=\"https:\/\/cdn.trustindex.io\/loader.js?02332304769c8907af665f6e81b\"><\/script>\n\n<div class=\"row\"  id=\"row-669587348\">\n\n\n\t<div id=\"col-355177660\" class=\"col small-12 large-12\"  >\n\t\t\t\t<div class=\"col-inner text-center\"  >\n\t\t\t\n\t\t\t\n\n<a href=\"https:\/\/aluminiosiluro.com\/ca\/testimonis\/\" class=\"button primary\" >\n\t\t<span>Veure\u2019n m\u00e9s<\/span>\n\t<\/a>\n\n\n\n\t\t<\/div>\n\t\t\t\t\t<\/div>\n\n\t\n\n<\/div>\n\n\t\t<\/div>\n\t\t\t\t\n<style>\n#col-1905059516 > .col-inner {\n  margin: 40px 0px -10px 0px;\n}\n<\/style>\n\t<\/div>\n\n\t\n\n<\/div>\n\n\t\t<\/div>\n\n\t\t\n<style>\n#section_2084215593 {\n  padding-top: 0px;\n  padding-bottom: 0px;\n  min-height: 273px;\n  background-color: rgb(255, 255, 255);\n}\n#section_2084215593 .section-bg-overlay {\n  background-color: rgba(0, 0, 0, 0.05);\n}\n@media (min-width:550px) {\n  #section_2084215593 {\n    padding-top: 43px;\n    padding-bottom: 43px;\n  }\n}\n<\/style>\n\t<\/section>\n\t\n\n","protected":false},"excerpt":{"rendered":"","protected":false},"author":1,"featured_media":0,"parent":0,"menu_order":0,"comment_status":"closed","ping_status":"closed","template":"page-blank.php","meta":{"ngg_post_thumbnail":0,"footnotes":""},"class_list":["post-1477","page","type-page","status-publish","hentry"],"_links":{"self":[{"href":"https:\/\/aluminiosiluro.com\/ca\/wp-json\/wp\/v2\/pages\/1477","targetHints":{"allow":["GET"]}}],"collection":[{"href":"https:\/\/aluminiosiluro.com\/ca\/wp-json\/wp\/v2\/pages"}],"about":[{"href":"https:\/\/aluminiosiluro.com\/ca\/wp-json\/wp\/v2\/types\/page"}],"author":[{"embeddable":true,"href":"https:\/\/aluminiosiluro.com\/ca\/wp-json\/wp\/v2\/users\/1"}],"replies":[{"embeddable":true,"href":"https:\/\/aluminiosiluro.com\/ca\/wp-json\/wp\/v2\/comments?post=1477"}],"version-history":[{"count":15,"href":"https:\/\/aluminiosiluro.com\/ca\/wp-json\/wp\/v2\/pages\/1477\/revisions"}],"predecessor-version":[{"id":4490,"href":"https:\/\/aluminiosiluro.com\/ca\/wp-json\/wp\/v2\/pages\/1477\/revisions\/4490"}],"wp:attachment":[{"href":"https:\/\/aluminiosiluro.com\/ca\/wp-json\/wp\/v2\/media?parent=1477"}],"curies":[{"name":"wp","href":"https:\/\/api.w.org\/{rel}","templated":true}]}}