{"id":1502,"date":"2021-01-17T22:21:56","date_gmt":"2021-01-17T21:21:56","guid":{"rendered":"https:\/\/aluminiosiluro.com\/?page_id=1502"},"modified":"2026-03-09T12:07:40","modified_gmt":"2026-03-09T11:07:40","slug":"fusteria-de-pvc","status":"publish","type":"page","link":"https:\/\/aluminiosiluro.com\/ca\/fusteria-de-pvc\/","title":{"rendered":"Fusteria de PVC"},"content":{"rendered":"\n\n\t<section class=\"section\" id=\"section_1140064553\">\n\t\t<div class=\"section-bg fill\" >\n\t\t\t\t\t\t\t\t\t<div class=\"section-bg-overlay absolute fill\"><\/div>\n\t\t\t\n\n\t\t<\/div>\n\n\t\t\n\n\t\t<div class=\"section-content relative\">\n\t\t\t\n\n<div class=\"container section-title-container Letra_peque\u00f1a\" style=\"margin-top:20px;margin-bottom:20px;\"><h1 class=\"section-title section-title-center\"><b aria-hidden=\"true\"><\/b><span class=\"section-title-main\" style=\"font-size:128%;\">Fusteria de PVC<\/span><b aria-hidden=\"true\"><\/b><\/h1><\/div>\n\n<div class=\"row row-large align-middle\"  id=\"row-899440939\">\n\n\n\t<div id=\"col-854129793\" class=\"col small-12 large-12\"  >\n\t\t\t\t<div class=\"col-inner text-left\"  >\n\t\t\t\n\t\t\t\n\n<p><span style=\"font-size: 105%;\">El PVC \u00e9s un material totalment revolucionari i que permet aconseguir nivells d&#8217;aillament molt elevats. A Aluminios Iluro comptem amb una ampl\u00edssima experi\u00e8ncia en la fusteria de PVC; at\u00e8s que \u00e9s una de les nostres principals l\u00ednies d&#8217;actuaci\u00f3. Una de les principals garanties que podem oferir \u00e9s que som fabricants i instal.ladors de les nostres primeres marques.<\/span><\/p>\n<p><span style=\"font-size: 105%;\">Oferim assessorament i projectes, tant per a particulars com a empreses; sent la nostra manera de treballar, en que el departament comercial treballa coordinat amb el departament t\u00e8cnic, el que assegura un elevat nivell de qualitat i satisfacci\u00f3 en tots els treballs que realitzem<\/span><\/p>\n\n\t\t<\/div>\n\t\t\t\t\n<style>\n#col-854129793 > .col-inner {\n  padding: 20px 0px 0px 0px;\n  margin: 0px 0px -10px 0px;\n}\n@media (min-width:550px) {\n  #col-854129793 > .col-inner {\n    margin: 0px 0px 0px 0;\n  }\n}\n<\/style>\n\t<\/div>\n\n\t\n\n\n<style>\n#row-899440939 > .col > .col-inner {\n  padding: 0px 0px 0px 0px;\n}\n<\/style>\n<\/div>\n\n\t\t<\/div>\n\n\t\t\n<style>\n#section_1140064553 {\n  padding-top: 0px;\n  padding-bottom: 0px;\n  background-color: rgb(255, 255, 255);\n}\n#section_1140064553 .section-bg-overlay {\n  background-color: rgba(255, 255, 255, 0.85);\n}\n<\/style>\n\t<\/section>\n\t\n\n\t<section class=\"section\" id=\"section_1441286085\">\n\t\t<div class=\"section-bg fill\" >\n\t\t\t\t\t\t\t\t\t<div class=\"section-bg-overlay absolute fill\"><\/div>\n\t\t\t\n\n\t\t<\/div>\n\n\t\t\n\n\t\t<div class=\"section-content relative\">\n\t\t\t\n\n<div class=\"container section-title-container\" style=\"margin-top:20px;margin-bottom:20px;\"><h3 class=\"section-title section-title-normal\"><b aria-hidden=\"true\"><\/b><span class=\"section-title-main\" style=\"font-size:142%;\">La  nostra marca<\/span><b aria-hidden=\"true\"><\/b><\/h3><\/div>\n\n<div class=\"row\"  id=\"row-768342890\">\n\n\n\t<div id=\"col-667203937\" class=\"col small-12 large-12\"  >\n\t\t\t\t<div class=\"col-inner\"  >\n\t\t\t\n\t\t\t\n\n<h3><strong><span style=\"font-size: 105%;\">REHAU<\/span><\/strong><\/h3>\n<p><span style=\"font-size: 105%;\">Les nostres finestres de PVC s\u00f3n sin\u00f2nim de tecnologia d&#8217;\u00faltima generaci\u00f3 que estalvia energia per tu mentre gaudeixes del m\u00e0xim confort i benestar en els teus espais preferits. <\/span><\/p>\n<p><span style=\"font-size: 105%;\">Ofereix un aillament t\u00e8rmic i ac\u00fastic insuperable, complint els requeriments m\u00e9s estrictes d&#8217;efic\u00e8ncia energ\u00e8tica. Infinitat de possibilitats de colors, formes i grand\u00e0ries per aconseguir l&#8217;estil que desitges.<\/span><\/p>\n<p><span style=\"font-size: 105%;\">Les nostres finestres incorporen fins a 3 juntes perimetrals per proporcionar un m\u00e0xim nivell d&#8217;estanquitat. D&#8217;una banda, s&#8217;encarreguen que l&#8217;aire calent o fresc de l&#8217;interior de l&#8217;edifici no pugui escapar cap a l&#8217;exterior. D&#8217;altra banda, impedeixen l&#8217;entrada d&#8217;humitat i aigua. <\/span><\/p>\n<p><span style=\"font-size: 105%;\">El soroll implica estr\u00e8s. Gr\u00e0cies a la seva reducci\u00f3, la seva llar es converteix en un oasi de tranquilitat.<\/span><\/p>\n<p><span style=\"font-size: 105%;\">La nostra tecnologia High-Definition-Finishing (HDF) produeix superf\u00edcies molt llises que repel.leixen la brut\u00edcia i s\u00f3n f\u00e0cils de netejar, a m\u00e9s de proporcionar una resist\u00e8ncia a la intemp\u00e8rie immillorable. <\/span><\/p>\n<p><span style=\"font-size: 105%;\">Tens la tranquil.litat de comptar amb unes finestres d&#8217;acord amb els m\u00e9s alts est\u00e0ndards de la construcci\u00f3. Tots els folis i revestiments se sotmeten a exhaustives proves de llarga durada i a les c\u00e0rregues m\u00e9s elevades abans d&#8217;usar-los i posar-los a disposici\u00f3 dels nostres clients.<\/span><\/p>\n<p><span style=\"font-size: 105%;\">Veure m\u00e9s informaci\u00f3 sobre <a href=\"https:\/\/aluminiosiluro.com\/ca\/rehau\/\">Rehau<\/a><\/span><\/p>\n\t<div class=\"img has-hover x md-x lg-x y md-y lg-y\" id=\"image_2103921795\">\n\t\t\t\t\t\t\t\t<div class=\"img-inner dark\" style=\"margin:5px 0px 0px 0px;\">\n\t\t\t<img loading=\"lazy\" decoding=\"async\" width=\"1020\" height=\"463\" src=\"https:\/\/aluminiosiluro.com\/wp-content\/uploads\/2020\/12\/carpinter\u00eda-de-pvc-rehau.jpg\" class=\"attachment-large size-large\" alt=\"\" srcset=\"https:\/\/aluminiosiluro.com\/wp-content\/uploads\/2020\/12\/carpinter\u00eda-de-pvc-rehau.jpg 1024w, https:\/\/aluminiosiluro.com\/wp-content\/uploads\/2020\/12\/carpinter\u00eda-de-pvc-rehau-800x363.jpg 800w, https:\/\/aluminiosiluro.com\/wp-content\/uploads\/2020\/12\/carpinter\u00eda-de-pvc-rehau-768x349.jpg 768w\" sizes=\"auto, (max-width: 1020px) 100vw, 1020px\" \/>\t\t\t\t\t\t\n\t\t\t\t\t<\/div>\n\t\t\t\t\t\t\t\t\n<style>\n#image_2103921795 {\n  width: 100%;\n}\n<\/style>\n\t<\/div>\n\t\n\n\n\t\t<\/div>\n\t\t\t\t\t<\/div>\n\n\t\n\n<\/div>\n\n\t\t<\/div>\n\n\t\t\n<style>\n#section_1441286085 {\n  padding-top: 0px;\n  padding-bottom: 0px;\n  background-color: rgba(51, 50, 50, 0.16);\n}\n#section_1441286085 .section-bg-overlay {\n  background-color: rgba(255, 255, 255, 0.85);\n}\n<\/style>\n\t<\/section>\n\t\n\n\t<section class=\"section\" id=\"section_544511021\">\n\t\t<div class=\"section-bg fill\" >\n\t\t\t\t\t\t\t\t\t<div class=\"section-bg-overlay absolute fill\"><\/div>\n\t\t\t\n\n\t\t<\/div>\n\n\t\t\n\n\t\t<div class=\"section-content relative\">\n\t\t\t\n\n<div class=\"container section-title-container\" style=\"margin-top:20px;margin-bottom:20px;\"><h3 class=\"section-title section-title-normal\"><b aria-hidden=\"true\"><\/b><span class=\"section-title-main\" style=\"font-size:142%;\">Zones on treballem<\/span><b aria-hidden=\"true\"><\/b><\/h3><\/div>\n\n<div class=\"row\"  id=\"row-1760696589\">\n\n\n\t<div id=\"col-829470368\" class=\"col small-12 large-12\"  >\n\t\t\t\t<div class=\"col-inner\"  >\n\t\t\t\n\t\t\t\n\n<div class=\"accordion\">\n\n\t<div id=\"accordion-1481157160\" class=\"accordion-item\">\n\t\t<a id=\"accordion-1481157160-label\" class=\"accordion-title plain active\" href=\"#accordion-item-barcelon\u00e9s\" aria-expanded=\"true\" aria-controls=\"accordion-1481157160-content\">\n\t\t\t<button class=\"toggle\" aria-label=\"Toggle\"><i class=\"icon-angle-down\" aria-hidden=\"true\"><\/i><\/button>\n\t\t\t<span>Barcelon\u00e9s<\/span>\n\t\t<\/a>\n\t\t<div id=\"accordion-1481157160-content\" class=\"accordion-inner\" style=\"display: block;\" aria-labelledby=\"accordion-1481157160-label\">\n\t\t\t\n\n<p><span style=\"font-size: 105%;\">Barcelona, Badalona, Hospitalet de Llobregat, Santa Coloma de Gramenet, Sant Adri\u00e0 de Bes\u00f2s<\/span><\/p>\n\n\t\t<\/div>\n\t<\/div>\n\t\n\t<div id=\"accordion-3156717974\" class=\"accordion-item\">\n\t\t<a id=\"accordion-3156717974-label\" class=\"accordion-title plain\" href=\"#accordion-item-maresme\" aria-expanded=\"false\" aria-controls=\"accordion-3156717974-content\">\n\t\t\t<button class=\"toggle\" aria-label=\"Toggle\"><i class=\"icon-angle-down\" aria-hidden=\"true\"><\/i><\/button>\n\t\t\t<span>Maresme<\/span>\n\t\t<\/a>\n\t\t<div id=\"accordion-3156717974-content\" class=\"accordion-inner\" aria-labelledby=\"accordion-3156717974-label\">\n\t\t\t\n\n<p><span style=\"font-size: 105%;\">Alella, Arenys de Mar, Arenys de Munt, Argentona, Cabrera de Mar, Cabrils, Caldes d&#8217;Estrac, Calella, Canet de Mar, Dosrius, el Masnou, Malgrat de Mar, Matar\u00f3, Montgat, \u00d2rrius, Palafolls, Pineda de Mar, Premi\u00e0 de Dalt, Premi\u00e0 de Mar, Sant Andreu de Llavaneres, Sant Cebri\u00e0 de Vallalta, Sant Iscle de Vallalta, Sant Pol de Mar, Sant Vicen\u00e7 de Montalt, Santa Susanna, Tei\u00e0, Tiana, Tordera, Vilassar de Dalt, Vilassar de Mar<\/span><\/p>\n\n\t\t<\/div>\n\t<\/div>\n\t\n\t<div id=\"accordion-285495952\" class=\"accordion-item\">\n\t\t<a id=\"accordion-285495952-label\" class=\"accordion-title plain\" href=\"#accordion-item-vall\u00e9s-occidental\" aria-expanded=\"false\" aria-controls=\"accordion-285495952-content\">\n\t\t\t<button class=\"toggle\" aria-label=\"Toggle\"><i class=\"icon-angle-down\" aria-hidden=\"true\"><\/i><\/button>\n\t\t\t<span>Vall\u00e9s occidental<\/span>\n\t\t<\/a>\n\t\t<div id=\"accordion-285495952-content\" class=\"accordion-inner\" aria-labelledby=\"accordion-285495952-label\">\n\t\t\t\n\n<p><span style=\"font-size: 105%;\">Badia del Vall\u00e8s, Barber\u00e0 del Vall\u00e8s, Castellar del Vall\u00e8s, Castellbisbal, Cerdanyola del Vall\u00e8s, Gallifa, Matadepera, Montcada i Reixac, Palau-solit\u00e0 i Plegamans, Poliny\u00e0, Rellinars, Ripollet, Rub\u00ed, Sabadell, Sant Cugat del Vall\u00e8s, Sant Lloren\u00e7 Savall, Sant Quirze del Vall\u00e8s, Santa Perp\u00e8tua de Mogoda, Sentmenat, Terrassa, Ullastrell, Vacarisses, Viladecavalls<\/span><\/p>\n\n\t\t<\/div>\n\t<\/div>\n\t\n\t<div id=\"accordion-1455983048\" class=\"accordion-item\">\n\t\t<a id=\"accordion-1455983048-label\" class=\"accordion-title plain\" href=\"#accordion-item-vall\u00e9s-oriental\" aria-expanded=\"false\" aria-controls=\"accordion-1455983048-content\">\n\t\t\t<button class=\"toggle\" aria-label=\"Toggle\"><i class=\"icon-angle-down\" aria-hidden=\"true\"><\/i><\/button>\n\t\t\t<span>Vall\u00e9s oriental<\/span>\n\t\t<\/a>\n\t\t<div id=\"accordion-1455983048-content\" class=\"accordion-inner\" aria-labelledby=\"accordion-1455983048-label\">\n\t\t\t\n\n<p><span style=\"font-size: 105%;\">Aiguafreda, Bigues i Riells, Caldes de Montbui, Campins, Canovelles, C\u00e0noves i Samal\u00fas, Cardedeu, El Figuer\u00f3 i Montmany, Fogars de Montcl\u00fas, Granollers, Gualba, L&#8217;Ametlla del Vall\u00e8s, La Garriga, La Llagosta, La Roca del Vall\u00e8s, Les Franqueses del Vall\u00e8s, Lli\u00e7\u00e0 d&#8217;Amunt, Lli\u00e7\u00e0 de Vall, Llinars del Vall\u00e8s, Martorelles, Mollet del Vall\u00e8s, Montmel\u00f3, Montorn\u00e8s del Vall\u00e8s, Montseny, Parets del Vall\u00e8s, Sant Antoni de Vilamajor, Sant Celoni, Sant Esteve de Palautordera, Sant Feliu de Codines, Sant Fost de Campsentelles, Sant Pere de Vilamajor, Santa Eul\u00e0lia de Ron\u00e7ana, Santa Maria de Martorelles, Santa Maria de Palautordera, Tagamanent, Vallgorguina, Vallromanes, Vilalba Sasserra, Vilanova del Vall\u00e8s<\/span><\/p>\n\n\t\t<\/div>\n\t<\/div>\n\t\n\n<\/div>\n\n\t\t<\/div>\n\t\t\t\t\t<\/div>\n\n\t\n\n<\/div>\n\n\t\t<\/div>\n\n\t\t\n<style>\n#section_544511021 {\n  padding-top: 0px;\n  padding-bottom: 0px;\n}\n#section_544511021 .section-bg-overlay {\n  background-color: rgba(255, 255, 255, 0.85);\n}\n<\/style>\n\t<\/section>\n\t\n\n\t<section class=\"section\" id=\"section_1017366273\">\n\t\t<div class=\"section-bg fill\" >\n\t\t\t\t\t\t\t\t\t<div class=\"section-bg-overlay absolute fill\"><\/div>\n\t\t\t\n\t<div class=\"is-border\"\n\t\tstyle=\"border-width:0px 0px 0px 0px;\">\n\t<\/div>\n\n\t\t<\/div>\n\n\t\t\n\n\t\t<div class=\"section-content relative\">\n\t\t\t\n\n<div class=\"row\"  id=\"row-107204523\">\n\n\n\t<div id=\"col-1601692495\" class=\"col small-12 large-12\"  >\n\t\t\t\t<div class=\"col-inner\"  >\n\t\t\t\n\t\t\t\n\n<div class=\"container section-title-container\" style=\"margin-top:20px;margin-bottom:20px;\"><h3 class=\"section-title section-title-normal\"><b aria-hidden=\"true\"><\/b><span class=\"section-title-main\" style=\"font-size:142%;\">Per qu\u00e8 nosaltres?<\/span><b aria-hidden=\"true\"><\/b><\/h3><\/div>\n\n<div class=\"row\"  id=\"row-1200978204\">\n\n\n\t<div id=\"col-783866290\" class=\"col Letra_grande medium-6 small-12 large-6\"  >\n\t\t\t\t<div class=\"col-inner\"  >\n\t\t\t\n\t\t\t\n\n\n\t\t<div class=\"icon-box featured-box icon-box-top text-left\"  >\n\t\t\t\t<div class=\"icon-box-text last-reset\">\n\t\t\t\t\t\t\t\t\t\n\n<h3>Experi\u00e8ncia<\/h3>\n<p><span style=\"font-size: 105%;\"><strong>Aluminios Iluro<\/strong>&nbsp;va n\u00e9ixer l\u2019any 1989 de la m\u00e0 del seu jove fundador David Garc\u00eda, \u00e0vid per donar al mercat la millor qualitat i servei. La seva const\u00e0ncia i afany de superaci\u00f3 ha posicionat a Aluminios Iluro com una empresa capdavantera&nbsp; en el sector, tant pel que fa als productes que desenvolupem com a la tecnologia utilitzada en el proc\u00e9s de fabricaci\u00f3 i instal.laci\u00f3 dels nostres tancaments met\u00e0l.lics.<\/span><\/p>\n\n\t\t<\/div>\n\t<\/div>\n\t\n\t\n\n\t\t<\/div>\n\t\t\t\t\t<\/div>\n\n\t\n\n\t<div id=\"col-2017371102\" class=\"col Letra_grande medium-6 small-12 large-6\"  >\n\t\t\t\t<div class=\"col-inner\"  >\n\t\t\t\n\t\t\t\n\n<h3>La qualitat del producte<\/h3>\n<p><span style=\"font-size: 105%;\"><strong>Aluminios Iluro<\/strong>&nbsp;s\u00ed ofereix la qualitat als seus clients. Perqu\u00e8 la qualitat no \u00e9s simplement treballar amb bons materials.<\/span><\/p>\n<p><span style=\"font-size: 105%;\">La qualitat \u00e9s la suma de molts factors.<\/span><\/p>\n\n\t\t<\/div>\n\t\t\t\t\n<style>\n#col-2017371102 > .col-inner {\n  margin: 0px 0px -20px 0px;\n}\n<\/style>\n\t<\/div>\n\n\t\n\n<\/div>\n<div class=\"row\"  id=\"row-710264928\">\n\n\n\t<div id=\"col-1260816883\" class=\"col Letra_grande medium-6 small-12 large-6\"  >\n\t\t\t\t<div class=\"col-inner\"  >\n\t\t\t\n\t\t\t\n\n<h3>Serietat<\/h3>\n<p><span style=\"font-size: 105%;\">l\u2019ambici\u00f3 d\u2019&nbsp;<strong>Aluminios Iluro<\/strong>&nbsp;\u00e9s oferir als seus clients un servei immillorable sense sorpreses,complint sempre all\u00f2 pactat.<\/span><\/p>\n\n\t\t<\/div>\n\t\t\t\t\n<style>\n#col-1260816883 > .col-inner {\n  margin: 0px 0px -20px 0px;\n}\n<\/style>\n\t<\/div>\n\n\t\n\n\t<div id=\"col-1898043644\" class=\"col Letra_grande medium-6 small-12 large-6\"  >\n\t\t\t\t<div class=\"col-inner\"  >\n\t\t\t\n\t\t\t\n\n<h3>Professionalitat<\/h3>\n<p><span style=\"font-size: 105%;\">En cadascun dels seus departaments,<strong>&nbsp;Aluminios Iluro<\/strong>&nbsp;compta amb un gran equip hum\u00e0. Les seves instal.lacions s\u00f3n, avui dia, un referent en el sector.<\/span><\/p>\n\n\t\t<\/div>\n\t\t\t\t\n<style>\n#col-1898043644 > .col-inner {\n  margin: 0px 0px -20px 0px;\n}\n<\/style>\n\t<\/div>\n\n\t\n\n<\/div>\n<div class=\"row\"  id=\"row-662899395\">\n\n\n\t<div id=\"col-1303201567\" class=\"col Letra_grande medium-6 small-12 large-6\"  >\n\t\t\t\t<div class=\"col-inner\"  >\n\t\t\t\n\t\t\t\n\n<h3>Tracte<\/h3>\n<p><span style=\"font-size: 105%;\">El client de seguida nota la difer\u00e8ncia en el tracte d\u2019immediatesa, en la relaci\u00f3 amb l\u2019equip comercial i en la confian\u00e7a de comptar amb un absolut seguiment del projecte.<\/span><\/p>\n\n\t\t<\/div>\n\t\t\t\t\n<style>\n#col-1303201567 > .col-inner {\n  margin: 0px 0px -20px 0px;\n}\n<\/style>\n\t<\/div>\n\n\t\n\n\t<div id=\"col-880856255\" class=\"col Letra_grande medium-6 small-12 large-6\"  >\n\t\t\t\t<div class=\"col-inner\"  >\n\t\t\t\n\t\t\t\n\n<h3>El preu<\/h3>\n<p><span style=\"font-size: 105%;\"><strong>Aluminios Iluro<\/strong>&nbsp;t\u00e9 una relaci\u00f3 qualitat\/preu sense compet\u00e8ncia. I, a m\u00e9s a m\u00e9s,&nbsp;<span style=\"background-color: #ffff00;\">financem fins a 12 mesos sense interesso<\/span><\/span><\/p>\n\n\t\t<\/div>\n\t\t\t\t\t<\/div>\n\n\t\n\n<\/div>\n\n\t\t<\/div>\n\t\t\t\t\n<style>\n#col-1601692495 > .col-inner {\n  padding: 0px 0px 0px 0px;\n  margin: 0px 0px -10px 0px;\n}\n@media (min-width:550px) {\n  #col-1601692495 > .col-inner {\n    margin: 0px 0px -px 0px;\n  }\n}\n<\/style>\n\t<\/div>\n\n\t\n\n\n<style>\n#row-107204523 > .col > .col-inner {\n  padding: 0px 0px 0px 0px;\n}\n<\/style>\n<\/div>\n\n\t\t<\/div>\n\n\t\t\n<style>\n#section_1017366273 {\n  padding-top: 0px;\n  padding-bottom: 0px;\n  min-height: 0px;\n  background-color: rgba(51, 50, 50, 0.16);\n}\n#section_1017366273 .section-bg-overlay {\n  background-color: rgba(255, 255, 255, 0.85);\n}\n@media (min-width:550px) {\n  #section_1017366273 {\n    padding-top: 30px;\n    padding-bottom: 30px;\n  }\n}\n<\/style>\n\t<\/section>\n\t\n\n\t<section class=\"section\" id=\"section_275397529\">\n\t\t<div class=\"section-bg fill\" >\n\t\t\t\t\t\t\t\t\t\n\t\t\t\n\t<div class=\"is-border\"\n\t\tstyle=\"border-width:1px 0px 1px 0px;\">\n\t<\/div>\n\n\t\t<\/div>\n\n\t\t\n\n\t\t<div class=\"section-content relative\">\n\t\t\t\n\n<div class=\"row align-equal\"  id=\"row-1473241587\">\n\n\n\t<div id=\"col-441831479\" class=\"col small-12 large-12\"  >\n\t\t\t\t<div class=\"col-inner\"  >\n\t\t\t\n\t<div class=\"is-border\"\n\t\tstyle=\"border-width:0px 0px 0px 0px;\">\n\t<\/div>\n\t\t\t\n\n<div class=\"container section-title-container\" ><h3 class=\"section-title section-title-normal\"><b aria-hidden=\"true\"><\/b><span class=\"section-title-main\" >\u00daltimes opinions de clients i col\u00b7laboradors<\/span><b aria-hidden=\"true\"><\/b><\/h3><\/div>\n\n\n\n\n<div class=\"trustindex-widget\" data-id=\"02332304769c8907af665f6e81b\"><\/div>\n<script defer async src=\"https:\/\/cdn.trustindex.io\/loader.js?02332304769c8907af665f6e81b\"><\/script>\n\n\n\t\t<\/div>\n\t\t\t\t\n<style>\n#col-441831479 > .col-inner {\n  margin: 40px 0px 0px 0px;\n}\n<\/style>\n\t<\/div>\n\n\t\n\n<\/div>\n<div class=\"row\"  id=\"row-2108514857\">\n\n\n\t<div id=\"col-1670931389\" class=\"col small-12 large-12\"  >\n\t\t\t\t<div class=\"col-inner text-center\"  >\n\t\t\t\n\t\t\t\n\n<a href=\"https:\/\/aluminiosiluro.com\/ca\/testimonis\/\" class=\"button primary\" >\n\t\t<span>Veure\u2019n m\u00e9s<\/span>\n\t<\/a>\n\n\n\n\t\t<\/div>\n\t\t\t\t\t<\/div>\n\n\t\n\n<\/div>\n\n\t\t<\/div>\n\n\t\t\n<style>\n#section_275397529 {\n  padding-top: 0px;\n  padding-bottom: 0px;\n  min-height: 276px;\n  background-color: rgb(241, 241, 241);\n}\n@media (min-width:550px) {\n  #section_275397529 {\n    padding-top: 43px;\n    padding-bottom: 43px;\n  }\n}\n<\/style>\n\t<\/section>\n\t\n\n\t<section class=\"section\" id=\"section_1372560021\">\n\t\t<div class=\"section-bg fill\" >\n\t\t\t\t\t\t\t\t\t<div class=\"section-bg-overlay absolute fill\"><\/div>\n\t\t\t\n\n\t\t<\/div>\n\n\t\t\n\n\t\t<div class=\"section-content relative\">\n\t\t\t\n\n<div class=\"container section-title-container\" style=\"margin-top:20px;margin-bottom:20px;\"><h3 class=\"section-title section-title-normal\"><b aria-hidden=\"true\"><\/b><span class=\"section-title-main\" style=\"font-size:142%;\">Contacta amb nosaltres<\/span><b aria-hidden=\"true\"><\/b><\/h3><\/div>\n\n<div class=\"row\"  id=\"row-881760618\">\n\n\n\t<div id=\"col-120345018\" class=\"col small-12 large-12\"  >\n\t\t\t\t<div class=\"col-inner\"  >\n\t\t\t\n\t\t\t\n\n\n<div class=\"wpcf7 no-js\" id=\"wpcf7-f2321-o1\" lang=\"en-US\" dir=\"ltr\" data-wpcf7-id=\"2321\">\n<div class=\"screen-reader-response\"><p role=\"status\" aria-live=\"polite\" aria-atomic=\"true\"><\/p> <ul><\/ul><\/div>\n<form action=\"\/ca\/wp-json\/wp\/v2\/pages\/1502#wpcf7-f2321-o1\" method=\"post\" class=\"wpcf7-form init\" aria-label=\"Contact form\" novalidate=\"novalidate\" data-status=\"init\">\n<fieldset class=\"hidden-fields-container\"><input type=\"hidden\" name=\"_wpcf7\" value=\"2321\" \/><input type=\"hidden\" name=\"_wpcf7_version\" value=\"6.1.4\" \/><input type=\"hidden\" name=\"_wpcf7_locale\" value=\"en_US\" \/><input type=\"hidden\" name=\"_wpcf7_unit_tag\" value=\"wpcf7-f2321-o1\" \/><input type=\"hidden\" name=\"_wpcf7_container_post\" value=\"0\" \/><input type=\"hidden\" name=\"_wpcf7_posted_data_hash\" value=\"\" \/><input type=\"hidden\" name=\"_wpcf7_recaptcha_response\" value=\"\" \/>\n<\/fieldset>\n<p><label>Nom i cognoms*<\/label><br \/>\n<span class=\"wpcf7-form-control-wrap\" data-name=\"your-name\"><input size=\"40\" maxlength=\"400\" class=\"wpcf7-form-control wpcf7-text wpcf7-validates-as-required\" aria-required=\"true\" aria-invalid=\"false\" value=\"\" type=\"text\" name=\"your-name\" \/><\/span>\n<\/p>\n<p><label>Ciutat*<\/label><br \/>\n<span class=\"wpcf7-form-control-wrap\" data-name=\"ciutat\"><input size=\"40\" maxlength=\"400\" class=\"wpcf7-form-control wpcf7-text wpcf7-validates-as-required\" aria-required=\"true\" aria-invalid=\"false\" value=\"\" type=\"text\" name=\"ciutat\" \/><\/span>\n<\/p>\n<p><label>Empresa<span class=\"wpcf7-form-control-wrap\" data-name=\"text-989\"><input size=\"40\" maxlength=\"400\" class=\"wpcf7-form-control wpcf7-text\" aria-invalid=\"false\" value=\"\" type=\"text\" name=\"text-989\" \/><\/span><\/label>\n<\/p>\n<p><label>Tel\u00e8fon*<span class=\"wpcf7-form-control-wrap\" data-name=\"tel-581\"><input size=\"40\" maxlength=\"400\" class=\"wpcf7-form-control wpcf7-tel wpcf7-validates-as-required wpcf7-text wpcf7-validates-as-tel\" aria-required=\"true\" aria-invalid=\"false\" value=\"\" type=\"tel\" name=\"tel-581\" \/><\/span><\/label>\n<\/p>\n<p><label>Correu electr\u00f2nic*<\/label><br \/>\n<span class=\"wpcf7-form-control-wrap\" data-name=\"your-email\"><input size=\"40\" maxlength=\"400\" class=\"wpcf7-form-control wpcf7-email wpcf7-validates-as-required wpcf7-text wpcf7-validates-as-email\" aria-required=\"true\" aria-invalid=\"false\" value=\"\" type=\"email\" name=\"your-email\" \/><\/span>\n<\/p>\n<p><label>Consulta*<\/label><br \/>\n<span class=\"wpcf7-form-control-wrap\" data-name=\"your-message\"><textarea cols=\"40\" rows=\"10\" maxlength=\"2000\" class=\"wpcf7-form-control wpcf7-textarea wpcf7-validates-as-required\" aria-required=\"true\" aria-invalid=\"false\" name=\"your-message\"><\/textarea><\/span>\n<\/p>\n<p><span class=\"wpcf7-form-control-wrap\" data-name=\"acceptance-660\"><span class=\"wpcf7-form-control wpcf7-acceptance\"><span class=\"wpcf7-list-item\"><label><input type=\"checkbox\" name=\"acceptance-660\" value=\"1\" aria-invalid=\"false\" \/><span class=\"wpcf7-list-item-label\">He llegit i accepto la <a href=\"https:\/\/aluminiosiluro.com\/ca\/politica-de-privacidad\/\" target=\"_blank\">pol\u00edtica de privacitat.<\/span><\/label><\/span><\/span><\/span>\n<\/p>\n<p><input class=\"wpcf7-form-control wpcf7-submit has-spinner button\" type=\"submit\" value=\"Enviar\" \/>\n<\/p><p style=\"display: none !important;\" class=\"akismet-fields-container\" data-prefix=\"_wpcf7_ak_\"><label>&#916;<textarea name=\"_wpcf7_ak_hp_textarea\" cols=\"45\" rows=\"8\" maxlength=\"100\"><\/textarea><\/label><input type=\"hidden\" id=\"ak_js_1\" name=\"_wpcf7_ak_js\" value=\"67\"\/><script>document.getElementById( \"ak_js_1\" ).setAttribute( \"value\", ( new Date() ).getTime() );<\/script><\/p><div class=\"wpcf7-response-output\" aria-hidden=\"true\"><\/div>\n<\/form>\n<\/div>\n\n\n\n\t\t<\/div>\n\t\t\t\t\t<\/div>\n\n\t\n\n<\/div>\n\n\t\t<\/div>\n\n\t\t\n<style>\n#section_1372560021 {\n  padding-top: 0px;\n  padding-bottom: 0px;\n}\n#section_1372560021 .section-bg-overlay {\n  background-color: rgba(255, 255, 255, 0.85);\n}\n<\/style>\n\t<\/section>\n\t\n<div class=\"message-box relative dark\" style=\"padding-top:36px;padding-bottom:36px;\"><div class=\"message-box-bg-image bg-fill fill\" ><\/div><div class=\"message-box-bg-overlay bg-fill fill\" style=\"background-color:rgb(74, 74, 74);\"><\/div><div class=\"container relative\"><div class=\"inner last-reset\">\n\n<div class=\"row align-middle\"  id=\"row-746763931\">\n\n\n\t<div id=\"col-854571091\" class=\"col medium-7 small-12 large-7\"  >\n\t\t\t\t<div class=\"col-inner\"  >\n\t\t\t\n\t\t\t\n\n<h2><span style=\"font-size: 105%;\">Aluminis Lluro la millor garantia al seu servei<\/span><\/h2>\n<p><span style=\"font-size: 105%;\">Oferim als nostres clients un servei immillorable complint sempre el que s\u2019ha pactat<\/span><\/p>\n\n\t\t<\/div>\n\t\t\t\t\n<style>\n#col-854571091 > .col-inner {\n  margin: 0px 0px 15px 0px;\n}\n<\/style>\n\t<\/div>\n\n\t\n\n\t<div id=\"col-1114012138\" class=\"col medium-5 small-12 large-5\"  >\n\t\t\t\t<div class=\"col-inner text-right\"  >\n\t\t\t\n\t\t\t\n\n<a data-animate=\"flipInY\" href=\"https:\/\/aluminiosiluro.com\/ca\/sollicitud-de-pressupost\/\" class=\"button white is-outline is-large boton_compromiso\" >\n\t\t<span>pressupost sense comprom\u00eds<\/span>\n\t<\/a>\n\n\n\n\t\t<\/div>\n\t\t\t\t\t<\/div>\n\n\t\n\n\n<style>\n#row-746763931 > .col > .col-inner {\n  padding: 0px 0px 0px 0px;\n}\n<\/style>\n<\/div>\n\n<\/div><\/div><\/div>\n\n","protected":false},"excerpt":{"rendered":"","protected":false},"author":1,"featured_media":0,"parent":0,"menu_order":0,"comment_status":"closed","ping_status":"closed","template":"page-blank.php","meta":{"ngg_post_thumbnail":0,"footnotes":""},"class_list":["post-1502","page","type-page","status-publish","hentry"],"_links":{"self":[{"href":"https:\/\/aluminiosiluro.com\/ca\/wp-json\/wp\/v2\/pages\/1502","targetHints":{"allow":["GET"]}}],"collection":[{"href":"https:\/\/aluminiosiluro.com\/ca\/wp-json\/wp\/v2\/pages"}],"about":[{"href":"https:\/\/aluminiosiluro.com\/ca\/wp-json\/wp\/v2\/types\/page"}],"author":[{"embeddable":true,"href":"https:\/\/aluminiosiluro.com\/ca\/wp-json\/wp\/v2\/users\/1"}],"replies":[{"embeddable":true,"href":"https:\/\/aluminiosiluro.com\/ca\/wp-json\/wp\/v2\/comments?post=1502"}],"version-history":[{"count":32,"href":"https:\/\/aluminiosiluro.com\/ca\/wp-json\/wp\/v2\/pages\/1502\/revisions"}],"predecessor-version":[{"id":4624,"href":"https:\/\/aluminiosiluro.com\/ca\/wp-json\/wp\/v2\/pages\/1502\/revisions\/4624"}],"wp:attachment":[{"href":"https:\/\/aluminiosiluro.com\/ca\/wp-json\/wp\/v2\/media?parent=1502"}],"curies":[{"name":"wp","href":"https:\/\/api.w.org\/{rel}","templated":true}]}}