{"id":1536,"date":"2021-01-18T00:33:04","date_gmt":"2021-01-17T23:33:04","guid":{"rendered":"https:\/\/aluminiosiluro.com\/?page_id=1536"},"modified":"2026-03-09T12:07:44","modified_gmt":"2026-03-09T11:07:44","slug":"cortina-de-vidre","status":"publish","type":"page","link":"https:\/\/aluminiosiluro.com\/ca\/cortina-de-vidre\/","title":{"rendered":"Cortina de vidre"},"content":{"rendered":"\n\n\t<section class=\"section\" id=\"section_1586742999\">\n\t\t<div class=\"section-bg fill\" >\n\t\t\t\t\t\t\t\t\t<div class=\"section-bg-overlay absolute fill\"><\/div>\n\t\t\t\n\n\t\t<\/div>\n\n\t\t\n\n\t\t<div class=\"section-content relative\">\n\t\t\t\n\n<div class=\"container section-title-container Letra_peque\u00f1a\" style=\"margin-top:20px;margin-bottom:20px;\"><h1 class=\"section-title section-title-center\"><b aria-hidden=\"true\"><\/b><span class=\"section-title-main\" style=\"font-size:128%;\">Cortina de vidre<\/span><b aria-hidden=\"true\"><\/b><\/h1><\/div>\n\n<div class=\"row row-large align-middle\"  id=\"row-1120381414\">\n\n\n\t<div id=\"col-1950660902\" class=\"col small-12 large-12\"  >\n\t\t\t\t<div class=\"col-inner text-left\"  >\n\t\t\t\n\t\t\t\n\n<h3><span style=\"font-size: 105%;\">Descobreix les infinites possibilitats de la cortina m\u00e9s vers\u00e0til i panor\u00e0mica del mercat<\/span><\/h3>\n<p><span style=\"font-size: 105%;\">Les opcions de configuraci\u00f3 de la Cortina de Vidre s\u00f3n pr\u00e0cticament il.limitades: tanques a diferents al\u00e7ades, amb angles, amb opci\u00f3 de guia inferior encastada\u2026.<\/span><br \/><span style=\"font-size: 105%;\">Mesures, vidres, acabats i colors es complementen ajustant-se a tots els gustos i necessitats de la vivenda o negoci.<\/span><\/p>\n<p><span style=\"font-size: 105%;\">Aluminios Iluro aposta per tancaments que manquen de perfils verticals que ens permeten gaudir d&#8217;un espai extra i millorar la visibilitat.Les cortines de vidre s\u00f3 la forma m\u00e9s elegant i pr\u00e0ctica de tancar una terrassa, porxo o balc\u00f3 amb una visi\u00f3 immillorable<\/span><\/p>\n<p><span style=\"font-size: 105%;\">Especialment resistent a forts vents i condicions climatol\u00f2giques adverses. L&#8217;elecci\u00f3 dep\u00e8n sempre del nivell de seguretat requerit i de la direcci\u00f3 d&#8217;obertura de les fulles.<\/span><\/p>\n<p><strong><span style=\"font-size: 105%;\">Deixa&#8217;t assessorar pels nostres experts.<\/span><\/strong><\/p>\n\n\t\t<\/div>\n\t\t\t\t\n<style>\n#col-1950660902 > .col-inner {\n  padding: 20px 0px 0px 0px;\n  margin: 0px 0px -10px 0px;\n}\n@media (min-width:550px) {\n  #col-1950660902 > .col-inner {\n    margin: 0px 0px 0px 0;\n  }\n}\n<\/style>\n\t<\/div>\n\n\t\n\n\n<style>\n#row-1120381414 > .col > .col-inner {\n  padding: 0px 0px 0px 0px;\n}\n<\/style>\n<\/div>\n\n\t\t<\/div>\n\n\t\t\n<style>\n#section_1586742999 {\n  padding-top: 0px;\n  padding-bottom: 0px;\n  background-color: rgb(255, 255, 255);\n}\n#section_1586742999 .section-bg-overlay {\n  background-color: rgba(255, 255, 255, 0.85);\n}\n<\/style>\n\t<\/section>\n\t\n\n\t<section class=\"section\" id=\"section_1197402618\">\n\t\t<div class=\"section-bg fill\" >\n\t\t\t\t\t\t\t\t\t<div class=\"section-bg-overlay absolute fill\"><\/div>\n\t\t\t\n\n\t\t<\/div>\n\n\t\t\n\n\t\t<div class=\"section-content relative\">\n\t\t\t\n\n<div class=\"container section-title-container\" style=\"margin-top:20px;margin-bottom:20px;\"><h3 class=\"section-title section-title-normal\"><b aria-hidden=\"true\"><\/b><span class=\"section-title-main\" style=\"font-size:142%;\">La nostra marca<\/span><b aria-hidden=\"true\"><\/b><\/h3><\/div>\n\n<div class=\"row\"  id=\"row-1724696086\">\n\n\n\t<div id=\"col-2060844495\" class=\"col small-12 large-12\"  >\n\t\t\t\t<div class=\"col-inner\"  >\n\t\t\t\n\t\t\t\n\n<div class=\"row\"  id=\"row-285576577\">\n\n\n\t<div id=\"col-1108764903\" class=\"col small-12 large-12\"  >\n\t\t\t\t<div class=\"col-inner\"  >\n\t\t\t\n\t\t\t\n\n<p><span style=\"font-size: 105%;\"><strong>ACRISTALIA<\/strong><\/span><\/p>\n<p><span style=\"font-size: 105%;\">Som especialistes en el disseny, fabricaci\u00f3 i distribuci\u00f3 de tancaments envidrats eficients que ofereixen les millors prestacions. Oferint la millor resposta al client, hem anat sumant valuoses experi\u00e8ncies que ens ha portat a convertir-nos en l\u00edders a Espanya i amb una gran pres\u00e8ncia internacional.<\/span><\/p>\n<p><span style=\"font-size: 105%;\">Acristalia \u00e9s garantia de comprom\u00eds: amb el nostre equip i la seva seguretat, perqu\u00e8 \u00e9s el que ens fa realment forts. Amb els nostres clients, oferint un servei de qualitat; i amb el medi ambient, per aix\u00f2 comptem amb acords de cooperaci\u00f3 per a la recollida de residus s\u00f2lids. Cuidem la visi\u00f3 panor\u00e0mica, cuidem el nostre entorn.<\/span><\/p>\n<p><span style=\"font-size: 105%;\">Fabricaci\u00f3 pr\u00f2pia, exhaustius controls de qualitat i atenci\u00f3 personalitzada al client.<\/span><\/p>\n<p><span style=\"font-size: 105%;\">Veure m\u00e9s informaci\u00f3 sobre <a href=\"https:\/\/aluminiosiluro.com\/ca\/acristalia\/\">Acristalia<\/a>&nbsp;<\/span><\/p>\n<div class=\"slider-wrapper relative\" id=\"slider-835683994\" >\n    <div class=\"slider slider-nav-circle slider-nav-large slider-nav-light slider-style-normal\"\n        data-flickity-options='{\n            \"cellAlign\": \"center\",\n            \"imagesLoaded\": true,\n            \"lazyLoad\": 1,\n            \"freeScroll\": false,\n            \"wrapAround\": true,\n            \"autoPlay\": 6000,\n            \"pauseAutoPlayOnHover\" : true,\n            \"prevNextButtons\": true,\n            \"contain\" : true,\n            \"adaptiveHeight\" : true,\n            \"dragThreshold\" : 10,\n            \"percentPosition\": true,\n            \"pageDots\": true,\n            \"rightToLeft\": false,\n            \"draggable\": true,\n            \"selectedAttraction\": 0.1,\n            \"parallax\" : 0,\n            \"friction\": 0.6        }'\n        >\n        \n\n\t<div class=\"img has-hover x md-x lg-x y md-y lg-y\" id=\"image_763562811\">\n\t\t\t\t\t\t\t\t<div class=\"img-inner dark\" >\n\t\t\t<img loading=\"lazy\" decoding=\"async\" width=\"841\" height=\"420\" src=\"https:\/\/aluminiosiluro.com\/wp-content\/uploads\/2020\/12\/acristalia-cortina-cristal-1.jpg\" class=\"attachment-large size-large\" alt=\"\" srcset=\"https:\/\/aluminiosiluro.com\/wp-content\/uploads\/2020\/12\/acristalia-cortina-cristal-1.jpg 841w, https:\/\/aluminiosiluro.com\/wp-content\/uploads\/2020\/12\/acristalia-cortina-cristal-1-800x400.jpg 800w, https:\/\/aluminiosiluro.com\/wp-content\/uploads\/2020\/12\/acristalia-cortina-cristal-1-768x384.jpg 768w\" sizes=\"auto, (max-width: 841px) 100vw, 841px\" \/>\t\t\t\t\t\t\n\t\t\t\t\t<\/div>\n\t\t\t\t\t\t\t\t\n<style>\n#image_763562811 {\n  width: 100%;\n}\n<\/style>\n\t<\/div>\n\t\n\n\t<div class=\"img has-hover x md-x lg-x y md-y lg-y\" id=\"image_1322239556\">\n\t\t\t\t\t\t\t\t<div class=\"img-inner dark\" >\n\t\t\t<img loading=\"lazy\" decoding=\"async\" width=\"841\" height=\"420\" src=\"https:\/\/aluminiosiluro.com\/wp-content\/uploads\/2020\/12\/acristalia-cortina-cristal-2.jpg\" class=\"attachment-large size-large\" alt=\"\" srcset=\"https:\/\/aluminiosiluro.com\/wp-content\/uploads\/2020\/12\/acristalia-cortina-cristal-2.jpg 841w, https:\/\/aluminiosiluro.com\/wp-content\/uploads\/2020\/12\/acristalia-cortina-cristal-2-800x400.jpg 800w, https:\/\/aluminiosiluro.com\/wp-content\/uploads\/2020\/12\/acristalia-cortina-cristal-2-768x384.jpg 768w\" sizes=\"auto, (max-width: 841px) 100vw, 841px\" \/>\t\t\t\t\t\t\n\t\t\t\t\t<\/div>\n\t\t\t\t\t\t\t\t\n<style>\n#image_1322239556 {\n  width: 100%;\n}\n<\/style>\n\t<\/div>\n\t\n\n\t<div class=\"img has-hover x md-x lg-x y md-y lg-y\" id=\"image_1150855530\">\n\t\t\t\t\t\t\t\t<div class=\"img-inner dark\" >\n\t\t\t<img loading=\"lazy\" decoding=\"async\" width=\"945\" height=\"420\" src=\"https:\/\/aluminiosiluro.com\/wp-content\/uploads\/2020\/12\/acristalia-cortina-cristal-y-techo-m\u00f3vil.jpg\" class=\"attachment-large size-large\" alt=\"\" srcset=\"https:\/\/aluminiosiluro.com\/wp-content\/uploads\/2020\/12\/acristalia-cortina-cristal-y-techo-m\u00f3vil.jpg 945w, https:\/\/aluminiosiluro.com\/wp-content\/uploads\/2020\/12\/acristalia-cortina-cristal-y-techo-m\u00f3vil-800x356.jpg 800w, https:\/\/aluminiosiluro.com\/wp-content\/uploads\/2020\/12\/acristalia-cortina-cristal-y-techo-m\u00f3vil-768x341.jpg 768w\" sizes=\"auto, (max-width: 945px) 100vw, 945px\" \/>\t\t\t\t\t\t\n\t\t\t\t\t<\/div>\n\t\t\t\t\t\t\t\t\n<style>\n#image_1150855530 {\n  width: 100%;\n}\n<\/style>\n\t<\/div>\n\t\n\n\n     <\/div>\n\n     <div class=\"loading-spin dark large centered\"><\/div>\n\n\t<\/div>\n\n\n\n\t\t<\/div>\n\t\t\t\t\t<\/div>\n\n\t\n\n<\/div>\n\n\t\t<\/div>\n\t\t\t\t\t<\/div>\n\n\t\n\n<\/div>\n\n\t\t<\/div>\n\n\t\t\n<style>\n#section_1197402618 {\n  padding-top: 0px;\n  padding-bottom: 0px;\n  background-color: rgba(51, 50, 50, 0.16);\n}\n#section_1197402618 .section-bg-overlay {\n  background-color: rgba(255, 255, 255, 0.85);\n}\n<\/style>\n\t<\/section>\n\t\n\n\t<section class=\"section\" id=\"section_864474286\">\n\t\t<div class=\"section-bg fill\" >\n\t\t\t\t\t\t\t\t\t<div class=\"section-bg-overlay absolute fill\"><\/div>\n\t\t\t\n\n\t\t<\/div>\n\n\t\t\n\n\t\t<div class=\"section-content relative\">\n\t\t\t\n\n<div class=\"container section-title-container\" style=\"margin-top:20px;margin-bottom:20px;\"><h3 class=\"section-title section-title-normal\"><b aria-hidden=\"true\"><\/b><span class=\"section-title-main\" style=\"font-size:142%;\">Zones on treballem<\/span><b aria-hidden=\"true\"><\/b><\/h3><\/div>\n\n<div class=\"row\"  id=\"row-649652683\">\n\n\n\t<div id=\"col-2025858946\" class=\"col small-12 large-12\"  >\n\t\t\t\t<div class=\"col-inner\"  >\n\t\t\t\n\t\t\t\n\n<div class=\"accordion\">\n\n\t<div id=\"accordion-3746236715\" class=\"accordion-item\">\n\t\t<a id=\"accordion-3746236715-label\" class=\"accordion-title plain active\" href=\"#accordion-item-barcelon\u00e9s\" aria-expanded=\"true\" aria-controls=\"accordion-3746236715-content\">\n\t\t\t<button class=\"toggle\" aria-label=\"Toggle\"><i class=\"icon-angle-down\" aria-hidden=\"true\"><\/i><\/button>\n\t\t\t<span>Barcelon\u00e9s<\/span>\n\t\t<\/a>\n\t\t<div id=\"accordion-3746236715-content\" class=\"accordion-inner\" style=\"display: block;\" aria-labelledby=\"accordion-3746236715-label\">\n\t\t\t\n\n<p><span style=\"font-size: 105%;\">Barcelona, Badalona, Hospitalet de Llobregat, Santa Coloma de Gramenet, Sant Adri\u00e0 de Bes\u00f2s<\/span><\/p>\n\n\t\t<\/div>\n\t<\/div>\n\t\n\t<div id=\"accordion-2008897730\" class=\"accordion-item\">\n\t\t<a id=\"accordion-2008897730-label\" class=\"accordion-title plain\" href=\"#accordion-item-maresme\" aria-expanded=\"false\" aria-controls=\"accordion-2008897730-content\">\n\t\t\t<button class=\"toggle\" aria-label=\"Toggle\"><i class=\"icon-angle-down\" aria-hidden=\"true\"><\/i><\/button>\n\t\t\t<span>Maresme<\/span>\n\t\t<\/a>\n\t\t<div id=\"accordion-2008897730-content\" class=\"accordion-inner\" aria-labelledby=\"accordion-2008897730-label\">\n\t\t\t\n\n<p><span style=\"font-size: 105%;\">Alella, Arenys de Mar, Arenys de Munt, Argentona, Cabrera de Mar, Cabrils, Caldes d&#8217;Estrac, Calella, Canet de Mar, Dosrius, el Masnou, Malgrat de Mar, Matar\u00f3, Montgat, \u00d2rrius, Palafolls, Pineda de Mar, Premi\u00e0 de Dalt, Premi\u00e0 de Mar, Sant Andreu de Llavaneres, Sant Cebri\u00e0 de Vallalta, Sant Iscle de Vallalta, Sant Pol de Mar, Sant Vicen\u00e7 de Montalt, Santa Susanna, Tei\u00e0, Tiana, Tordera, Vilassar de Dalt, Vilassar de Mar<\/span><\/p>\n\n\t\t<\/div>\n\t<\/div>\n\t\n\t<div id=\"accordion-4080567316\" class=\"accordion-item\">\n\t\t<a id=\"accordion-4080567316-label\" class=\"accordion-title plain\" href=\"#accordion-item-vall\u00e9s-occidental\" aria-expanded=\"false\" aria-controls=\"accordion-4080567316-content\">\n\t\t\t<button class=\"toggle\" aria-label=\"Toggle\"><i class=\"icon-angle-down\" aria-hidden=\"true\"><\/i><\/button>\n\t\t\t<span>Vall\u00e9s occidental<\/span>\n\t\t<\/a>\n\t\t<div id=\"accordion-4080567316-content\" class=\"accordion-inner\" aria-labelledby=\"accordion-4080567316-label\">\n\t\t\t\n\n<p><span style=\"font-size: 105%;\">Badia del Vall\u00e8s, Barber\u00e0 del Vall\u00e8s, Castellar del Vall\u00e8s, Castellbisbal, Cerdanyola del Vall\u00e8s, Gallifa, Matadepera, Montcada i Reixac, Palau-solit\u00e0 i Plegamans, Poliny\u00e0, Rellinars, Ripollet, Rub\u00ed, Sabadell, Sant Cugat del Vall\u00e8s, Sant Lloren\u00e7 Savall, Sant Quirze del Vall\u00e8s, Santa Perp\u00e8tua de Mogoda, Sentmenat, Terrassa, Ullastrell, Vacarisses, Viladecavalls<\/span><\/p>\n\n\t\t<\/div>\n\t<\/div>\n\t\n\t<div id=\"accordion-3316691919\" class=\"accordion-item\">\n\t\t<a id=\"accordion-3316691919-label\" class=\"accordion-title plain\" href=\"#accordion-item-vall\u00e9s-oriental\" aria-expanded=\"false\" aria-controls=\"accordion-3316691919-content\">\n\t\t\t<button class=\"toggle\" aria-label=\"Toggle\"><i class=\"icon-angle-down\" aria-hidden=\"true\"><\/i><\/button>\n\t\t\t<span>Vall\u00e9s oriental<\/span>\n\t\t<\/a>\n\t\t<div id=\"accordion-3316691919-content\" class=\"accordion-inner\" aria-labelledby=\"accordion-3316691919-label\">\n\t\t\t\n\n<p><span style=\"font-size: 105%;\">Aiguafreda, Bigues i Riells, Caldes de Montbui, Campins, Canovelles, C\u00e0noves i Samal\u00fas, Cardedeu, El Figuer\u00f3 i Montmany, Fogars de Montcl\u00fas, Granollers, Gualba, L&#8217;Ametlla del Vall\u00e8s, La Garriga, La Llagosta, La Roca del Vall\u00e8s, Les Franqueses del Vall\u00e8s, Lli\u00e7\u00e0 d&#8217;Amunt, Lli\u00e7\u00e0 de Vall, Llinars del Vall\u00e8s, Martorelles, Mollet del Vall\u00e8s, Montmel\u00f3, Montorn\u00e8s del Vall\u00e8s, Montseny, Parets del Vall\u00e8s, Sant Antoni de Vilamajor, Sant Celoni, Sant Esteve de Palautordera, Sant Feliu de Codines, Sant Fost de Campsentelles, Sant Pere de Vilamajor, Santa Eul\u00e0lia de Ron\u00e7ana, Santa Maria de Martorelles, Santa Maria de Palautordera, Tagamanent, Vallgorguina, Vallromanes, Vilalba Sasserra, Vilanova del Vall\u00e8s<\/span><\/p>\n\n\t\t<\/div>\n\t<\/div>\n\t\n\n<\/div>\n\n\t\t<\/div>\n\t\t\t\t\t<\/div>\n\n\t\n\n<\/div>\n\n\t\t<\/div>\n\n\t\t\n<style>\n#section_864474286 {\n  padding-top: 0px;\n  padding-bottom: 0px;\n}\n#section_864474286 .section-bg-overlay {\n  background-color: rgba(255, 255, 255, 0.85);\n}\n<\/style>\n\t<\/section>\n\t\n\n\t<section class=\"section\" id=\"section_885437954\">\n\t\t<div class=\"section-bg fill\" >\n\t\t\t\t\t\t\t\t\t<div class=\"section-bg-overlay absolute fill\"><\/div>\n\t\t\t\n\n\t\t<\/div>\n\n\t\t\n\n\t\t<div class=\"section-content relative\">\n\t\t\t\n\n<div class=\"row\"  id=\"row-227899998\">\n\n\n\t<div id=\"col-327219090\" class=\"col small-12 large-12\"  >\n\t\t\t\t<div class=\"col-inner\"  >\n\t\t\t\n\t\t\t\n\n<div class=\"container section-title-container\" style=\"margin-top:20px;margin-bottom:20px;\"><h3 class=\"section-title section-title-normal\"><b aria-hidden=\"true\"><\/b><span class=\"section-title-main\" style=\"font-size:142%;\">PER QU\u00c8 NOSALTRES?<\/span><b aria-hidden=\"true\"><\/b><\/h3><\/div>\n\n<div class=\"row\"  id=\"row-193133647\">\n\n\n\t<div id=\"col-1956853528\" class=\"col Letra_grande medium-6 small-12 large-6\"  >\n\t\t\t\t<div class=\"col-inner\"  >\n\t\t\t\n\t\t\t\n\n\n\t\t<div class=\"icon-box featured-box icon-box-top text-left\"  >\n\t\t\t\t<div class=\"icon-box-text last-reset\">\n\t\t\t\t\t\t\t\t\t\n\n<h3>Experi\u00e8ncia<\/h3>\n<p><span style=\"font-size: 105%;\"><strong>Aluminios Iluro<\/strong>&nbsp;va n\u00e9ixer l\u2019any 1989 de la m\u00e0 del seu jove fundador David Garc\u00eda, \u00e0vid per donar al mercat la millor qualitat i servei. La seva const\u00e0ncia i afany de superaci\u00f3 ha posicionat a Aluminios Iluro com una empresa capdavantera&nbsp; en el sector, tant pel que fa als productes que desenvolupem com a la tecnologia utilitzada en el proc\u00e9s de fabricaci\u00f3 i instal.laci\u00f3 dels nostres tancaments met\u00e0l.lics.<\/span><\/p>\n\n\t\t<\/div>\n\t<\/div>\n\t\n\t\n\n\t\t<\/div>\n\t\t\t\t\t<\/div>\n\n\t\n\n\t<div id=\"col-1444209560\" class=\"col Letra_grande medium-6 small-12 large-6\"  >\n\t\t\t\t<div class=\"col-inner\"  >\n\t\t\t\n\t\t\t\n\n<h3>La qualite del producte<\/h3>\n<p><span style=\"font-size: 105%;\"><strong>Aluminios Iluro<\/strong>&nbsp;s\u00ed ofereix la qualitat als seus clients. Perqu\u00e8 la qualitat no \u00e9s simplement treballar amb bons materials.<\/span><\/p>\n<p><span style=\"font-size: 105%;\">La qualitat \u00e9s la suma de molts factors.<\/span><\/p>\n\n\t\t<\/div>\n\t\t\t\t\n<style>\n#col-1444209560 > .col-inner {\n  margin: 0px 0px -20px 0px;\n}\n<\/style>\n\t<\/div>\n\n\t\n\n<\/div>\n<div class=\"row\"  id=\"row-1495542728\">\n\n\n\t<div id=\"col-999696492\" class=\"col Letra_grande medium-6 small-12 large-6\"  >\n\t\t\t\t<div class=\"col-inner\"  >\n\t\t\t\n\t\t\t\n\n<h3>Serietat<\/h3>\n<p><span style=\"font-size: 105%;\">l\u2019ambici\u00f3 d\u2019&nbsp;<strong>Aluminios Iluro<\/strong>&nbsp;\u00e9s oferir als seus clients un servei immillorable sense sorpreses,complint sempre all\u00f2 pactat.<\/span><\/p>\n\n\t\t<\/div>\n\t\t\t\t\n<style>\n#col-999696492 > .col-inner {\n  margin: 0px 0px -21px 0px;\n}\n<\/style>\n\t<\/div>\n\n\t\n\n\t<div id=\"col-1614155142\" class=\"col Letra_grande medium-6 small-12 large-6\"  >\n\t\t\t\t<div class=\"col-inner\"  >\n\t\t\t\n\t\t\t\n\n<h3>Professionalitat<\/h3>\n<p><span style=\"font-size: 105%;\">En cadascun dels seus departaments,<strong>&nbsp;Aluminios Iluro<\/strong>&nbsp;compta amb un gran equip hum\u00e0. Les seves instal.lacions s\u00f3n, avui dia, un referent en el sector.<\/span><\/p>\n\n\t\t<\/div>\n\t\t\t\t\n<style>\n#col-1614155142 > .col-inner {\n  margin: 0px 0px -20px 0px;\n}\n<\/style>\n\t<\/div>\n\n\t\n\n<\/div>\n<div class=\"row\"  id=\"row-1036810857\">\n\n\n\t<div id=\"col-1456541799\" class=\"col Letra_grande medium-6 small-12 large-6\"  >\n\t\t\t\t<div class=\"col-inner\"  >\n\t\t\t\n\t\t\t\n\n<h3>Tracte<\/h3>\n<div>\n<div class=\"col-inner\">\n<p><span style=\"font-size: 105%;\">El client de seguida nota la difer\u00e8ncia en el tracte d\u2019immediatesa, en la relaci\u00f3 amb l\u2019equip comercial i en la confian\u00e7a de comptar amb un absolut seguiment del projecte.<\/span><\/p>\n<\/div>\n<\/div>\n\n\t\t<\/div>\n\t\t\t\t\n<style>\n#col-1456541799 > .col-inner {\n  margin: 0px 0px -20px 0px;\n}\n<\/style>\n\t<\/div>\n\n\t\n\n\t<div id=\"col-915113011\" class=\"col Letra_grande medium-6 small-12 large-6\"  >\n\t\t\t\t<div class=\"col-inner\"  >\n\t\t\t\n\t\t\t\n\n<h3>El preu<\/h3>\n<p><span style=\"font-size: 105%;\"><strong>Aluminios Iluro<\/strong> t\u00e9 una relaci\u00f3 qualitat\/preu sense compet\u00e8ncia. I, a m\u00e9s a m\u00e9s,&nbsp;<span style=\"background-color: #ffff00;\">financem fins a 12 mesos sense interessos.<\/span><\/span><\/p>\n\n\t\t<\/div>\n\t\t\t\t\t<\/div>\n\n\t\n\n<\/div>\n\n\t\t<\/div>\n\t\t\t\t\n<style>\n#col-327219090 > .col-inner {\n  padding: 0px 0px 0px 0px;\n  margin: 0px 0px -10px 0px;\n}\n@media (min-width:550px) {\n  #col-327219090 > .col-inner {\n    margin: 0px 0px -px 0px;\n  }\n}\n<\/style>\n\t<\/div>\n\n\t\n\n\n<style>\n#row-227899998 > .col > .col-inner {\n  padding: 0px 0px 0px 0px;\n}\n<\/style>\n<\/div>\n\n\t\t<\/div>\n\n\t\t\n<style>\n#section_885437954 {\n  padding-top: 0px;\n  padding-bottom: 0px;\n  min-height: 0px;\n  background-color: rgba(51, 50, 50, 0.16);\n}\n#section_885437954 .section-bg-overlay {\n  background-color: rgba(255, 255, 255, 0.85);\n}\n@media (min-width:550px) {\n  #section_885437954 {\n    padding-top: 30px;\n    padding-bottom: 30px;\n  }\n}\n<\/style>\n\t<\/section>\n\t\n\n\t<section class=\"section\" id=\"section_1777531976\">\n\t\t<div class=\"section-bg fill\" >\n\t\t\t\t\t\t\t\t\t\n\t\t\t\n\t<div class=\"is-border\"\n\t\tstyle=\"border-width:1px 0px 1px 0px;\">\n\t<\/div>\n\n\t\t<\/div>\n\n\t\t\n\n\t\t<div class=\"section-content relative\">\n\t\t\t\n\n<div class=\"row align-equal\"  id=\"row-1074138287\">\n\n\n\t<div id=\"col-1916937451\" class=\"col small-12 large-12\"  >\n\t\t\t\t<div class=\"col-inner\"  >\n\t\t\t\n\t<div class=\"is-border\"\n\t\tstyle=\"border-width:0px 0px 0px 0px;\">\n\t<\/div>\n\t\t\t\n\n<div class=\"container section-title-container\" ><h3 class=\"section-title section-title-normal\"><b aria-hidden=\"true\"><\/b><span class=\"section-title-main\" >\u00daltimes opinions de clients i col\u00b7laboradors<\/span><b aria-hidden=\"true\"><\/b><\/h3><\/div>\n\n\n\n\n<div class=\"trustindex-widget\" data-id=\"02332304769c8907af665f6e81b\"><\/div>\n<script defer async src=\"https:\/\/cdn.trustindex.io\/loader.js?02332304769c8907af665f6e81b\"><\/script>\n\n\n\t\t<\/div>\n\t\t\t\t\n<style>\n#col-1916937451 > .col-inner {\n  margin: 40px 0px 0px 0px;\n}\n<\/style>\n\t<\/div>\n\n\t\n\n<\/div>\n<div class=\"row\"  id=\"row-106915738\">\n\n\n\t<div id=\"col-426440603\" class=\"col small-12 large-12\"  >\n\t\t\t\t<div class=\"col-inner text-center\"  >\n\t\t\t\n\t\t\t\n\n<a href=\"https:\/\/aluminiosiluro.com\/ca\/testimonis\/\" class=\"button primary\" >\n\t\t<span>Veure\u2019n m\u00e9s<\/span>\n\t<\/a>\n\n\n\n\t\t<\/div>\n\t\t\t\t\t<\/div>\n\n\t\n\n<\/div>\n\n\t\t<\/div>\n\n\t\t\n<style>\n#section_1777531976 {\n  padding-top: 0px;\n  padding-bottom: 0px;\n  min-height: 276px;\n  background-color: rgb(241, 241, 241);\n}\n@media (min-width:550px) {\n  #section_1777531976 {\n    padding-top: 43px;\n    padding-bottom: 43px;\n  }\n}\n<\/style>\n\t<\/section>\n\t\n\n\t<section class=\"section\" id=\"section_354903647\">\n\t\t<div class=\"section-bg fill\" >\n\t\t\t\t\t\t\t\t\t<div class=\"section-bg-overlay absolute fill\"><\/div>\n\t\t\t\n\n\t\t<\/div>\n\n\t\t\n\n\t\t<div class=\"section-content relative\">\n\t\t\t\n\n<div class=\"container section-title-container\" style=\"margin-top:20px;margin-bottom:20px;\"><h3 class=\"section-title section-title-normal\"><b aria-hidden=\"true\"><\/b><span class=\"section-title-main\" style=\"font-size:142%;\">Contacta amb nosaltres<\/span><b aria-hidden=\"true\"><\/b><\/h3><\/div>\n\n<div class=\"row\"  id=\"row-1997057526\">\n\n\n\t<div id=\"col-1241057670\" class=\"col small-12 large-12\"  >\n\t\t\t\t<div class=\"col-inner\"  >\n\t\t\t\n\t\t\t\n\n\n<div class=\"wpcf7 no-js\" id=\"wpcf7-f2321-o1\" lang=\"en-US\" dir=\"ltr\" data-wpcf7-id=\"2321\">\n<div class=\"screen-reader-response\"><p role=\"status\" aria-live=\"polite\" aria-atomic=\"true\"><\/p> <ul><\/ul><\/div>\n<form action=\"\/ca\/wp-json\/wp\/v2\/pages\/1536#wpcf7-f2321-o1\" method=\"post\" class=\"wpcf7-form init\" aria-label=\"Contact form\" novalidate=\"novalidate\" data-status=\"init\">\n<fieldset class=\"hidden-fields-container\"><input type=\"hidden\" name=\"_wpcf7\" value=\"2321\" \/><input type=\"hidden\" name=\"_wpcf7_version\" value=\"6.1.4\" \/><input type=\"hidden\" name=\"_wpcf7_locale\" value=\"en_US\" \/><input type=\"hidden\" name=\"_wpcf7_unit_tag\" value=\"wpcf7-f2321-o1\" \/><input type=\"hidden\" name=\"_wpcf7_container_post\" value=\"0\" \/><input type=\"hidden\" name=\"_wpcf7_posted_data_hash\" value=\"\" \/><input type=\"hidden\" name=\"_wpcf7_recaptcha_response\" value=\"\" \/>\n<\/fieldset>\n<p><label>Nom i cognoms*<\/label><br \/>\n<span class=\"wpcf7-form-control-wrap\" data-name=\"your-name\"><input size=\"40\" maxlength=\"400\" class=\"wpcf7-form-control wpcf7-text wpcf7-validates-as-required\" aria-required=\"true\" aria-invalid=\"false\" value=\"\" type=\"text\" name=\"your-name\" \/><\/span>\n<\/p>\n<p><label>Ciutat*<\/label><br \/>\n<span class=\"wpcf7-form-control-wrap\" data-name=\"ciutat\"><input size=\"40\" maxlength=\"400\" class=\"wpcf7-form-control wpcf7-text wpcf7-validates-as-required\" aria-required=\"true\" aria-invalid=\"false\" value=\"\" type=\"text\" name=\"ciutat\" \/><\/span>\n<\/p>\n<p><label>Empresa<span class=\"wpcf7-form-control-wrap\" data-name=\"text-989\"><input size=\"40\" maxlength=\"400\" class=\"wpcf7-form-control wpcf7-text\" aria-invalid=\"false\" value=\"\" type=\"text\" name=\"text-989\" \/><\/span><\/label>\n<\/p>\n<p><label>Tel\u00e8fon*<span class=\"wpcf7-form-control-wrap\" data-name=\"tel-581\"><input size=\"40\" maxlength=\"400\" class=\"wpcf7-form-control wpcf7-tel wpcf7-validates-as-required wpcf7-text wpcf7-validates-as-tel\" aria-required=\"true\" aria-invalid=\"false\" value=\"\" type=\"tel\" name=\"tel-581\" \/><\/span><\/label>\n<\/p>\n<p><label>Correu electr\u00f2nic*<\/label><br \/>\n<span class=\"wpcf7-form-control-wrap\" data-name=\"your-email\"><input size=\"40\" maxlength=\"400\" class=\"wpcf7-form-control wpcf7-email wpcf7-validates-as-required wpcf7-text wpcf7-validates-as-email\" aria-required=\"true\" aria-invalid=\"false\" value=\"\" type=\"email\" name=\"your-email\" \/><\/span>\n<\/p>\n<p><label>Consulta*<\/label><br \/>\n<span class=\"wpcf7-form-control-wrap\" data-name=\"your-message\"><textarea cols=\"40\" rows=\"10\" maxlength=\"2000\" class=\"wpcf7-form-control wpcf7-textarea wpcf7-validates-as-required\" aria-required=\"true\" aria-invalid=\"false\" name=\"your-message\"><\/textarea><\/span>\n<\/p>\n<p><span class=\"wpcf7-form-control-wrap\" data-name=\"acceptance-660\"><span class=\"wpcf7-form-control wpcf7-acceptance\"><span class=\"wpcf7-list-item\"><label><input type=\"checkbox\" name=\"acceptance-660\" value=\"1\" aria-invalid=\"false\" \/><span class=\"wpcf7-list-item-label\">He llegit i accepto la <a href=\"https:\/\/aluminiosiluro.com\/ca\/politica-de-privacidad\/\" target=\"_blank\">pol\u00edtica de privacitat.<\/span><\/label><\/span><\/span><\/span>\n<\/p>\n<p><input class=\"wpcf7-form-control wpcf7-submit has-spinner button\" type=\"submit\" value=\"Enviar\" \/>\n<\/p><p style=\"display: none !important;\" class=\"akismet-fields-container\" data-prefix=\"_wpcf7_ak_\"><label>&#916;<textarea name=\"_wpcf7_ak_hp_textarea\" cols=\"45\" rows=\"8\" maxlength=\"100\"><\/textarea><\/label><input type=\"hidden\" id=\"ak_js_1\" name=\"_wpcf7_ak_js\" value=\"224\"\/><script>document.getElementById( \"ak_js_1\" ).setAttribute( \"value\", ( new Date() ).getTime() );<\/script><\/p><div class=\"wpcf7-response-output\" aria-hidden=\"true\"><\/div>\n<\/form>\n<\/div>\n\n\n\n\t\t<\/div>\n\t\t\t\t\t<\/div>\n\n\t\n\n<\/div>\n\n\t\t<\/div>\n\n\t\t\n<style>\n#section_354903647 {\n  padding-top: 0px;\n  padding-bottom: 0px;\n}\n#section_354903647 .section-bg-overlay {\n  background-color: rgba(255, 255, 255, 0.85);\n}\n<\/style>\n\t<\/section>\n\t\n\n","protected":false},"excerpt":{"rendered":"","protected":false},"author":1,"featured_media":0,"parent":0,"menu_order":0,"comment_status":"closed","ping_status":"closed","template":"page-blank.php","meta":{"ngg_post_thumbnail":0,"footnotes":""},"class_list":["post-1536","page","type-page","status-publish","hentry"],"_links":{"self":[{"href":"https:\/\/aluminiosiluro.com\/ca\/wp-json\/wp\/v2\/pages\/1536","targetHints":{"allow":["GET"]}}],"collection":[{"href":"https:\/\/aluminiosiluro.com\/ca\/wp-json\/wp\/v2\/pages"}],"about":[{"href":"https:\/\/aluminiosiluro.com\/ca\/wp-json\/wp\/v2\/types\/page"}],"author":[{"embeddable":true,"href":"https:\/\/aluminiosiluro.com\/ca\/wp-json\/wp\/v2\/users\/1"}],"replies":[{"embeddable":true,"href":"https:\/\/aluminiosiluro.com\/ca\/wp-json\/wp\/v2\/comments?post=1536"}],"version-history":[{"count":29,"href":"https:\/\/aluminiosiluro.com\/ca\/wp-json\/wp\/v2\/pages\/1536\/revisions"}],"predecessor-version":[{"id":4627,"href":"https:\/\/aluminiosiluro.com\/ca\/wp-json\/wp\/v2\/pages\/1536\/revisions\/4627"}],"wp:attachment":[{"href":"https:\/\/aluminiosiluro.com\/ca\/wp-json\/wp\/v2\/media?parent=1536"}],"curies":[{"name":"wp","href":"https:\/\/api.w.org\/{rel}","templated":true}]}}