{"id":1571,"date":"2021-01-18T13:26:40","date_gmt":"2021-01-18T12:26:40","guid":{"rendered":"https:\/\/aluminiosiluro.com\/?page_id=1571"},"modified":"2026-03-09T12:07:49","modified_gmt":"2026-03-09T11:07:49","slug":"pergola-bioclimatica","status":"publish","type":"page","link":"https:\/\/aluminiosiluro.com\/ca\/pergola-bioclimatica\/","title":{"rendered":"P\u00e8rgola bioclim\u00e0tica"},"content":{"rendered":"\n\n\t<section class=\"section\" id=\"section_296195845\">\n\t\t<div class=\"section-bg fill\" >\n\t\t\t\t\t\t\t\t\t<div class=\"section-bg-overlay absolute fill\"><\/div>\n\t\t\t\n\n\t\t<\/div>\n\n\t\t\n\n\t\t<div class=\"section-content relative\">\n\t\t\t\n\n<div class=\"container section-title-container Letra_peque\u00f1a\" style=\"margin-top:20px;margin-bottom:20px;\"><h1 class=\"section-title section-title-center\"><b aria-hidden=\"true\"><\/b><span class=\"section-title-main\" style=\"font-size:128%;\">P\u00e8rgola bioclim\u00e0tica<\/span><b aria-hidden=\"true\"><\/b><\/h1><\/div>\n\n<div class=\"row row-large align-middle\"  id=\"row-433345915\">\n\n\n\t<div id=\"col-143985202\" class=\"col small-12 large-12\"  >\n\t\t\t\t<div class=\"col-inner text-left\"  >\n\t\t\t\n\t\t\t\n\n<h2><span style=\"font-size: 105%;\">Instal\u00b7laci\u00f3 de P\u00e8rgoles Bioclim\u00e0tiques a Mesura  a Barcelona Provincia<\/span><\/h2>\n<div>Les p\u00e8rgoles bioclim\u00e0tiques s\u00f3n estructures amb lames orientables que permeten regular la llum i la ventilaci\u00f3, de manera que podem ajustar la sensaci\u00f3 t\u00e8rmica i gaudir de la vida exterior durant tot l&#8217;any, creant nous espais aliats amb la llum natural i protegits. Regulen la temperatura de l&#8217;estada de manera natural alhora que protegeixen de la radiaci\u00f3 solar, pluja, vent o neu.<\/div>\n<p>Caracter\u00edstiques de les nostres p\u00e8rgoles bioclim\u00e0tiques:<\/p>\n<ul>\n<li style=\"font-weight: 400;\" aria-level=\"1\">Coberta transpirable i impermeable. Lamel\u00b7les orientables de 0\u00ba a 135\u00ba.<\/li>\n<li style=\"font-weight: 400;\" aria-level=\"1\">Acabats Sota especificaci\u00f3 Qualicoat, Qualideco, Qualanod. Permet l&#8217;acabat amb RAL normalitzat, anoditzat o lacat en imitaci\u00f3 fusta. Alumini 6063 T5, acer inoxidable i poliacetal (POM).<\/li>\n<li style=\"font-weight: 400;\" aria-level=\"1\">Sistemes registrats de segellat perimetral contra pluja transversal i antivibraci\u00f3 per vent ratxejat. Fabricaci\u00f3 a mida.<\/li>\n<li style=\"font-weight: 400;\" aria-level=\"1\">El col\u00b7lector i l&#8217;adaptador s\u00f3n clipables, sense cargols. La lama tamb\u00e9 s&#8217;instal\u00b7la r\u00e0pidament gr\u00e0cies a l&#8217;eix retr\u00e0ctil accionat per ressort.<\/li>\n<li style=\"font-weight: 400;\" aria-level=\"1\">Canalitzaci\u00f3 d&#8217;aig\u00fces pluvials. Drenatge lliure o canalitzaci\u00f3 per solera.<\/li>\n<li style=\"font-weight: 400;\" aria-level=\"1\">Accionament motoritzat. A motor 24 Vcc (tensi\u00f3 de seguretat), promovent una major seguretat davant de xoc el\u00e8ctric.<\/li>\n<li style=\"font-weight: 400;\" aria-level=\"1\">Drenatges i conductes d&#8217;instal\u00b7laci\u00f3 el\u00e8ctric ocults.<\/li>\n<\/ul>\n\n\t\t<\/div>\n\t\t\t\t\n<style>\n#col-143985202 > .col-inner {\n  padding: 20px 0px 0px 0px;\n  margin: 0px 0px -10px 0px;\n}\n@media (min-width:550px) {\n  #col-143985202 > .col-inner {\n    margin: 0px 0px 0px 0;\n  }\n}\n<\/style>\n\t<\/div>\n\n\t\n\n\n<style>\n#row-433345915 > .col > .col-inner {\n  padding: 0px 0px 0px 0px;\n}\n<\/style>\n<\/div>\n\n\t\t<\/div>\n\n\t\t\n<style>\n#section_296195845 {\n  padding-top: 0px;\n  padding-bottom: 0px;\n  background-color: rgb(255, 255, 255);\n}\n#section_296195845 .section-bg-overlay {\n  background-color: rgba(255, 255, 255, 0.85);\n}\n<\/style>\n\t<\/section>\n\t\n\n\t<section class=\"section\" id=\"section_1431143048\">\n\t\t<div class=\"section-bg fill\" >\n\t\t\t\t\t\t\t\t\t<div class=\"section-bg-overlay absolute fill\"><\/div>\n\t\t\t\n\n\t\t<\/div>\n\n\t\t\n\n\t\t<div class=\"section-content relative\">\n\t\t\t\n\n<div class=\"row\"  id=\"row-800316481\">\n\n\n\t<div id=\"col-1010327232\" class=\"col small-12 large-12\"  >\n\t\t\t\t<div class=\"col-inner\"  >\n\t\t\t\n\t\t\t\n\n<div class=\"row\"  id=\"row-2063573011\">\n\n\n\t<div id=\"col-377211979\" class=\"col small-12 large-12\"  >\n\t\t\t\t<div class=\"col-inner\"  >\n\t\t\t\n\t\t\t\n\n\t<div class=\"img has-hover x md-x lg-x y md-y lg-y\" id=\"image_336882354\">\n\t\t\t\t\t\t\t\t<div class=\"img-inner dark\" >\n\t\t\t<img loading=\"lazy\" decoding=\"async\" width=\"1020\" height=\"435\" src=\"https:\/\/aluminiosiluro.com\/wp-content\/uploads\/2020\/12\/p\u00e9rgola-bioclim\u00e1tica-1.jpg\" class=\"attachment-large size-large\" alt=\"\" srcset=\"https:\/\/aluminiosiluro.com\/wp-content\/uploads\/2020\/12\/p\u00e9rgola-bioclim\u00e1tica-1.jpg 1024w, https:\/\/aluminiosiluro.com\/wp-content\/uploads\/2020\/12\/p\u00e9rgola-bioclim\u00e1tica-1-800x341.jpg 800w, https:\/\/aluminiosiluro.com\/wp-content\/uploads\/2020\/12\/p\u00e9rgola-bioclim\u00e1tica-1-768x328.jpg 768w\" sizes=\"auto, (max-width: 1020px) 100vw, 1020px\" \/>\t\t\t\t\t\t\n\t\t\t\t\t<\/div>\n\t\t\t\t\t\t\t\t\n<style>\n#image_336882354 {\n  width: 100%;\n}\n<\/style>\n\t<\/div>\n\t\n\n\n\t\t<\/div>\n\t\t\t\t\t<\/div>\n\n\t\n\n<\/div>\n\n\t\t<\/div>\n\t\t\t\t\n<style>\n#col-1010327232 > .col-inner {\n  padding: 30px 0px 0px 0px;\n  margin: 0px 0px -10px 0px;\n}\n@media (min-width:550px) {\n  #col-1010327232 > .col-inner {\n    padding: 10px 0px 0px 0px;\n  }\n}\n<\/style>\n\t<\/div>\n\n\t\n\n<\/div>\n\n\t\t<\/div>\n\n\t\t\n<style>\n#section_1431143048 {\n  padding-top: 0px;\n  padding-bottom: 0px;\n  background-color: rgba(51, 50, 50, 0.16);\n}\n#section_1431143048 .section-bg-overlay {\n  background-color: rgba(255, 255, 255, 0.85);\n}\n<\/style>\n\t<\/section>\n\t\n\n\t<section class=\"section\" id=\"section_1058752254\">\n\t\t<div class=\"section-bg fill\" >\n\t\t\t\t\t\t\t\t\t<div class=\"section-bg-overlay absolute fill\"><\/div>\n\t\t\t\n\n\t\t<\/div>\n\n\t\t\n\n\t\t<div class=\"section-content relative\">\n\t\t\t\n\n<div class=\"container section-title-container\" style=\"margin-top:20px;margin-bottom:20px;\"><h3 class=\"section-title section-title-normal\"><b aria-hidden=\"true\"><\/b><span class=\"section-title-main\" style=\"font-size:142%;\">Zones on treballem<\/span><b aria-hidden=\"true\"><\/b><\/h3><\/div>\n\n<div class=\"row\"  id=\"row-1933932131\">\n\n\n\t<div id=\"col-187017554\" class=\"col small-12 large-12\"  >\n\t\t\t\t<div class=\"col-inner\"  >\n\t\t\t\n\t\t\t\n\n<div class=\"accordion\">\n\n\t<div id=\"accordion-1465896402\" class=\"accordion-item\">\n\t\t<a id=\"accordion-1465896402-label\" class=\"accordion-title plain active\" href=\"#accordion-item-barcelon\u00e9s\" aria-expanded=\"true\" aria-controls=\"accordion-1465896402-content\">\n\t\t\t<button class=\"toggle\" aria-label=\"Toggle\"><i class=\"icon-angle-down\" aria-hidden=\"true\"><\/i><\/button>\n\t\t\t<span>Barcelon\u00e9s<\/span>\n\t\t<\/a>\n\t\t<div id=\"accordion-1465896402-content\" class=\"accordion-inner\" style=\"display: block;\" aria-labelledby=\"accordion-1465896402-label\">\n\t\t\t\n\n<p><span style=\"font-size: 105%;\">Barcelona, Badalona, Hospitalet de Llobregat, Santa Coloma de Gramenet, Sant Adri\u00e0 de Bes\u00f2s<\/span><\/p>\n\n\t\t<\/div>\n\t<\/div>\n\t\n\t<div id=\"accordion-2193729187\" class=\"accordion-item\">\n\t\t<a id=\"accordion-2193729187-label\" class=\"accordion-title plain\" href=\"#accordion-item-maresme\" aria-expanded=\"false\" aria-controls=\"accordion-2193729187-content\">\n\t\t\t<button class=\"toggle\" aria-label=\"Toggle\"><i class=\"icon-angle-down\" aria-hidden=\"true\"><\/i><\/button>\n\t\t\t<span>Maresme<\/span>\n\t\t<\/a>\n\t\t<div id=\"accordion-2193729187-content\" class=\"accordion-inner\" aria-labelledby=\"accordion-2193729187-label\">\n\t\t\t\n\n<p><span style=\"font-size: 105%;\">Alella, Arenys de Mar, Arenys de Munt, Argentona, Cabrera de Mar, Cabrils, Caldes d&#8217;Estrac, Calella, Canet de Mar, Dosrius, el Masnou, Malgrat de Mar, Matar\u00f3, Montgat, \u00d2rrius, Palafolls, Pineda de Mar, Premi\u00e0 de Dalt, Premi\u00e0 de Mar, Sant Andreu de Llavaneres, Sant Cebri\u00e0 de Vallalta, Sant Iscle de Vallalta, Sant Pol de Mar, Sant Vicen\u00e7 de Montalt, Santa Susanna, Tei\u00e0, Tiana, Tordera, Vilassar de Dalt, Vilassar de Mar<\/span><\/p>\n\n\t\t<\/div>\n\t<\/div>\n\t\n\t<div id=\"accordion-3977106778\" class=\"accordion-item\">\n\t\t<a id=\"accordion-3977106778-label\" class=\"accordion-title plain\" href=\"#accordion-item-vall\u00e9s-occidental\" aria-expanded=\"false\" aria-controls=\"accordion-3977106778-content\">\n\t\t\t<button class=\"toggle\" aria-label=\"Toggle\"><i class=\"icon-angle-down\" aria-hidden=\"true\"><\/i><\/button>\n\t\t\t<span>Vall\u00e9s occidental<\/span>\n\t\t<\/a>\n\t\t<div id=\"accordion-3977106778-content\" class=\"accordion-inner\" aria-labelledby=\"accordion-3977106778-label\">\n\t\t\t\n\n<p><span style=\"font-size: 105%;\">Badia del Vall\u00e8s, Barber\u00e0 del Vall\u00e8s, Castellar del Vall\u00e8s, Castellbisbal, Cerdanyola del Vall\u00e8s, Gallifa, Matadepera, Montcada i Reixac, Palau-solit\u00e0 i Plegamans, Poliny\u00e0, Rellinars, Ripollet, Rub\u00ed, Sabadell, Sant Cugat del Vall\u00e8s, Sant Lloren\u00e7 Savall, Sant Quirze del Vall\u00e8s, Santa Perp\u00e8tua de Mogoda, Sentmenat, Terrassa, Ullastrell, Vacarisses, Viladecavalls<\/span><\/p>\n\n\t\t<\/div>\n\t<\/div>\n\t\n\t<div id=\"accordion-3106893248\" class=\"accordion-item\">\n\t\t<a id=\"accordion-3106893248-label\" class=\"accordion-title plain\" href=\"#accordion-item-vall\u00e9s-oriental\" aria-expanded=\"false\" aria-controls=\"accordion-3106893248-content\">\n\t\t\t<button class=\"toggle\" aria-label=\"Toggle\"><i class=\"icon-angle-down\" aria-hidden=\"true\"><\/i><\/button>\n\t\t\t<span>Vall\u00e9s oriental<\/span>\n\t\t<\/a>\n\t\t<div id=\"accordion-3106893248-content\" class=\"accordion-inner\" aria-labelledby=\"accordion-3106893248-label\">\n\t\t\t\n\n<p><span style=\"font-size: 105%;\">Aiguafreda, Bigues i Riells, Caldes de Montbui, Campins, Canovelles, C\u00e0noves i Samal\u00fas, Cardedeu, El Figuer\u00f3 i Montmany, Fogars de Montcl\u00fas, Granollers, Gualba, L&#8217;Ametlla del Vall\u00e8s, La Garriga, La Llagosta, La Roca del Vall\u00e8s, Les Franqueses del Vall\u00e8s, Lli\u00e7\u00e0 d&#8217;Amunt, Lli\u00e7\u00e0 de Vall, Llinars del Vall\u00e8s, Martorelles, Mollet del Vall\u00e8s, Montmel\u00f3, Montorn\u00e8s del Vall\u00e8s, Montseny, Parets del Vall\u00e8s, Sant Antoni de Vilamajor, Sant Celoni, Sant Esteve de Palautordera, Sant Feliu de Codines, Sant Fost de Campsentelles, Sant Pere de Vilamajor, Santa Eul\u00e0lia de Ron\u00e7ana, Santa Maria de Martorelles, Santa Maria de Palautordera, Tagamanent, Vallgorguina, Vallromanes, Vilalba Sasserra, Vilanova del Vall\u00e8s<\/span><\/p>\n\n\t\t<\/div>\n\t<\/div>\n\t\n\n<\/div>\n\n\t\t<\/div>\n\t\t\t\t\t<\/div>\n\n\t\n\n<\/div>\n\n\t\t<\/div>\n\n\t\t\n<style>\n#section_1058752254 {\n  padding-top: 0px;\n  padding-bottom: 0px;\n}\n#section_1058752254 .section-bg-overlay {\n  background-color: rgba(255, 255, 255, 0.85);\n}\n<\/style>\n\t<\/section>\n\t\n\n\t<section class=\"section\" id=\"section_1618291260\">\n\t\t<div class=\"section-bg fill\" >\n\t\t\t\t\t\t\t\t\t<div class=\"section-bg-overlay absolute fill\"><\/div>\n\t\t\t\n\n\t\t<\/div>\n\n\t\t\n\n\t\t<div class=\"section-content relative\">\n\t\t\t\n\n<div class=\"row\"  id=\"row-1691135483\">\n\n\n\t<div id=\"col-703025797\" class=\"col small-12 large-12\"  >\n\t\t\t\t<div class=\"col-inner\"  >\n\t\t\t\n\t\t\t\n\n<div class=\"container section-title-container\" style=\"margin-top:20px;margin-bottom:20px;\"><h3 class=\"section-title section-title-normal\"><b aria-hidden=\"true\"><\/b><span class=\"section-title-main\" style=\"font-size:142%;\">PER QU\u00c8 NOSALTRES?<\/span><b aria-hidden=\"true\"><\/b><\/h3><\/div>\n\n<div class=\"row\"  id=\"row-257139985\">\n\n\n\t<div id=\"col-1052974349\" class=\"col Letra_grande medium-6 small-12 large-6\"  >\n\t\t\t\t<div class=\"col-inner\"  >\n\t\t\t\n\t\t\t\n\n\n\t\t<div class=\"icon-box featured-box icon-box-top text-left\"  >\n\t\t\t\t<div class=\"icon-box-text last-reset\">\n\t\t\t\t\t\t\t\t\t\n\n<h3>Experi\u00e8ncia<\/h3>\n<p><span style=\"font-size: 105%;\"><strong>Aluminios Iluro<\/strong>&nbsp;va n\u00e9ixer l\u2019any 1989 de la m\u00e0 del seu jove fundador David Garc\u00eda, \u00e0vid per donar al mercat la millor qualitat i servei. La seva const\u00e0ncia i afany de superaci\u00f3 ha posicionat a Aluminios Iluro com una empresa capdavantera&nbsp; en el sector, tant pel que fa als productes que desenvolupem com a la tecnologia utilitzada en el proc\u00e9s de fabricaci\u00f3 i instal.laci\u00f3 dels nostres tancaments met\u00e0l.lics.<\/span><\/p>\n\n\t\t<\/div>\n\t<\/div>\n\t\n\t\n\n\t\t<\/div>\n\t\t\t\t\t<\/div>\n\n\t\n\n\t<div id=\"col-135228148\" class=\"col Letra_grande medium-6 small-12 large-6\"  >\n\t\t\t\t<div class=\"col-inner\"  >\n\t\t\t\n\t\t\t\n\n<h3>La qualitat del producte<\/h3>\n<p><span style=\"font-size: 105%;\"><strong>Aluminios Iluro<\/strong>&nbsp;s\u00ed ofereix la qualitat als seus clients. Perqu\u00e8 la qualitat no \u00e9s simplement treballar amb bons materials.<\/span><\/p>\n<p><span style=\"font-size: 105%;\">La qualitat \u00e9s la suma de molts factors.<\/span><\/p>\n\n\t\t<\/div>\n\t\t\t\t\n<style>\n#col-135228148 > .col-inner {\n  margin: 0px 0px -20px 0px;\n}\n<\/style>\n\t<\/div>\n\n\t\n\n<\/div>\n<div class=\"row\"  id=\"row-222890034\">\n\n\n\t<div id=\"col-1400907189\" class=\"col Letra_grande medium-6 small-12 large-6\"  >\n\t\t\t\t<div class=\"col-inner\"  >\n\t\t\t\n\t\t\t\n\n<h3>Serietat<\/h3>\n<p><span style=\"font-size: 105%;\">l\u2019ambici\u00f3 d\u2019&nbsp;<strong>Aluminios Iluro<\/strong>&nbsp;\u00e9s oferir als seus clients un servei immillorable sense sorpreses,complint sempre all\u00f2 pactat.<\/span><\/p>\n\n\t\t<\/div>\n\t\t\t\t\n<style>\n#col-1400907189 > .col-inner {\n  margin: 0px 0px -20px 0px;\n}\n<\/style>\n\t<\/div>\n\n\t\n\n\t<div id=\"col-671354507\" class=\"col Letra_grande medium-6 small-12 large-6\"  >\n\t\t\t\t<div class=\"col-inner\"  >\n\t\t\t\n\t\t\t\n\n<h3>Professionalitat<\/h3>\n<p><span style=\"font-size: 105%;\">En cadascun dels seus departaments,<strong>&nbsp;Aluminios Iluro<\/strong>&nbsp;compta amb un gran equip hum\u00e0. Les seves instal.lacions s\u00f3n, avui dia, un referent en el sector.<\/span><\/p>\n\n\t\t<\/div>\n\t\t\t\t\n<style>\n#col-671354507 > .col-inner {\n  margin: 0px 0px -20px 0px;\n}\n<\/style>\n\t<\/div>\n\n\t\n\n<\/div>\n<div class=\"row\"  id=\"row-461796641\">\n\n\n\t<div id=\"col-856624416\" class=\"col Letra_grande medium-6 small-12 large-6\"  >\n\t\t\t\t<div class=\"col-inner\"  >\n\t\t\t\n\t\t\t\n\n<h3>Tracte<\/h3>\n<p><span style=\"font-size: 105%;\">El client de seguida nota la difer\u00e8ncia en el tracte d\u2019immediatesa, en la relaci\u00f3 amb l\u2019equip comercial i en la confian\u00e7a de comptar amb un absolut seguiment del projecte.<\/span><\/p>\n\n\t\t<\/div>\n\t\t\t\t\n<style>\n#col-856624416 > .col-inner {\n  margin: 0px 0px -20px 0px;\n}\n<\/style>\n\t<\/div>\n\n\t\n\n\t<div id=\"col-1181972386\" class=\"col Letra_grande medium-6 small-12 large-6\"  >\n\t\t\t\t<div class=\"col-inner\"  >\n\t\t\t\n\t\t\t\n\n<h3>El preu<\/h3>\n<p><span style=\"font-size: 105%;\"><strong>Aluminios Iluro<\/strong>&nbsp;t\u00e9 una relaci\u00f3 qualitat\/preu sense compet\u00e8ncia. I, a m\u00e9s a m\u00e9s,&nbsp;f<span style=\"background-color: #ffff00;\">inancem fins a 12 mesos sense interessos.<\/span><\/span><\/p>\n\n\t\t<\/div>\n\t\t\t\t\t<\/div>\n\n\t\n\n<\/div>\n\n\t\t<\/div>\n\t\t\t\t\n<style>\n#col-703025797 > .col-inner {\n  padding: 0px 0px 0px 0px;\n  margin: 0px 0px -10px 0px;\n}\n@media (min-width:550px) {\n  #col-703025797 > .col-inner {\n    margin: 0px 0px -px 0px;\n  }\n}\n<\/style>\n\t<\/div>\n\n\t\n\n\n<style>\n#row-1691135483 > .col > .col-inner {\n  padding: 0px 0px 0px 0px;\n}\n<\/style>\n<\/div>\n\n\t\t<\/div>\n\n\t\t\n<style>\n#section_1618291260 {\n  padding-top: 0px;\n  padding-bottom: 0px;\n  min-height: 0px;\n  background-color: rgba(51, 50, 50, 0.16);\n}\n#section_1618291260 .section-bg-overlay {\n  background-color: rgba(255, 255, 255, 0.85);\n}\n@media (min-width:550px) {\n  #section_1618291260 {\n    padding-top: 30px;\n    padding-bottom: 30px;\n  }\n}\n<\/style>\n\t<\/section>\n\t\n\n\t<section class=\"section\" id=\"section_360763515\">\n\t\t<div class=\"section-bg fill\" >\n\t\t\t\t\t\t\t\t\t\n\t\t\t\n\t<div class=\"is-border\"\n\t\tstyle=\"border-width:1px 0px 1px 0px;\">\n\t<\/div>\n\n\t\t<\/div>\n\n\t\t\n\n\t\t<div class=\"section-content relative\">\n\t\t\t\n\n<div class=\"row align-equal\"  id=\"row-395200153\">\n\n\n\t<div id=\"col-1852035528\" class=\"col small-12 large-12\"  >\n\t\t\t\t<div class=\"col-inner\"  >\n\t\t\t\n\t<div class=\"is-border\"\n\t\tstyle=\"border-width:0px 0px 0px 0px;\">\n\t<\/div>\n\t\t\t\n\n<div class=\"container section-title-container\" ><h3 class=\"section-title section-title-normal\"><b aria-hidden=\"true\"><\/b><span class=\"section-title-main\" >\u00daltimes opinions de clients i col\u00b7laboradors<\/span><b aria-hidden=\"true\"><\/b><\/h3><\/div>\n\n\n\n\n<div class=\"trustindex-widget\" data-id=\"02332304769c8907af665f6e81b\"><\/div>\n<script defer async src=\"https:\/\/cdn.trustindex.io\/loader.js?02332304769c8907af665f6e81b\"><\/script>\n\n\n\t\t<\/div>\n\t\t\t\t\n<style>\n#col-1852035528 > .col-inner {\n  margin: 40px 0px 0px 0px;\n}\n<\/style>\n\t<\/div>\n\n\t\n\n<\/div>\n<div class=\"row\"  id=\"row-402774227\">\n\n\n\t<div id=\"col-1747152187\" class=\"col small-12 large-12\"  >\n\t\t\t\t<div class=\"col-inner text-center\"  >\n\t\t\t\n\t\t\t\n\n<a href=\"https:\/\/aluminiosiluro.com\/ca\/testimonis\/\" class=\"button primary\" >\n\t\t<span>Veure\u2019n m\u00e9s<\/span>\n\t<\/a>\n\n\n\n\t\t<\/div>\n\t\t\t\t\t<\/div>\n\n\t\n\n<\/div>\n\n\t\t<\/div>\n\n\t\t\n<style>\n#section_360763515 {\n  padding-top: 0px;\n  padding-bottom: 0px;\n  min-height: 276px;\n  background-color: rgb(241, 241, 241);\n}\n@media (min-width:550px) {\n  #section_360763515 {\n    padding-top: 43px;\n    padding-bottom: 43px;\n  }\n}\n<\/style>\n\t<\/section>\n\t\n\n\t<section class=\"section\" id=\"section_307258307\">\n\t\t<div class=\"section-bg fill\" >\n\t\t\t\t\t\t\t\t\t<div class=\"section-bg-overlay absolute fill\"><\/div>\n\t\t\t\n\n\t\t<\/div>\n\n\t\t\n\n\t\t<div class=\"section-content relative\">\n\t\t\t\n\n<div class=\"container section-title-container\" style=\"margin-top:20px;margin-bottom:20px;\"><h3 class=\"section-title section-title-normal\"><b aria-hidden=\"true\"><\/b><span class=\"section-title-main\" style=\"font-size:142%;\">Contacta amb nosaltres<\/span><b aria-hidden=\"true\"><\/b><\/h3><\/div>\n\n<div class=\"row\"  id=\"row-196532694\">\n\n\n\t<div id=\"col-1790012481\" class=\"col small-12 large-12\"  >\n\t\t\t\t<div class=\"col-inner\"  >\n\t\t\t\n\t\t\t\n\n\n<div class=\"wpcf7 no-js\" id=\"wpcf7-f2321-o1\" lang=\"en-US\" dir=\"ltr\" data-wpcf7-id=\"2321\">\n<div class=\"screen-reader-response\"><p role=\"status\" aria-live=\"polite\" aria-atomic=\"true\"><\/p> <ul><\/ul><\/div>\n<form action=\"\/ca\/wp-json\/wp\/v2\/pages\/1571#wpcf7-f2321-o1\" method=\"post\" class=\"wpcf7-form init\" aria-label=\"Contact form\" novalidate=\"novalidate\" data-status=\"init\">\n<fieldset class=\"hidden-fields-container\"><input type=\"hidden\" name=\"_wpcf7\" value=\"2321\" \/><input type=\"hidden\" name=\"_wpcf7_version\" value=\"6.1.4\" \/><input type=\"hidden\" name=\"_wpcf7_locale\" value=\"en_US\" \/><input type=\"hidden\" name=\"_wpcf7_unit_tag\" value=\"wpcf7-f2321-o1\" \/><input type=\"hidden\" name=\"_wpcf7_container_post\" value=\"0\" \/><input type=\"hidden\" name=\"_wpcf7_posted_data_hash\" value=\"\" \/><input type=\"hidden\" name=\"_wpcf7_recaptcha_response\" value=\"\" \/>\n<\/fieldset>\n<p><label>Nom i cognoms*<\/label><br \/>\n<span class=\"wpcf7-form-control-wrap\" data-name=\"your-name\"><input size=\"40\" maxlength=\"400\" class=\"wpcf7-form-control wpcf7-text wpcf7-validates-as-required\" aria-required=\"true\" aria-invalid=\"false\" value=\"\" type=\"text\" name=\"your-name\" \/><\/span>\n<\/p>\n<p><label>Ciutat*<\/label><br \/>\n<span class=\"wpcf7-form-control-wrap\" data-name=\"ciutat\"><input size=\"40\" maxlength=\"400\" class=\"wpcf7-form-control wpcf7-text wpcf7-validates-as-required\" aria-required=\"true\" aria-invalid=\"false\" value=\"\" type=\"text\" name=\"ciutat\" \/><\/span>\n<\/p>\n<p><label>Empresa<span class=\"wpcf7-form-control-wrap\" data-name=\"text-989\"><input size=\"40\" maxlength=\"400\" class=\"wpcf7-form-control wpcf7-text\" aria-invalid=\"false\" value=\"\" type=\"text\" name=\"text-989\" \/><\/span><\/label>\n<\/p>\n<p><label>Tel\u00e8fon*<span class=\"wpcf7-form-control-wrap\" data-name=\"tel-581\"><input size=\"40\" maxlength=\"400\" class=\"wpcf7-form-control wpcf7-tel wpcf7-validates-as-required wpcf7-text wpcf7-validates-as-tel\" aria-required=\"true\" aria-invalid=\"false\" value=\"\" type=\"tel\" name=\"tel-581\" \/><\/span><\/label>\n<\/p>\n<p><label>Correu electr\u00f2nic*<\/label><br \/>\n<span class=\"wpcf7-form-control-wrap\" data-name=\"your-email\"><input size=\"40\" maxlength=\"400\" class=\"wpcf7-form-control wpcf7-email wpcf7-validates-as-required wpcf7-text wpcf7-validates-as-email\" aria-required=\"true\" aria-invalid=\"false\" value=\"\" type=\"email\" name=\"your-email\" \/><\/span>\n<\/p>\n<p><label>Consulta*<\/label><br \/>\n<span class=\"wpcf7-form-control-wrap\" data-name=\"your-message\"><textarea cols=\"40\" rows=\"10\" maxlength=\"2000\" class=\"wpcf7-form-control wpcf7-textarea wpcf7-validates-as-required\" aria-required=\"true\" aria-invalid=\"false\" name=\"your-message\"><\/textarea><\/span>\n<\/p>\n<p><span class=\"wpcf7-form-control-wrap\" data-name=\"acceptance-660\"><span class=\"wpcf7-form-control wpcf7-acceptance\"><span class=\"wpcf7-list-item\"><label><input type=\"checkbox\" name=\"acceptance-660\" value=\"1\" aria-invalid=\"false\" \/><span class=\"wpcf7-list-item-label\">He llegit i accepto la <a href=\"https:\/\/aluminiosiluro.com\/ca\/politica-de-privacidad\/\" target=\"_blank\">pol\u00edtica de privacitat.<\/span><\/label><\/span><\/span><\/span>\n<\/p>\n<p><input class=\"wpcf7-form-control wpcf7-submit has-spinner button\" type=\"submit\" value=\"Enviar\" \/>\n<\/p><p style=\"display: none !important;\" class=\"akismet-fields-container\" data-prefix=\"_wpcf7_ak_\"><label>&#916;<textarea name=\"_wpcf7_ak_hp_textarea\" cols=\"45\" rows=\"8\" maxlength=\"100\"><\/textarea><\/label><input type=\"hidden\" id=\"ak_js_1\" name=\"_wpcf7_ak_js\" value=\"58\"\/><script>document.getElementById( \"ak_js_1\" ).setAttribute( \"value\", ( new Date() ).getTime() );<\/script><\/p><div class=\"wpcf7-response-output\" aria-hidden=\"true\"><\/div>\n<\/form>\n<\/div>\n\n\n\n\t\t<\/div>\n\t\t\t\t\t<\/div>\n\n\t\n\n<\/div>\n\n\t\t<\/div>\n\n\t\t\n<style>\n#section_307258307 {\n  padding-top: 0px;\n  padding-bottom: 0px;\n}\n#section_307258307 .section-bg-overlay {\n  background-color: rgba(255, 255, 255, 0.85);\n}\n<\/style>\n\t<\/section>\n\t\n\n","protected":false},"excerpt":{"rendered":"","protected":false},"author":1,"featured_media":0,"parent":0,"menu_order":0,"comment_status":"closed","ping_status":"closed","template":"page-blank.php","meta":{"ngg_post_thumbnail":0,"footnotes":""},"class_list":["post-1571","page","type-page","status-publish","hentry"],"_links":{"self":[{"href":"https:\/\/aluminiosiluro.com\/ca\/wp-json\/wp\/v2\/pages\/1571","targetHints":{"allow":["GET"]}}],"collection":[{"href":"https:\/\/aluminiosiluro.com\/ca\/wp-json\/wp\/v2\/pages"}],"about":[{"href":"https:\/\/aluminiosiluro.com\/ca\/wp-json\/wp\/v2\/types\/page"}],"author":[{"embeddable":true,"href":"https:\/\/aluminiosiluro.com\/ca\/wp-json\/wp\/v2\/users\/1"}],"replies":[{"embeddable":true,"href":"https:\/\/aluminiosiluro.com\/ca\/wp-json\/wp\/v2\/comments?post=1571"}],"version-history":[{"count":23,"href":"https:\/\/aluminiosiluro.com\/ca\/wp-json\/wp\/v2\/pages\/1571\/revisions"}],"predecessor-version":[{"id":4630,"href":"https:\/\/aluminiosiluro.com\/ca\/wp-json\/wp\/v2\/pages\/1571\/revisions\/4630"}],"wp:attachment":[{"href":"https:\/\/aluminiosiluro.com\/ca\/wp-json\/wp\/v2\/media?parent=1571"}],"curies":[{"name":"wp","href":"https:\/\/api.w.org\/{rel}","templated":true}]}}