{"id":2380,"date":"2021-01-31T21:52:33","date_gmt":"2021-01-31T20:52:33","guid":{"rendered":"https:\/\/aluminiosiluro.com\/?page_id=2380"},"modified":"2021-02-25T21:25:11","modified_gmt":"2021-02-25T20:25:11","slug":"politica-de-privacidad","status":"publish","type":"page","link":"https:\/\/aluminiosiluro.com\/ca\/politica-de-privacidad\/","title":{"rendered":"Pol\u00edtica De Privacitat"},"content":{"rendered":"\n<p>PROTECCI\u00d3 DE DADES<br>D&#8217;acord amb la Llei Org\u00e0nica 15\/1999 de protecci\u00f3 de dades de car\u00e0cter Personal (LOPD), Fusteria d&#8217;Alumini Aluminis Iluro, S. L. S&#8217;informa als usuaris del seu lloc web que les dades personals recollides per l&#8217;empresa, a trav\u00e9s dels formularis de llocs en les seves p\u00e0gines, ells s&#8217;inscriur\u00e0 en un fitxer automatitzat sota la responsabilitat de fusteria d&#8217;alumini d&#8217;alumini Iluro, S.L., per tal de facilitar, agilitar i complir els compromisos establerts entre les parts.<\/p>\n\n\n\n<p>Aix\u00ed mateix, Fusteria d&#8217;Alumini Aluminis Iluro, S. L. informes de la possibilitat d&#8217;exercir els drets d&#8217;acc\u00e9s, rectificaci\u00f3, cancel\u00b7laci\u00f3 i oposici\u00f3 per escrit a l&#8217;adre\u00e7a: Fusteria d&#8217;Alumini Aluminis Iluro, S. L. C \/. dels Remences, 56 \u2013 Pol. Ind. Vallveric. 08304 Matar\u00f3 (Barcelona).<\/p>\n\n\n\n<p>Mentre que l&#8217;usuari no comunica una altra manera de fusteria d&#8217;alumini d&#8217;alumini Iluro, S.L., Aix\u00f2 significa que les seves dades no ha estat modificada, l&#8217;usuari es compromet a notificar fusteria d&#8217;alumini d&#8217;alumini Iluro, S. L. qualsevol variaci\u00f3 i fusteria d&#8217;alumini d&#8217;alumini Iluro, S. L. vost\u00e8 t\u00e9 el consentiment per utilitzar-les per poder mantenir la relaci\u00f3 entre les parts.<\/p>\n\n\n\n<p>PROPIETAT INTEL\u00b7LECTUAL I INDUSTRIAL<br>Fusteria d&#8217;Alumini Aluminis Iluro, S. L. per si mateix o com a cession\u00e0ria, \u00e9s titular de tots els drets de propietat intel\u00b7lectual i industrial de la p\u00e0gina web, aix\u00ed com els elements continguts en la mateixa (limitaci\u00f3, imatges, so, \u00e0udio, v\u00eddeo, programari o textos; marques o logotips, combinacions de colors, estructura i disseny, selecci\u00f3 dels materials a utilitzar, programes d&#8217;ordinador necessaris per al seu funcionament, acc\u00e9s i \u00fas, etc..), propietat de fusteria d&#8217;alumini d&#8217;alumini Iluro, S.L.. Seran, com a conseq\u00fc\u00e8ncia, obres protegides com a propietat intel\u00b7lectual per l&#8217;ordenament jur\u00eddic espanyol, fent-los aplicable la normativa espanyola i comunit\u00e0ria en aquest camp, com els tractats internacionals subscrits per Espanya i relacionades amb el m\u00f3n.<\/p>\n\n\n\n<p>Tots els drets reservats. Als articles 8 i 32.1, segon par\u00e0graf, la Llei de propietat intel\u00b7lectual, es prohibeix expressament la reproducci\u00f3, la distribuci\u00f3 i comunicaci\u00f3 p\u00fablica, inclosa la seva modalitat de posada a disposici\u00f3, de tot o part dels continguts d&#8217;aquest lloc web, amb finalitats comercials, en qualsevol suport i per qualsevol t\u00e8cnic mitj\u00e0, sense el perm\u00eds de fusteria d&#8217;alumini d&#8217;alumini Iluro, S. L.<\/p>\n\n\n\n<p>L&#8217;usuari es compromet a respectar els drets de propietat intel\u00b7lectual i Propietat Industrial de fusteria d&#8217;alumini d&#8217;alumini Iluro, S. L. Podeu veure els elements del portal i fins i tot imprimir-los, copiar i emmagatzemar-los en el disc dur del seu ordinador o qualsevol altre suport f\u00edsic sempre que sigui, exclusivament, per a \u00fas personal i privat. L&#8217;usuari no s&#8217;ha suprimir, alterar, eludir o manipular qualsevol protecci\u00f3 dispositiu o sistema de seguretat que va instal\u00b7lar a la fusteria de p\u00e0gines de Iluro d&#8217;alumini d&#8217;alumini, S. L.<\/p>\n\n\n\n<p>ACCIONS LEGALS, LEGISLACI\u00d3 APLICABLE I JURISDICCI\u00d3<br>Fusteria d&#8217;Alumini Aluminis Iluro, S.L., tamb\u00e9, presents accions civils o penals que consideri oportunes per l&#8217;\u00fas indegut del seu lloc web i el contingut, o per incompliment d&#8217;aquests termes i condicions.<\/p>\n\n\n\n<p>La relaci\u00f3 entre l&#8217;usuari i el prove\u00efdor ser\u00e0 es regeix per la normativa vigent i aplicable en el territori espanyol. Si qualsevol parts disputa poden sotmetre els seus conflictes a l&#8217;arbitratge o anar a la jurisdicci\u00f3 civil complir la normativa sobre la jurisdicci\u00f3 i compet\u00e8ncia en aquest sentit. Fusteria d&#8217;Alumini Aluminis Iluro, S. L. t\u00e9 el seu domicili a Matar\u00f3, BARCELONA, Espanya.<\/p>\n","protected":false},"excerpt":{"rendered":"<p>PROTECCI\u00d3 DE DADESD&#8217;acord amb la Llei Org\u00e0nica 15\/1999 de protecci\u00f3 de dades de car\u00e0cter Personal (LOPD), Fusteria d&#8217;Alumini Aluminis Iluro, S. L. S&#8217;informa als usuaris del seu lloc web que les dades personals recollides per l&#8217;empresa, a trav\u00e9s dels formularis de llocs en les seves p\u00e0gines, ells s&#8217;inscriur\u00e0 en un fitxer automatitzat sota la responsabilitat [&#8230;]\n","protected":false},"author":1,"featured_media":0,"parent":0,"menu_order":0,"comment_status":"closed","ping_status":"open","template":"","meta":{"ngg_post_thumbnail":0,"footnotes":""},"class_list":["post-2380","page","type-page","status-publish","hentry"],"_links":{"self":[{"href":"https:\/\/aluminiosiluro.com\/ca\/wp-json\/wp\/v2\/pages\/2380","targetHints":{"allow":["GET"]}}],"collection":[{"href":"https:\/\/aluminiosiluro.com\/ca\/wp-json\/wp\/v2\/pages"}],"about":[{"href":"https:\/\/aluminiosiluro.com\/ca\/wp-json\/wp\/v2\/types\/page"}],"author":[{"embeddable":true,"href":"https:\/\/aluminiosiluro.com\/ca\/wp-json\/wp\/v2\/users\/1"}],"replies":[{"embeddable":true,"href":"https:\/\/aluminiosiluro.com\/ca\/wp-json\/wp\/v2\/comments?post=2380"}],"version-history":[{"count":1,"href":"https:\/\/aluminiosiluro.com\/ca\/wp-json\/wp\/v2\/pages\/2380\/revisions"}],"predecessor-version":[{"id":2381,"href":"https:\/\/aluminiosiluro.com\/ca\/wp-json\/wp\/v2\/pages\/2380\/revisions\/2381"}],"wp:attachment":[{"href":"https:\/\/aluminiosiluro.com\/ca\/wp-json\/wp\/v2\/media?parent=2380"}],"curies":[{"name":"wp","href":"https:\/\/api.w.org\/{rel}","templated":true}]}}