{"id":2389,"date":"2021-01-31T21:57:17","date_gmt":"2021-01-31T20:57:17","guid":{"rendered":"https:\/\/aluminiosiluro.com\/?page_id=2389"},"modified":"2021-02-25T21:26:07","modified_gmt":"2021-02-25T20:26:07","slug":"aviso-legal","status":"publish","type":"page","link":"https:\/\/aluminiosiluro.com\/ca\/aviso-legal\/","title":{"rendered":"Av\u00eds Legal"},"content":{"rendered":"\n<p>CONDICIONS D&#8217;\u00daS<\/p>\n\n\n\n<p>D&#8217;acord amb la Llei 34\/2002, de 11 Juliol, la societat de serveis d&#8217;informaci\u00f3 i de comer\u00e7 electr\u00f2nic (LSSI-CE), Fusteria d&#8217;Alumini Aluminis Iluro, S. L. S&#8217;informa que \u00e9s titular de la web www.aluminiosiluro.com. D&#8217;acord amb el requisit de l&#8217;article 10 de la Llei esmentada, Fusteria d&#8217;Alumini Aluminis Iluro, S. L. les dades seg\u00fcents s&#8217;informa:<\/p>\n\n\n\n<p>El propietari d&#8217;aquesta web \u00e9s de fusteria d&#8217;alumini d&#8217;alumini Iluro, S.L., amb CIF B60777851 i domicili social al C \/. dels Remences, 56 \u2013 Pol. Ind. Vallveric. 08304 Matar\u00f3 (Barcelona). L&#8217;adre\u00e7a de correu electr\u00f2nic de contacte \u00e9s: info@aluminiosiluro.com.<\/p>\n\n\n\n<p>L&#8217;USUARI I EL SISTEMA DE RESPONSABILITATS<\/p>\n\n\n\n<p>Navegaci\u00f3, acc\u00e9s i \u00fas per la fusteria del web de Iluro d&#8217;alumini d&#8217;alumini, S. L. atribueix la condici\u00f3 d&#8217;usuari, Per qu\u00e8 s&#8217;accepten, de la fusteria d&#8217;alumini de alumini Iluro navegaci\u00f3 de web, S.L., totes les condicions d&#8217;\u00fas conjunt endavant aqu\u00ed sense perjudici de l&#8217;aplicaci\u00f3 del corresponent legal exigible segons la jurisprud\u00e8ncia.<\/p>\n\n\n\n<p>La fusteria de web de Iluro d&#8217;alumini d&#8217;alumini, S. L. ofereix una gran varietat d&#8217;informaci\u00f3, i serveis de dades. L&#8217;usuari assumeix la responsabilitat de l&#8217;\u00fas correcte del lloc web. Aquesta responsabilitat s&#8217;est\u00e9n a:<\/p>\n\n\n\n<p>\u2013 La veracitat i la legalitat de la informaci\u00f3 proporcionada per l&#8217;usuari en els formularis de fusteria d&#8217;alumini d&#8217;alumini Iluro, S. L. accedir a determinats continguts o serveis oferts per la web.<\/p>\n\n\n\n<p>\u2013 L&#8217;\u00fas de la informaci\u00f3, i serveis de dades fusteria d&#8217;alumini d&#8217;alumini Iluro, S. L. contrari a les disposicions d&#8217;aquests termes i condicions, la Llei, la moral, bons costums o l&#8217;ordre p\u00fablic, o que en cas contrari es pot constituir violaci\u00f3 dels drets de tercers o la mateixa actuaci\u00f3 del lloc web.<\/p>\n\n\n\n<p>POL\u00cdTICA D&#8217;ENLLA\u00c7OS I EXEMPCIONS DE RESPONSABILITAT<\/p>\n\n\n\n<p>Fusteria d&#8217;Alumini Aluminis Iluro, S. L. no \u00e9s responsable pel contingut dels llocs web que l&#8217;usuari pugui accedir mitjan\u00e7ant els enlla\u00e7os proporcionats en el seu lloc web i declara que en cap cas seran examinar o exercitar cap tipus de control sobre el contingut dels altres llocs Web. Aix\u00ed mateix, no garanteix la disponibilitat t\u00e8cnica, precisi\u00f3, veracitat, validesa o legalitat de llocs externs a la seva propietat que es pot accedir a trav\u00e9s dels enlla\u00e7os.<\/p>\n\n\n\n<p>Fusteria d&#8217;Alumini Aluminis Iluro, S. L. Units s&#8217;han pres totes les mesures necess\u00e0ries per evitar qualsevol dany als usuaris del seu lloc web, que es puguin derivar de la navegaci\u00f3 pel lloc web. Com a resultat, Fusteria d&#8217;Alumini Aluminis Iluro, S. L. no es fa responsable, en qualsevol cas, danys i perjudicis que pugui patir l&#8217;usuari per navegar per Internet.<\/p>\n\n\n\n<p>MODIFICACIONS<\/p>\n\n\n\n<p>Fusteria d&#8217;Alumini Aluminis Iluro, S. L. es reserva el dret de fer els canvis que consideri oportunes, sense previ av\u00eds, en el contingut del seu lloc web. Tant en relaci\u00f3 amb els continguts del lloc web, com en les condicions d&#8217;\u00fas de la mateixa. Aquestes modificacions es pot fer a trav\u00e9s del seu lloc web: qualsevol forma admissible en dret i s&#8217;aplicaran durant el temps en que es publiquen a la web i no s\u00f3n v\u00e0lidament modificats per altres m\u00e9s tard.<\/p>\n","protected":false},"excerpt":{"rendered":"<p>CONDICIONS D&#8217;\u00daS D&#8217;acord amb la Llei 34\/2002, de 11 Juliol, la societat de serveis d&#8217;informaci\u00f3 i de comer\u00e7 electr\u00f2nic (LSSI-CE), Fusteria d&#8217;Alumini Aluminis Iluro, S. L. S&#8217;informa que \u00e9s titular de la web www.aluminiosiluro.com. D&#8217;acord amb el requisit de l&#8217;article 10 de la Llei esmentada, Fusteria d&#8217;Alumini Aluminis Iluro, S. L. les dades seg\u00fcents s&#8217;informa: [&#8230;]\n","protected":false},"author":1,"featured_media":0,"parent":0,"menu_order":0,"comment_status":"closed","ping_status":"closed","template":"","meta":{"ngg_post_thumbnail":0,"footnotes":""},"class_list":["post-2389","page","type-page","status-publish","hentry"],"_links":{"self":[{"href":"https:\/\/aluminiosiluro.com\/ca\/wp-json\/wp\/v2\/pages\/2389","targetHints":{"allow":["GET"]}}],"collection":[{"href":"https:\/\/aluminiosiluro.com\/ca\/wp-json\/wp\/v2\/pages"}],"about":[{"href":"https:\/\/aluminiosiluro.com\/ca\/wp-json\/wp\/v2\/types\/page"}],"author":[{"embeddable":true,"href":"https:\/\/aluminiosiluro.com\/ca\/wp-json\/wp\/v2\/users\/1"}],"replies":[{"embeddable":true,"href":"https:\/\/aluminiosiluro.com\/ca\/wp-json\/wp\/v2\/comments?post=2389"}],"version-history":[{"count":1,"href":"https:\/\/aluminiosiluro.com\/ca\/wp-json\/wp\/v2\/pages\/2389\/revisions"}],"predecessor-version":[{"id":2390,"href":"https:\/\/aluminiosiluro.com\/ca\/wp-json\/wp\/v2\/pages\/2389\/revisions\/2390"}],"wp:attachment":[{"href":"https:\/\/aluminiosiluro.com\/ca\/wp-json\/wp\/v2\/media?parent=2389"}],"curies":[{"name":"wp","href":"https:\/\/api.w.org\/{rel}","templated":true}]}}