{"id":2393,"date":"2021-01-31T22:00:14","date_gmt":"2021-01-31T21:00:14","guid":{"rendered":"https:\/\/aluminiosiluro.com\/?page_id=2393"},"modified":"2021-02-25T21:26:45","modified_gmt":"2021-02-25T20:26:45","slug":"politica-de-cookies","status":"publish","type":"page","link":"https:\/\/aluminiosiluro.com\/ca\/politica-de-cookies\/","title":{"rendered":"Pol\u00edtica De Cookies"},"content":{"rendered":"\n<p>Una Cookie \u00e9s un fitxer que \u00e9s descarregat al seu ordinador quan accedeixi a determinades p\u00e0gines web. Les cookies permeten a una p\u00e0gina web, entre altres coses, emmagatzemar i recuperar informaci\u00f3 sobre l&#8217;ordinador o un usuari h\u00e0bits de navegaci\u00f3 i, Segons la informaci\u00f3 que es proporciona i la manera que vost\u00e8 utilitza el seu ordinador, es poden recon\u00e8ixer l&#8217;usuari.<\/p>\n\n\n\n<p>Les cookies s\u00f3n essencials per al funcionament d&#8217;internet, proporcionant innombrables avantatges en la prestaci\u00f3 de serveis interactius, proporcionar navegaci\u00f3 i usabilitat de la nostra web.<\/p>\n\n\n\n<p>La informaci\u00f3 que li proporcionem a continuaci\u00f3, li ajudar\u00e0 a comprendre els diferents tipus de cookies:<\/p>\n\n\n\n<table class=\"wp-block-table\"><tbody><tr><td>TIPUS DE COOKIES<\/td><\/tr><tr><td>SEGONS L&#8217;ENTITAT QUE LES GESTIONI<\/td><td>Cookies pr\u00f2pies<\/td><td>S\u00f3n aquelles que es recapten pel propi editor per prestar el servei sol\u00b7licitat per l&#8217;usuari.<\/td><\/tr><tr><td>Cookies de tercers<\/td><td>S\u00f3n aquells que s\u00f3n recollides i gestionada per un tercer, Aquestes no es poden considerar propis.<\/td><\/tr><tr><td>SEGONS EL TERMINI DE TEMPS QUE ROMANGUIN ACTIVADES<\/td><td>Cookies de sessi\u00f3<\/td><td>Recollir dades, mentre que l&#8217;usuari navega per la xarxa amb la finalitat de prestar el servei sol\u00b7licitat.<\/td><\/tr><tr><td>Cookies persistents<\/td><td>S&#8217;emmagatzemen en el terminal i la informaci\u00f3 obtinguda, ser\u00e0 utilitzada pel responsable de la cookie amb la finalitat de prestar el servei sol\u00b7licitat.<\/td><\/tr><tr><td>SEGONS LA SEVA FINALITAT<\/td><td>Cookies t\u00e8cniques<\/td><td>S\u00f3n les necess\u00e0ries per a la correcta navegaci\u00f3 per la web.<\/td><\/tr><tr><td>Cookies t\u00e8cniques de personalitzaci\u00f3<\/td><td>Permeten que les caracter\u00edstiques de l&#8217;usuari (idioma) per a la navegaci\u00f3 en la web<\/td><\/tr><tr><td>Cookies d&#8217;an\u00e0lisi<\/td><td>Permeten al prestador l&#8217;an\u00e0lisi vinculada a la navegaci\u00f3 realitzada per l&#8217;usuari, amb la finalitat de portar un seguiment d&#8217;\u00fas de la p\u00e0gina web, aix\u00ed com les estad\u00edstiques dels continguts m\u00e9s visitats, nombre de visitants, etc.<\/td><\/tr><tr><td>Cookies publicit\u00e0ries<\/td><td>Permetre l&#8217;editor d&#8217;incloure a la web, espais de publicitat, En funci\u00f3 del contingut de la web.<\/td><\/tr><tr><td>Cookies de publicitat comportamental<\/td><td>Permetre l&#8217;editor inclouen publicitat espai segons la informaci\u00f3 obtinguda a trav\u00e9s de l&#8217;usuari els costums de navegaci\u00f3 a la p\u00e0gina web.<\/td><\/tr><\/tbody><\/table>\n\n\n\n<p>Segons l&#8217;article 22.2 de la Llei 34\/2002, de 11 Juliol, la societat de serveis d&#8217;informaci\u00f3 i de comer\u00e7 electr\u00f2nic (LSSI-CE), Fusteria d&#8217;Alumini Aluminis Iluro, S. L. informa de les cookies utilitzades en nostra website:<\/p>\n\n\n\n<table class=\"wp-block-table\"><tbody><tr><td><\/td><td>TIPUS DE COOKIES<\/td><\/tr><tr><td>Cookies pr\u00f2pies<\/td><td>Cookies de tercers<\/td><td>Cookies de sessi\u00f3<\/td><td>Cookies persistents<\/td><\/tr><tr><td>PROP\u00d2SIT<\/td><td>Cookies t\u00e8cniques<\/td><td>X<\/td><td><\/td><td><\/td><td><\/td><\/tr><tr><td>Cookies t\u00e8cniques de personalitzaci\u00f3<\/td><td><\/td><td><\/td><td><\/td><td><\/td><\/tr><tr><td>Cookies d&#8217;an\u00e0lisi<\/td><td>X<\/td><td><\/td><td><\/td><td><\/td><\/tr><tr><td>Cookies publicit\u00e0ries<\/td><td><\/td><td><\/td><td><\/td><td><\/td><\/tr><tr><td>Cookies de publicitat comportamental<\/td><td><\/td><td><\/td><td><\/td><td><\/td><\/tr><\/tbody><\/table>\n\n\n\n<p>Aix\u00ed mateix, Fusteria d&#8217;Alumini Aluminis Iluro, S. L. informa l&#8217;usuari que t\u00e9 la possibilitat de configurar el seu navegador per ser avisat de la recepci\u00f3 de cookies, poder, Si ho desitja, impedir que siguin instal\u00b7lades en el seu disc dur.<br>&nbsp;<br>A continuaci\u00f3 oferim enlla\u00e7os a diversos navegadors, a trav\u00e9s del qual pot realitzar aquesta configuraci\u00f3:<br>&nbsp;<br><strong>Firefox des d&#8217;aqu\u00ed:<\/strong>&nbsp;<a href=\"http:\/\/support.mozilla.org\/es\/kb\/habilitar-y-deshabilitar-cookies-que-los-sitios-we\" target=\"_blank\" rel=\"noreferrer noopener\">http:\/\/support.mozilla.org\/es\/KB\/habilitar-y-deshabilitar-cookies-que-los-Sitios-We<\/a><\/p>\n\n\n\n<p><strong>Chrome des d&#8217;aqu\u00ed:<\/strong>&nbsp;<a href=\"http:\/\/support.google.com\/chrome\/bin\/answer.py?hl=es&amp;answer=95647\" target=\"_blank\" rel=\"noreferrer noopener\">http:\/\/support.Google.com\/Chrome\/bin\/answer.py?HL = es&amp;resposta = 95647<\/a><\/p>\n\n\n\n<p><strong>Explorer des d&#8217;aqu\u00ed:<\/strong>&nbsp;<a href=\"http:\/\/windows.microsoft.com\/es-es\/internet-explorer\/delete-manage-cookies#ie=ie-10\" target=\"_blank\" rel=\"noreferrer noopener\">http:\/\/Windows.Microsoft.com\/es-es\/Internet-Explorer\/Delete-Manage-cookies#IE=IE-10<\/a><\/p>\n\n\n\n<p><strong>Safari des d&#8217;aqu\u00ed:<\/strong>&nbsp;<a href=\"http:\/\/support.apple.com\/kb\/ph5042\" target=\"_blank\" rel=\"noreferrer noopener\">http:\/\/support.Apple.com\/KB\/ph5042<\/a><\/p>\n\n\n\n<p><strong>Opera des d&#8217;aqu\u00ed:<\/strong>&nbsp;<a href=\"http:\/\/help.opera.com\/Windows\/11.50\/es-ES\/cookies.html\" target=\"_blank\" rel=\"noreferrer noopener\">http:\/\/help.opera.com\/Windows\/11.50\/es-ES\/cookies.html<\/a><\/p>\n","protected":false},"excerpt":{"rendered":"<p>Una Cookie \u00e9s un fitxer que \u00e9s descarregat al seu ordinador quan accedeixi a determinades p\u00e0gines web. Les cookies permeten a una p\u00e0gina web, entre altres coses, emmagatzemar i recuperar informaci\u00f3 sobre l&#8217;ordinador o un usuari h\u00e0bits de navegaci\u00f3 i, Segons la informaci\u00f3 que es proporciona i la manera que vost\u00e8 utilitza el seu ordinador, [&#8230;]\n","protected":false},"author":1,"featured_media":0,"parent":0,"menu_order":0,"comment_status":"closed","ping_status":"closed","template":"","meta":{"ngg_post_thumbnail":0,"footnotes":""},"class_list":["post-2393","page","type-page","status-publish","hentry"],"_links":{"self":[{"href":"https:\/\/aluminiosiluro.com\/ca\/wp-json\/wp\/v2\/pages\/2393","targetHints":{"allow":["GET"]}}],"collection":[{"href":"https:\/\/aluminiosiluro.com\/ca\/wp-json\/wp\/v2\/pages"}],"about":[{"href":"https:\/\/aluminiosiluro.com\/ca\/wp-json\/wp\/v2\/types\/page"}],"author":[{"embeddable":true,"href":"https:\/\/aluminiosiluro.com\/ca\/wp-json\/wp\/v2\/users\/1"}],"replies":[{"embeddable":true,"href":"https:\/\/aluminiosiluro.com\/ca\/wp-json\/wp\/v2\/comments?post=2393"}],"version-history":[{"count":1,"href":"https:\/\/aluminiosiluro.com\/ca\/wp-json\/wp\/v2\/pages\/2393\/revisions"}],"predecessor-version":[{"id":2394,"href":"https:\/\/aluminiosiluro.com\/ca\/wp-json\/wp\/v2\/pages\/2393\/revisions\/2394"}],"wp:attachment":[{"href":"https:\/\/aluminiosiluro.com\/ca\/wp-json\/wp\/v2\/media?parent=2393"}],"curies":[{"name":"wp","href":"https:\/\/api.w.org\/{rel}","templated":true}]}}