{"id":1747,"date":"2021-01-18T18:27:43","date_gmt":"2021-01-18T17:27:43","guid":{"rendered":"https:\/\/aluminiosiluro.com\/?page_id=1747"},"modified":"2026-03-09T12:13:46","modified_gmt":"2026-03-09T11:13:46","slug":"aluminium-joinery","status":"publish","type":"page","link":"https:\/\/aluminiosiluro.com\/en\/aluminium-joinery\/","title":{"rendered":"Aluminium joinery"},"content":{"rendered":"\n\n\t<section class=\"section\" id=\"section_2027139811\">\n\t\t<div class=\"section-bg fill\" >\n\t\t\t\t\t\t\t\t\t<div class=\"section-bg-overlay absolute fill\"><\/div>\n\t\t\t\n\n\t\t<\/div>\n\n\t\t\n\n\t\t<div class=\"section-content relative\">\n\t\t\t\n\n<div class=\"container section-title-container Letra_peque\u00f1a\" style=\"margin-top:20px;margin-bottom:20px;\"><h1 class=\"section-title section-title-center\"><b aria-hidden=\"true\"><\/b><span class=\"section-title-main\" style=\"font-size:128%;\">Aluminium joinery<\/span><b aria-hidden=\"true\"><\/b><\/h1><\/div>\n\n<div class=\"row row-large align-middle\"  id=\"row-1574022042\">\n\n\n\t<div id=\"col-539479658\" class=\"col small-12 large-12\"  >\n\t\t\t\t<div class=\"col-inner text-left\"  >\n\t\t\t\n\t\t\t\n\n<p><span style=\"font-size: 105%;\">At Aluminios Iluro we have extensive experience in aluminium joinery, because it is our core business and the origin of our roots. One of our main guarantees is that we are manufacturers and installers of the leading brands.<\/span><\/p>\n<p><span style=\"font-size: 105%;\">We provide advice and carry out projects for both individuals and companies. We work in coordination with the commercial department and the technical department, which ensures a high level of quality and satisfaction in all the work we carry out.<\/span><\/p>\n\n\t\t<\/div>\n\t\t\t\t\n<style>\n#col-539479658 > .col-inner {\n  padding: 0px 0px 0px 0px;\n  margin: 0px 0px 0px 0;\n}\n@media (min-width:550px) {\n  #col-539479658 > .col-inner {\n    padding: 20px 0px 0px 0px;\n  }\n}\n<\/style>\n\t<\/div>\n\n\t\n\n\n<style>\n#row-1574022042 > .col > .col-inner {\n  padding: 0px 0px 0px 0px;\n}\n<\/style>\n<\/div>\n\n\t\t<\/div>\n\n\t\t\n<style>\n#section_2027139811 {\n  padding-top: 0px;\n  padding-bottom: 0px;\n  background-color: rgb(255, 255, 255);\n}\n#section_2027139811 .section-bg-overlay {\n  background-color: rgba(255, 255, 255, 0.85);\n}\n<\/style>\n\t<\/section>\n\t\n\n\t<section class=\"section\" id=\"section_688963851\">\n\t\t<div class=\"section-bg fill\" >\n\t\t\t\t\t\t\t\t\t<div class=\"section-bg-overlay absolute fill\"><\/div>\n\t\t\t\n\n\t\t<\/div>\n\n\t\t\n\n\t\t<div class=\"section-content relative\">\n\t\t\t\n\n<div class=\"container section-title-container\" style=\"margin-top:20px;margin-bottom:20px;\"><h3 class=\"section-title section-title-normal\"><b aria-hidden=\"true\"><\/b><span class=\"section-title-main\" style=\"font-size:142%;\">Our products and services<\/span><b aria-hidden=\"true\"><\/b><\/h3><\/div>\n\n<div class=\"row Modificar_columnas\"  id=\"row-2138429677\">\n\n\n\t<div id=\"col-1642637393\" class=\"col medium-6 small-12 large-6\"  >\n\t\t\t\t<div class=\"col-inner\"  >\n\t\t\t\n\t\t\t\n\n<ul>\n<li><span style=\"font-size: 105%;\">Aluminium windows<\/span><\/li>\n<li><span style=\"font-size: 105%;\">PVC windows<\/span><\/li>\n<li><span style=\"font-size: 105%;\">Wooden-aluminium windows<\/span><\/li>\n<li><span style=\"font-size: 105%;\">Closures<\/span><\/li>\n<li><span style=\"font-size: 105%;\">Glass curtain<\/span><\/li>\n<li><span style=\"font-size: 105%;\">Moving ceilings<\/span><\/li>\n<li><span style=\"font-size: 105%;\">Ecological pergolas<\/span><\/li>\n<li><span style=\"font-size: 105%;\">Awnings and curtain screens<\/span><\/li>\n<li><span style=\"font-size: 105%;\">Aluminium or PVC Majorcan shutters<\/span><\/li>\n<\/ul>\n\n\t\t<\/div>\n\t\t\t\t\t<\/div>\n\n\t\n\n\t<div id=\"col-1270144867\" class=\"col medium-6 small-12 large-6\"  >\n\t\t\t\t<div class=\"col-inner\"  >\n\t\t\t\n\t\t\t\n\n<div class=\"col small-12 large-12\">\n<div class=\"col-inner\">\n<ul>\n<li><span style=\"font-size: 105%;\">Safety or adjustable shutters<\/span><\/li>\n<li><span style=\"font-size: 105%;\">Customised bath screens<\/span><\/li>\n<li><span style=\"font-size: 105%;\">Office dividers<\/span><\/li>\n<li><span style=\"font-size: 105%;\">Glass railings<\/span><\/li>\n<li><span style=\"font-size: 105%;\">Fly screens<\/span><\/li>\n<li><span style=\"font-size: 105%;\">Window grates <\/span><\/li>\n<li><span style=\"font-size: 105%;\">Automatic doors <\/span><\/li>\n<li><span style=\"font-size: 105%;\">Community doors and entrance doors<\/span><\/li>\n<li><span style=\"font-size: 105%;\">Other products (Alucobond, aluminium roof, sandwich roof&#8230;)<\/span><\/li>\n<\/ul>\n<\/div>\n<\/div>\n\n\t\t<\/div>\n\t\t\t\t\n<style>\n#col-1270144867 > .col-inner {\n  margin: 0px 0px -30px 0px;\n}\n<\/style>\n\t<\/div>\n\n\t\n\n<\/div>\n\n\t\t<\/div>\n\n\t\t\n<style>\n#section_688963851 {\n  padding-top: 10px;\n  padding-bottom: 10px;\n  background-color: rgba(51, 50, 50, 0.16);\n}\n#section_688963851 .section-bg-overlay {\n  background-color: rgba(255, 255, 255, 0.85);\n}\n@media (min-width:550px) {\n  #section_688963851 {\n    padding-top: 0px;\n    padding-bottom: 0px;\n  }\n}\n<\/style>\n\t<\/section>\n\t\n\n\t<section class=\"section\" id=\"section_681480352\">\n\t\t<div class=\"section-bg fill\" >\n\t\t\t\t\t\t\t\t\t<div class=\"section-bg-overlay absolute fill\"><\/div>\n\t\t\t\n\n\t\t<\/div>\n\n\t\t\n\n\t\t<div class=\"section-content relative\">\n\t\t\t\n\n<div class=\"container section-title-container\" style=\"margin-top:20px;margin-bottom:20px;\"><h3 class=\"section-title section-title-normal\"><b aria-hidden=\"true\"><\/b><span class=\"section-title-main\" style=\"font-size:142%;\">Where we work<\/span><b aria-hidden=\"true\"><\/b><\/h3><\/div>\n\n<div class=\"row\"  id=\"row-428509517\">\n\n\n\t<div id=\"col-468159591\" class=\"col small-12 large-12\"  >\n\t\t\t\t<div class=\"col-inner\"  >\n\t\t\t\n\t\t\t\n\n<div class=\"accordion\">\n\n\t<div id=\"accordion-4050889528\" class=\"accordion-item\">\n\t\t<a id=\"accordion-4050889528-label\" class=\"accordion-title plain active\" href=\"#accordion-item-barcelon\u00e9s\" aria-expanded=\"true\" aria-controls=\"accordion-4050889528-content\">\n\t\t\t<button class=\"toggle\" aria-label=\"Toggle\"><i class=\"icon-angle-down\" aria-hidden=\"true\"><\/i><\/button>\n\t\t\t<span>Barcelon\u00e9s<\/span>\n\t\t<\/a>\n\t\t<div id=\"accordion-4050889528-content\" class=\"accordion-inner\" style=\"display: block;\" aria-labelledby=\"accordion-4050889528-label\">\n\t\t\t\n\n<p><span style=\"font-size: 105%;\">Barcelona, Badalona, Hospitalet de Llobregat, Santa Coloma de Gramenet, Sant Adri\u00e0 de Bes\u00f2s<\/span><\/p>\n\n\t\t<\/div>\n\t<\/div>\n\t\n\t<div id=\"accordion-647286666\" class=\"accordion-item\">\n\t\t<a id=\"accordion-647286666-label\" class=\"accordion-title plain\" href=\"#accordion-item-maresme\" aria-expanded=\"false\" aria-controls=\"accordion-647286666-content\">\n\t\t\t<button class=\"toggle\" aria-label=\"Toggle\"><i class=\"icon-angle-down\" aria-hidden=\"true\"><\/i><\/button>\n\t\t\t<span>Maresme<\/span>\n\t\t<\/a>\n\t\t<div id=\"accordion-647286666-content\" class=\"accordion-inner\" aria-labelledby=\"accordion-647286666-label\">\n\t\t\t\n\n<p><span style=\"font-size: 105%;\">Alella, Arenys de Mar, Arenys de Munt, Argentona, Cabrera de Mar, Cabrils, Caldes d&#8217;Estrac, Calella, Canet de Mar, Dosrius, el Masnou, Malgrat de Mar, Matar\u00f3, Montgat, \u00d2rrius, Palafolls, Pineda de Mar, Premi\u00e0 de Dalt, Premi\u00e0 de Mar, Sant Andreu de Llavaneres, Sant Cebri\u00e0 de Vallalta, Sant Iscle de Vallalta, Sant Pol de Mar, Sant Vicen\u00e7 de Montalt, Santa Susanna, Tei\u00e0, Tiana, Tordera, Vilassar de Dalt, Vilassar de Mar<\/span><\/p>\n\n\t\t<\/div>\n\t<\/div>\n\t\n\t<div id=\"accordion-2715322404\" class=\"accordion-item\">\n\t\t<a id=\"accordion-2715322404-label\" class=\"accordion-title plain\" href=\"#accordion-item-vall\u00e9s-occidental\" aria-expanded=\"false\" aria-controls=\"accordion-2715322404-content\">\n\t\t\t<button class=\"toggle\" aria-label=\"Toggle\"><i class=\"icon-angle-down\" aria-hidden=\"true\"><\/i><\/button>\n\t\t\t<span>Vall\u00e9s occidental<\/span>\n\t\t<\/a>\n\t\t<div id=\"accordion-2715322404-content\" class=\"accordion-inner\" aria-labelledby=\"accordion-2715322404-label\">\n\t\t\t\n\n<p><span style=\"font-size: 105%;\">Badia del Vall\u00e8s, Barber\u00e0 del Vall\u00e8s, Castellar del Vall\u00e8s, Castellbisbal, Cerdanyola del Vall\u00e8s, Gallifa, Matadepera, Montcada i Reixac, Palau-solit\u00e0 i Plegamans, Poliny\u00e0, Rellinars, Ripollet, Rub\u00ed, Sabadell, Sant Cugat del Vall\u00e8s, Sant Lloren\u00e7 Savall, Sant Quirze del Vall\u00e8s, Santa Perp\u00e8tua de Mogoda, Sentmenat, Terrassa, Ullastrell, Vacarisses, Viladecavalls<\/span><\/p>\n\n\t\t<\/div>\n\t<\/div>\n\t\n\t<div id=\"accordion-3731001056\" class=\"accordion-item\">\n\t\t<a id=\"accordion-3731001056-label\" class=\"accordion-title plain\" href=\"#accordion-item-vall\u00e9s-oriental\" aria-expanded=\"false\" aria-controls=\"accordion-3731001056-content\">\n\t\t\t<button class=\"toggle\" aria-label=\"Toggle\"><i class=\"icon-angle-down\" aria-hidden=\"true\"><\/i><\/button>\n\t\t\t<span>Vall\u00e9s oriental<\/span>\n\t\t<\/a>\n\t\t<div id=\"accordion-3731001056-content\" class=\"accordion-inner\" aria-labelledby=\"accordion-3731001056-label\">\n\t\t\t\n\n<p><span style=\"font-size: 105%;\">Aiguafreda, Bigues i Riells, Caldes de Montbui, Campins, Canovelles, C\u00e0noves i Samal\u00fas, Cardedeu, El Figuer\u00f3 i Montmany, Fogars de Montcl\u00fas, Granollers, Gualba, L&#8217;Ametlla del Vall\u00e8s, La Garriga, La Llagosta, La Roca del Vall\u00e8s, Les Franqueses del Vall\u00e8s, Lli\u00e7\u00e0 d&#8217;Amunt, Lli\u00e7\u00e0 de Vall, Llinars del Vall\u00e8s, Martorelles, Mollet del Vall\u00e8s, Montmel\u00f3, Montorn\u00e8s del Vall\u00e8s, Montseny, Parets del Vall\u00e8s, Sant Antoni de Vilamajor, Sant Celoni, Sant Esteve de Palautordera, Sant Feliu de Codines, Sant Fost de Campsentelles, Sant Pere de Vilamajor, Santa Eul\u00e0lia de Ron\u00e7ana, Santa Maria de Martorelles, Santa Maria de Palautordera, Tagamanent, Vallgorguina, Vallromanes, Vilalba Sasserra, Vilanova del Vall\u00e8s<\/span><\/p>\n\n\t\t<\/div>\n\t<\/div>\n\t\n\n<\/div>\n\n\t\t<\/div>\n\t\t\t\t\t<\/div>\n\n\t\n\n<\/div>\n\n\t\t<\/div>\n\n\t\t\n<style>\n#section_681480352 {\n  padding-top: 0px;\n  padding-bottom: 0px;\n}\n#section_681480352 .section-bg-overlay {\n  background-color: rgba(255, 255, 255, 0.85);\n}\n<\/style>\n\t<\/section>\n\t\n\n\t<section class=\"section\" id=\"section_2123738822\">\n\t\t<div class=\"section-bg fill\" >\n\t\t\t\t\t\t\t\t\t<div class=\"section-bg-overlay absolute fill\"><\/div>\n\t\t\t\n\n\t\t<\/div>\n\n\t\t\n\n\t\t<div class=\"section-content relative\">\n\t\t\t\n\n<div class=\"row\"  id=\"row-1523072856\">\n\n\n\t<div id=\"col-149035560\" class=\"col small-12 large-12\"  >\n\t\t\t\t<div class=\"col-inner\"  >\n\t\t\t\n\t\t\t\n\n<div class=\"container section-title-container\" style=\"margin-top:20px;margin-bottom:20px;\"><h3 class=\"section-title section-title-normal\"><b aria-hidden=\"true\"><\/b><span class=\"section-title-main\" style=\"font-size:142%;\">Why choose us?<\/span><b aria-hidden=\"true\"><\/b><\/h3><\/div>\n\n<div class=\"row\"  id=\"row-1873039545\">\n\n\n\t<div id=\"col-172142516\" class=\"col Letra_grande medium-6 small-12 large-6\"  >\n\t\t\t\t<div class=\"col-inner\"  >\n\t\t\t\n\t\t\t\n\n\n\t\t<div class=\"icon-box featured-box icon-box-top text-left\"  >\n\t\t\t\t<div class=\"icon-box-text last-reset\">\n\t\t\t\t\t\t\t\t\t\n\n<h3>Experience<\/h3>\n<p><span style=\"font-size: 105%;\"><strong>Aluminios Iluro<\/strong> was established in 1989 by its young founder David Garcia who was eager to give the market the best quality and service.<\/span><br \/><span style=\"font-size: 105%;\">His perseverance and eagerness to improve has positioned Aluminios Iluro as a leading company in the sector both in the products we develop and in the technology used in the manufacturing and installation process of our metal enclosures.<\/span><\/p>\n\n\t\t<\/div>\n\t<\/div>\n\t\n\t\n\n\t\t<\/div>\n\t\t\t\t\t<\/div>\n\n\t\n\n\t<div id=\"col-941566646\" class=\"col Letra_grande medium-6 small-12 large-6\"  >\n\t\t\t\t<div class=\"col-inner\"  >\n\t\t\t\n\t\t\t\n\n<h3>Product quality<\/h3>\n<p><span style=\"font-size: 105%;\"><strong>Aluminios Iluro<\/strong> really does offer quality to its clients. After all, quality is not simply working with good materials. <\/span><\/p>\n<p><span style=\"font-size: 105%;\">Quality is the sum of many factors.<\/span><\/p>\n\n\t\t<\/div>\n\t\t\t\t\n<style>\n#col-941566646 > .col-inner {\n  margin: 0px 0px -20px 0px;\n}\n<\/style>\n\t<\/div>\n\n\t\n\n<\/div>\n<div class=\"row\"  id=\"row-485633418\">\n\n\n\t<div id=\"col-2061910470\" class=\"col Letra_grande medium-6 small-12 large-6\"  >\n\t\t\t\t<div class=\"col-inner\"  >\n\t\t\t\n\t\t\t\n\n<h3>Reliability<\/h3>\n<p><span style=\"font-size: 105%;\"><strong>Aluminios Iluro<\/strong>\u2019s ambition is to offer its clients an unbeatable service without unpleasant surprises, always respecting what has been agreed.<\/span><\/p>\n\n\t\t<\/div>\n\t\t\t\t\n<style>\n#col-2061910470 > .col-inner {\n  margin: 0px 0px -20px 0px;\n}\n<\/style>\n\t<\/div>\n\n\t\n\n\t<div id=\"col-2132050825\" class=\"col Letra_grande medium-6 small-12 large-6\"  >\n\t\t\t\t<div class=\"col-inner\"  >\n\t\t\t\n\t\t\t\n\n<h3>Professionalism<\/h3>\n<p><span style=\"font-size: 105%;\"><strong>Aluminios Iluro<\/strong> works with a great team in each of its departments. Nowadays, its installations are a reference in the sector.<\/span><\/p>\n\n\t\t<\/div>\n\t\t\t\t\n<style>\n#col-2132050825 > .col-inner {\n  margin: 0px 0px -20px 0px;\n}\n<\/style>\n\t<\/div>\n\n\t\n\n<\/div>\n<div class=\"row\"  id=\"row-212460422\">\n\n\n\t<div id=\"col-962018886\" class=\"col Letra_grande medium-6 small-12 large-6\"  >\n\t\t\t\t<div class=\"col-inner\"  >\n\t\t\t\n\t\t\t\n\n<h3>Service<\/h3>\n<p><span style=\"font-size: 105%;\">The customer quickly realises the difference in the prompt service, in the relationship with the commercial team and in the confidence of having a complete follow-up of the project.<\/span><\/p>\n\n\t\t<\/div>\n\t\t\t\t\n<style>\n#col-962018886 > .col-inner {\n  margin: 0px 0px -20px 0px;\n}\n<\/style>\n\t<\/div>\n\n\t\n\n\t<div id=\"col-1988515304\" class=\"col Letra_grande medium-6 small-12 large-6\"  >\n\t\t\t\t<div class=\"col-inner\"  >\n\t\t\t\n\t\t\t\n\n<h3>The price<\/h3>\n<p><span style=\"font-size: 105%;\"><strong>Aluminios Iluro<\/strong> has an unbeatable price to quality ratio. What&#8217;s more, <span style=\"background-color: #ffff00;\">we offer up to 12 months interest-free finance.<\/span><\/span><\/p>\n\n\t\t<\/div>\n\t\t\t\t\t<\/div>\n\n\t\n\n<\/div>\n\n\t\t<\/div>\n\t\t\t\t\n<style>\n#col-149035560 > .col-inner {\n  padding: 0px 0px 0px 0px;\n  margin: 0px 0px -20px 0px;\n}\n@media (min-width:550px) {\n  #col-149035560 > .col-inner {\n    margin: 0px 0px -px 0px;\n  }\n}\n<\/style>\n\t<\/div>\n\n\t\n\n\n<style>\n#row-1523072856 > .col > .col-inner {\n  padding: 0px 0px 0px 0px;\n}\n<\/style>\n<\/div>\n\n\t\t<\/div>\n\n\t\t\n<style>\n#section_2123738822 {\n  padding-top: 0px;\n  padding-bottom: 0px;\n  min-height: 0px;\n  background-color: rgba(51, 50, 50, 0.16);\n}\n#section_2123738822 .section-bg-overlay {\n  background-color: rgba(255, 255, 255, 0.85);\n}\n@media (min-width:550px) {\n  #section_2123738822 {\n    padding-top: 30px;\n    padding-bottom: 30px;\n  }\n}\n<\/style>\n\t<\/section>\n\t\n\n\t<section class=\"section\" id=\"section_773077340\">\n\t\t<div class=\"section-bg fill\" >\n\t\t\t\t\t\t\t\t\t\n\t\t\t\n\t<div class=\"is-border\"\n\t\tstyle=\"border-width:1px 0px 1px 0px;\">\n\t<\/div>\n\n\t\t<\/div>\n\n\t\t\n\n\t\t<div class=\"section-content relative\">\n\t\t\t\n\n<div class=\"row align-equal\"  id=\"row-211985422\">\n\n\n\t<div id=\"col-1273169664\" class=\"col small-12 large-12\"  >\n\t\t\t\t<div class=\"col-inner\"  >\n\t\t\t\n\t\t\t\n\n<div class=\"container section-title-container\" ><h3 class=\"section-title section-title-normal\"><b aria-hidden=\"true\"><\/b><span class=\"section-title-main\" >Last testimonials of clients and collaborators<\/span><b aria-hidden=\"true\"><\/b><\/h3><\/div>\n\n\n\n\n<div class=\"trustindex-widget\" data-id=\"02332304769c8907af665f6e81b\"><\/div>\n<script defer async src=\"https:\/\/cdn.trustindex.io\/loader.js?02332304769c8907af665f6e81b\"><\/script>\n\n<div class=\"row\"  id=\"row-1199276170\">\n\n\n\t<div id=\"col-1705796457\" class=\"col small-12 large-12\"  >\n\t\t\t\t<div class=\"col-inner text-center\"  >\n\t\t\t\n\t\t\t\n\n<a href=\"https:\/\/aluminiosiluro.com\/en\/testimonials\/\" class=\"button primary\" >\n\t\t<span>More<\/span>\n\t<\/a>\n\n\n\n\t\t<\/div>\n\t\t\t\t\t<\/div>\n\n\t\n\n<\/div>\n\n\t\t<\/div>\n\t\t\t\t\n<style>\n#col-1273169664 > .col-inner {\n  margin: 40px 0px -10px 0px;\n}\n<\/style>\n\t<\/div>\n\n\t\n\n<\/div>\n\n\t\t<\/div>\n\n\t\t\n<style>\n#section_773077340 {\n  padding-top: 0px;\n  padding-bottom: 0px;\n  min-height: 276px;\n  background-color: rgb(241, 241, 241);\n}\n@media (min-width:550px) {\n  #section_773077340 {\n    padding-top: 43px;\n    padding-bottom: 43px;\n  }\n}\n<\/style>\n\t<\/section>\n\t\n\n\t<section class=\"section\" id=\"section_661042991\">\n\t\t<div class=\"section-bg fill\" >\n\t\t\t\t\t\t\t\t\t<div class=\"section-bg-overlay absolute fill\"><\/div>\n\t\t\t\n\n\t\t<\/div>\n\n\t\t\n\n\t\t<div class=\"section-content relative\">\n\t\t\t\n\n<div class=\"container section-title-container\" style=\"margin-top:20px;margin-bottom:20px;\"><h3 class=\"section-title section-title-normal\"><b aria-hidden=\"true\"><\/b><span class=\"section-title-main\" style=\"font-size:142%;\">Contact Us<\/span><b aria-hidden=\"true\"><\/b><\/h3><\/div>\n\n<div class=\"row\"  id=\"row-1276539607\">\n\n\n\t<div id=\"col-1685686606\" class=\"col small-12 large-12\"  >\n\t\t\t\t<div class=\"col-inner\"  >\n\t\t\t\n\t\t\t\n\n\n<div class=\"wpcf7 no-js\" id=\"wpcf7-f2081-o1\" lang=\"en-US\" dir=\"ltr\" data-wpcf7-id=\"2081\">\n<div class=\"screen-reader-response\"><p role=\"status\" aria-live=\"polite\" aria-atomic=\"true\"><\/p> <ul><\/ul><\/div>\n<form action=\"\/en\/wp-json\/wp\/v2\/pages\/1747#wpcf7-f2081-o1\" method=\"post\" class=\"wpcf7-form init\" aria-label=\"Contact form\" novalidate=\"novalidate\" data-status=\"init\">\n<fieldset class=\"hidden-fields-container\"><input type=\"hidden\" name=\"_wpcf7\" value=\"2081\" \/><input type=\"hidden\" name=\"_wpcf7_version\" value=\"6.1.4\" \/><input type=\"hidden\" name=\"_wpcf7_locale\" value=\"en_US\" \/><input type=\"hidden\" name=\"_wpcf7_unit_tag\" value=\"wpcf7-f2081-o1\" \/><input type=\"hidden\" name=\"_wpcf7_container_post\" value=\"0\" \/><input type=\"hidden\" name=\"_wpcf7_posted_data_hash\" value=\"\" \/><input type=\"hidden\" name=\"_wpcf7_recaptcha_response\" value=\"\" \/>\n<\/fieldset>\n<p><label>Name and Surname*<\/label><br \/>\n<span class=\"wpcf7-form-control-wrap\" data-name=\"your-name\"><input size=\"40\" maxlength=\"400\" class=\"wpcf7-form-control wpcf7-text wpcf7-validates-as-required\" aria-required=\"true\" aria-invalid=\"false\" value=\"\" type=\"text\" name=\"your-name\" \/><\/span>\n<\/p>\n<p><label>City*<\/label><br \/>\n<span class=\"wpcf7-form-control-wrap\" data-name=\"city\"><input size=\"40\" maxlength=\"400\" class=\"wpcf7-form-control wpcf7-text wpcf7-validates-as-required\" aria-required=\"true\" aria-invalid=\"false\" value=\"\" type=\"text\" name=\"city\" \/><\/span>\n<\/p>\n<p><label>Company<span class=\"wpcf7-form-control-wrap\" data-name=\"text-989\"><input size=\"40\" maxlength=\"400\" class=\"wpcf7-form-control wpcf7-text\" aria-invalid=\"false\" value=\"\" type=\"text\" name=\"text-989\" \/><\/span><\/label>\n<\/p>\n<p><label>Telephone*<span class=\"wpcf7-form-control-wrap\" data-name=\"tel-581\"><input size=\"40\" maxlength=\"400\" class=\"wpcf7-form-control wpcf7-tel wpcf7-validates-as-required wpcf7-text wpcf7-validates-as-tel\" aria-required=\"true\" aria-invalid=\"false\" value=\"\" type=\"tel\" name=\"tel-581\" \/><\/span><\/label>\n<\/p>\n<p><label>E-mail address*<\/label><br \/>\n<span class=\"wpcf7-form-control-wrap\" data-name=\"your-email\"><input size=\"40\" maxlength=\"400\" class=\"wpcf7-form-control wpcf7-email wpcf7-validates-as-required wpcf7-text wpcf7-validates-as-email\" aria-required=\"true\" aria-invalid=\"false\" value=\"\" type=\"email\" name=\"your-email\" \/><\/span>\n<\/p>\n<p><label>Inquiry*<\/label><br \/>\n<span class=\"wpcf7-form-control-wrap\" data-name=\"your-message\"><textarea cols=\"40\" rows=\"10\" maxlength=\"2000\" class=\"wpcf7-form-control wpcf7-textarea wpcf7-validates-as-required\" aria-required=\"true\" aria-invalid=\"false\" name=\"your-message\"><\/textarea><\/span>\n<\/p>\n<p><span class=\"wpcf7-form-control-wrap\" data-name=\"acceptance-570\"><span class=\"wpcf7-form-control wpcf7-acceptance\"><span class=\"wpcf7-list-item\"><label><input type=\"checkbox\" name=\"acceptance-570\" value=\"1\" aria-invalid=\"false\" \/><span class=\"wpcf7-list-item-label\">I have read and accept the <a href=\"https:\/\/aluminiosiluro.com\/en\/politica-de-privacidad\/\" target=\"_blank\">privacy policy<\/a>.<\/span><\/label><\/span><\/span><\/span>\n<\/p>\n<p><input class=\"wpcf7-form-control wpcf7-submit has-spinner button\" type=\"submit\" value=\"Send\" \/>\n<\/p><p style=\"display: none !important;\" class=\"akismet-fields-container\" data-prefix=\"_wpcf7_ak_\"><label>&#916;<textarea name=\"_wpcf7_ak_hp_textarea\" cols=\"45\" rows=\"8\" maxlength=\"100\"><\/textarea><\/label><input type=\"hidden\" id=\"ak_js_1\" name=\"_wpcf7_ak_js\" value=\"200\"\/><script>document.getElementById( \"ak_js_1\" ).setAttribute( \"value\", ( new Date() ).getTime() );<\/script><\/p><div class=\"wpcf7-response-output\" aria-hidden=\"true\"><\/div>\n<\/form>\n<\/div>\n\n\n\n\t\t<\/div>\n\t\t\t\t\t<\/div>\n\n\t\n\n<\/div>\n\n\t\t<\/div>\n\n\t\t\n<style>\n#section_661042991 {\n  padding-top: 0px;\n  padding-bottom: 0px;\n}\n#section_661042991 .section-bg-overlay {\n  background-color: rgba(255, 255, 255, 0.85);\n}\n<\/style>\n\t<\/section>\n\t\n<div class=\"message-box relative dark\" style=\"padding-top:36px;padding-bottom:36px;\"><div class=\"message-box-bg-image bg-fill fill\" ><\/div><div class=\"message-box-bg-overlay bg-fill fill\" style=\"background-color:rgb(74, 74, 74);\"><\/div><div class=\"container relative\"><div class=\"inner last-reset\">\n\n<div class=\"row align-middle\"  id=\"row-674789966\">\n\n\n\t<div id=\"col-2053744933\" class=\"col medium-7 small-12 large-7\"  >\n\t\t\t\t<div class=\"col-inner\"  >\n\t\t\t\n\t<div class=\"is-border\"\n\t\tstyle=\"border-width:0px 0px 0px 0px;\">\n\t<\/div>\n\t\t\t\n\n<h2><span style=\"font-size: 105%;\">Aluminios lluro the best guarantee at your service<\/span><\/h2>\n<p><span style=\"font-size: 105%;\">We offer our clients an unbeatable service, always complying with what is agreed<\/span><\/p>\n\n\t\t<\/div>\n\t\t\t\t\n<style>\n#col-2053744933 > .col-inner {\n  margin: 0px 0px 15px 0px;\n}\n<\/style>\n\t<\/div>\n\n\t\n\n\t<div id=\"col-1697077264\" class=\"col medium-5 small-12 large-5\"  >\n\t\t\t\t<div class=\"col-inner text-right\"  >\n\t\t\t\n\t\t\t\n\n<a data-animate=\"flipInY\" href=\"https:\/\/aluminiosiluro.com\/en\/solicitud-de-presupuesto\/\" class=\"button white is-outline is-large boton_compromiso\" >\n\t\t<span>budget without commitment<\/span>\n\t<\/a>\n\n\n\n\t\t<\/div>\n\t\t\t\t\t<\/div>\n\n\t\n\n\n<style>\n#row-674789966 > .col > .col-inner {\n  padding: 0 0px 0px 0px;\n}\n<\/style>\n<\/div>\n\n<\/div><\/div><\/div>\n\n","protected":false},"excerpt":{"rendered":"","protected":false},"author":1,"featured_media":0,"parent":0,"menu_order":0,"comment_status":"closed","ping_status":"closed","template":"page-blank.php","meta":{"ngg_post_thumbnail":0,"footnotes":""},"class_list":["post-1747","page","type-page","status-publish","hentry"],"_links":{"self":[{"href":"https:\/\/aluminiosiluro.com\/en\/wp-json\/wp\/v2\/pages\/1747","targetHints":{"allow":["GET"]}}],"collection":[{"href":"https:\/\/aluminiosiluro.com\/en\/wp-json\/wp\/v2\/pages"}],"about":[{"href":"https:\/\/aluminiosiluro.com\/en\/wp-json\/wp\/v2\/types\/page"}],"author":[{"embeddable":true,"href":"https:\/\/aluminiosiluro.com\/en\/wp-json\/wp\/v2\/users\/1"}],"replies":[{"embeddable":true,"href":"https:\/\/aluminiosiluro.com\/en\/wp-json\/wp\/v2\/comments?post=1747"}],"version-history":[{"count":37,"href":"https:\/\/aluminiosiluro.com\/en\/wp-json\/wp\/v2\/pages\/1747\/revisions"}],"predecessor-version":[{"id":4645,"href":"https:\/\/aluminiosiluro.com\/en\/wp-json\/wp\/v2\/pages\/1747\/revisions\/4645"}],"wp:attachment":[{"href":"https:\/\/aluminiosiluro.com\/en\/wp-json\/wp\/v2\/media?parent=1747"}],"curies":[{"name":"wp","href":"https:\/\/api.w.org\/{rel}","templated":true}]}}