{"id":1787,"date":"2021-01-18T19:42:05","date_gmt":"2021-01-18T18:42:05","guid":{"rendered":"https:\/\/aluminiosiluro.com\/?page_id=1787"},"modified":"2026-03-09T12:13:49","modified_gmt":"2026-03-09T11:13:49","slug":"pvc-joinery","status":"publish","type":"page","link":"https:\/\/aluminiosiluro.com\/en\/pvc-joinery\/","title":{"rendered":"PVC joinery"},"content":{"rendered":"\n\n\t<section class=\"section\" id=\"section_2002326325\">\n\t\t<div class=\"section-bg fill\" >\n\t\t\t\t\t\t\t\t\t<div class=\"section-bg-overlay absolute fill\"><\/div>\n\t\t\t\n\n\t\t<\/div>\n\n\t\t\n\n\t\t<div class=\"section-content relative\">\n\t\t\t\n\n<div class=\"container section-title-container Letra_peque\u00f1a\" style=\"margin-top:20px;margin-bottom:20px;\"><h1 class=\"section-title section-title-center\"><b aria-hidden=\"true\"><\/b><span class=\"section-title-main\" style=\"font-size:128%;\">PVC joinery<\/span><b aria-hidden=\"true\"><\/b><\/h1><\/div>\n\n<div class=\"row row-large align-middle\"  id=\"row-1149949041\">\n\n\n\t<div id=\"col-848834596\" class=\"col small-12 large-12\"  >\n\t\t\t\t<div class=\"col-inner text-left\"  >\n\t\t\t\n\t\t\t\n\n<p><span style=\"font-size: 105%;\">PVC is a totally revolutionary material that allows very high levels of insulation to be attained. At Aluminios Iluro we have extensive experience in PVC joinery, because it is one of our main fields of operation. Our principal guarantee is that we are manufacturers and installers of the leading brands.<\/span><\/p>\n<p><span style=\"font-size: 105%;\">We offer advice and carry out projects for both individuals and companies. We work in coordination with the commercial department and the technical department, which ensures a high level of quality and customer satisfaction in all the work we carry out.<\/span><\/p>\n\n\t\t<\/div>\n\t\t\t\t\n<style>\n#col-848834596 > .col-inner {\n  padding: 20px 0px 0px 0px;\n  margin: 0px 0px -10px 0px;\n}\n@media (min-width:550px) {\n  #col-848834596 > .col-inner {\n    margin: 0px 0px 0px 0;\n  }\n}\n<\/style>\n\t<\/div>\n\n\t\n\n\n<style>\n#row-1149949041 > .col > .col-inner {\n  padding: 0px 0px 0px 0px;\n}\n<\/style>\n<\/div>\n\n\t\t<\/div>\n\n\t\t\n<style>\n#section_2002326325 {\n  padding-top: 0px;\n  padding-bottom: 0px;\n  background-color: rgb(255, 255, 255);\n}\n#section_2002326325 .section-bg-overlay {\n  background-color: rgba(255, 255, 255, 0.85);\n}\n<\/style>\n\t<\/section>\n\t\n\n\t<section class=\"section\" id=\"section_1596900473\">\n\t\t<div class=\"section-bg fill\" >\n\t\t\t\t\t\t\t\t\t<div class=\"section-bg-overlay absolute fill\"><\/div>\n\t\t\t\n\n\t\t<\/div>\n\n\t\t\n\n\t\t<div class=\"section-content relative\">\n\t\t\t\n\n<div class=\"container section-title-container\" style=\"margin-top:20px;margin-bottom:20px;\"><h3 class=\"section-title section-title-normal\"><b aria-hidden=\"true\"><\/b><span class=\"section-title-main\" style=\"font-size:142%;\">Our brand<\/span><b aria-hidden=\"true\"><\/b><\/h3><\/div>\n\n<div class=\"row\"  id=\"row-1264844885\">\n\n\n\t<div id=\"col-32022211\" class=\"col small-12 large-12\"  >\n\t\t\t\t<div class=\"col-inner\"  >\n\t\t\t\n\t\t\t\n\n<h3><strong><span style=\"font-size: 105%;\">REHAU<\/span><\/strong><\/h3>\n<p><span style=\"font-size: 105%;\">Our PVC windows are synonymous with state-of-the-art technology that saves energy for you while you enjoy maximum comfort and well-being in your favourite spaces.<\/span><\/p>\n<p><span style=\"font-size: 105%;\">It offers unbeatable thermal and acoustic insulation and meets the strictest energy efficiency requirements. Infinite possibilities of colours, shapes and sizes to provide the style you want.<\/span><\/p>\n<p><span style=\"font-size: 105%;\">Our windows incorporate up to 3 perimeter seals to provide a top level of watertightness. On the one hand, they ensure that hot or fresh air from inside the building cannot escape to the outside. On the other hand, they prevent the entry of humidity and water.<\/span><\/p>\n<p><span style=\"font-size: 105%;\">Noise implies stress, thanks to its reduction your home becomes an oasis of tranquillity.<\/span><\/p>\n<p><span style=\"font-size: 105%;\">Our High-Definition-Finishing (HDF) technology produces very smooth, dirt-repellent surfaces that are easy to clean and provide unbeatable weather resistance.<\/span><\/p>\n<p><span style=\"font-size: 105%;\">You have the peace of mind of having windows that meet the highest building standards. All foils and coatings are thoroughly tested for longevity and stress resistance before they are used and made available to our customers.<\/span><\/p>\n<p><span style=\"font-size: 105%;\">See more information about <a href=\"https:\/\/aluminiosiluro.com\/en\/rehau\/\">Rehau<\/a><\/span><\/p>\n\t<div class=\"img has-hover x md-x lg-x y md-y lg-y\" id=\"image_1799145650\">\n\t\t\t\t\t\t\t\t<div class=\"img-inner dark\" style=\"margin:5px 0px 0px 0px;\">\n\t\t\t<img loading=\"lazy\" decoding=\"async\" width=\"1020\" height=\"463\" src=\"https:\/\/aluminiosiluro.com\/wp-content\/uploads\/2020\/12\/carpinter\u00eda-de-pvc-rehau.jpg\" class=\"attachment-large size-large\" alt=\"\" srcset=\"https:\/\/aluminiosiluro.com\/wp-content\/uploads\/2020\/12\/carpinter\u00eda-de-pvc-rehau.jpg 1024w, https:\/\/aluminiosiluro.com\/wp-content\/uploads\/2020\/12\/carpinter\u00eda-de-pvc-rehau-800x363.jpg 800w, https:\/\/aluminiosiluro.com\/wp-content\/uploads\/2020\/12\/carpinter\u00eda-de-pvc-rehau-768x349.jpg 768w\" sizes=\"auto, (max-width: 1020px) 100vw, 1020px\" \/>\t\t\t\t\t\t\n\t\t\t\t\t<\/div>\n\t\t\t\t\t\t\t\t\n<style>\n#image_1799145650 {\n  width: 100%;\n}\n<\/style>\n\t<\/div>\n\t\n\n\n\t\t<\/div>\n\t\t\t\t\t<\/div>\n\n\t\n\n<\/div>\n\n\t\t<\/div>\n\n\t\t\n<style>\n#section_1596900473 {\n  padding-top: 10px;\n  padding-bottom: 10px;\n  background-color: rgba(51, 50, 50, 0.16);\n}\n#section_1596900473 .section-bg-overlay {\n  background-color: rgba(255, 255, 255, 0.85);\n}\n@media (min-width:550px) {\n  #section_1596900473 {\n    padding-top: 0px;\n    padding-bottom: 0px;\n  }\n}\n<\/style>\n\t<\/section>\n\t\n\n\t<section class=\"section\" id=\"section_2047249886\">\n\t\t<div class=\"section-bg fill\" >\n\t\t\t\t\t\t\t\t\t<div class=\"section-bg-overlay absolute fill\"><\/div>\n\t\t\t\n\n\t\t<\/div>\n\n\t\t\n\n\t\t<div class=\"section-content relative\">\n\t\t\t\n\n<div class=\"container section-title-container\" style=\"margin-top:20px;margin-bottom:20px;\"><h3 class=\"section-title section-title-normal\"><b aria-hidden=\"true\"><\/b><span class=\"section-title-main\" style=\"font-size:142%;\">WHERE WE WORK<\/span><b aria-hidden=\"true\"><\/b><\/h3><\/div>\n\n<div class=\"row\"  id=\"row-99000106\">\n\n\n\t<div id=\"col-1057602886\" class=\"col small-12 large-12\"  >\n\t\t\t\t<div class=\"col-inner\"  >\n\t\t\t\n\t\t\t\n\n<div class=\"accordion\">\n\n\t<div id=\"accordion-2368776671\" class=\"accordion-item\">\n\t\t<a id=\"accordion-2368776671-label\" class=\"accordion-title plain active\" href=\"#accordion-item-barcelon\u00e9s\" aria-expanded=\"true\" aria-controls=\"accordion-2368776671-content\">\n\t\t\t<button class=\"toggle\" aria-label=\"Toggle\"><i class=\"icon-angle-down\" aria-hidden=\"true\"><\/i><\/button>\n\t\t\t<span>Barcelon\u00e9s<\/span>\n\t\t<\/a>\n\t\t<div id=\"accordion-2368776671-content\" class=\"accordion-inner\" style=\"display: block;\" aria-labelledby=\"accordion-2368776671-label\">\n\t\t\t\n\n<p><span style=\"font-size: 105%;\">Barcelona, Badalona, Hospitalet de Llobregat, Santa Coloma de Gramenet, Sant Adri\u00e0 de Bes\u00f2s<\/span><\/p>\n\n\t\t<\/div>\n\t<\/div>\n\t\n\t<div id=\"accordion-1794521452\" class=\"accordion-item\">\n\t\t<a id=\"accordion-1794521452-label\" class=\"accordion-title plain\" href=\"#accordion-item-maresme\" aria-expanded=\"false\" aria-controls=\"accordion-1794521452-content\">\n\t\t\t<button class=\"toggle\" aria-label=\"Toggle\"><i class=\"icon-angle-down\" aria-hidden=\"true\"><\/i><\/button>\n\t\t\t<span>Maresme<\/span>\n\t\t<\/a>\n\t\t<div id=\"accordion-1794521452-content\" class=\"accordion-inner\" aria-labelledby=\"accordion-1794521452-label\">\n\t\t\t\n\n<p><span style=\"font-size: 105%;\">Alella, Arenys de Mar, Arenys de Munt, Argentona, Cabrera de Mar, Cabrils, Caldes d&#8217;Estrac, Calella, Canet de Mar, Dosrius, el Masnou, Malgrat de Mar, Matar\u00f3, Montgat, \u00d2rrius, Palafolls, Pineda de Mar, Premi\u00e0 de Dalt, Premi\u00e0 de Mar, Sant Andreu de Llavaneres, Sant Cebri\u00e0 de Vallalta, Sant Iscle de Vallalta, Sant Pol de Mar, Sant Vicen\u00e7 de Montalt, Santa Susanna, Tei\u00e0, Tiana, Tordera, Vilassar de Dalt, Vilassar de Mar<\/span><\/p>\n\n\t\t<\/div>\n\t<\/div>\n\t\n\t<div id=\"accordion-3610035236\" class=\"accordion-item\">\n\t\t<a id=\"accordion-3610035236-label\" class=\"accordion-title plain\" href=\"#accordion-item-vall\u00e9s-occidental\" aria-expanded=\"false\" aria-controls=\"accordion-3610035236-content\">\n\t\t\t<button class=\"toggle\" aria-label=\"Toggle\"><i class=\"icon-angle-down\" aria-hidden=\"true\"><\/i><\/button>\n\t\t\t<span>Vall\u00e9s occidental<\/span>\n\t\t<\/a>\n\t\t<div id=\"accordion-3610035236-content\" class=\"accordion-inner\" aria-labelledby=\"accordion-3610035236-label\">\n\t\t\t\n\n<p><span style=\"font-size: 105%;\">Badia del Vall\u00e8s, Barber\u00e0 del Vall\u00e8s, Castellar del Vall\u00e8s, Castellbisbal, Cerdanyola del Vall\u00e8s, Gallifa, Matadepera, Montcada i Reixac, Palau-solit\u00e0 i Plegamans, Poliny\u00e0, Rellinars, Ripollet, Rub\u00ed, Sabadell, Sant Cugat del Vall\u00e8s, Sant Lloren\u00e7 Savall, Sant Quirze del Vall\u00e8s, Santa Perp\u00e8tua de Mogoda, Sentmenat, Terrassa, Ullastrell, Vacarisses, Viladecavalls<\/span><\/p>\n\n\t\t<\/div>\n\t<\/div>\n\t\n\t<div id=\"accordion-3853628165\" class=\"accordion-item\">\n\t\t<a id=\"accordion-3853628165-label\" class=\"accordion-title plain\" href=\"#accordion-item-vall\u00e9s-oriental\" aria-expanded=\"false\" aria-controls=\"accordion-3853628165-content\">\n\t\t\t<button class=\"toggle\" aria-label=\"Toggle\"><i class=\"icon-angle-down\" aria-hidden=\"true\"><\/i><\/button>\n\t\t\t<span>Vall\u00e9s oriental<\/span>\n\t\t<\/a>\n\t\t<div id=\"accordion-3853628165-content\" class=\"accordion-inner\" aria-labelledby=\"accordion-3853628165-label\">\n\t\t\t\n\n<p><span style=\"font-size: 105%;\">Aiguafreda, Bigues i Riells, Caldes de Montbui, Campins, Canovelles, C\u00e0noves i Samal\u00fas, Cardedeu, El Figuer\u00f3 i Montmany, Fogars de Montcl\u00fas, Granollers, Gualba, L&#8217;Ametlla del Vall\u00e8s, La Garriga, La Llagosta, La Roca del Vall\u00e8s, Les Franqueses del Vall\u00e8s, Lli\u00e7\u00e0 d&#8217;Amunt, Lli\u00e7\u00e0 de Vall, Llinars del Vall\u00e8s, Martorelles, Mollet del Vall\u00e8s, Montmel\u00f3, Montorn\u00e8s del Vall\u00e8s, Montseny, Parets del Vall\u00e8s, Sant Antoni de Vilamajor, Sant Celoni, Sant Esteve de Palautordera, Sant Feliu de Codines, Sant Fost de Campsentelles, Sant Pere de Vilamajor, Santa Eul\u00e0lia de Ron\u00e7ana, Santa Maria de Martorelles, Santa Maria de Palautordera, Tagamanent, Vallgorguina, Vallromanes, Vilalba Sasserra, Vilanova del Vall\u00e8s<\/span><\/p>\n\n\t\t<\/div>\n\t<\/div>\n\t\n\n<\/div>\n\n\t\t<\/div>\n\t\t\t\t\t<\/div>\n\n\t\n\n<\/div>\n\n\t\t<\/div>\n\n\t\t\n<style>\n#section_2047249886 {\n  padding-top: 0px;\n  padding-bottom: 0px;\n}\n#section_2047249886 .section-bg-overlay {\n  background-color: rgba(255, 255, 255, 0.85);\n}\n<\/style>\n\t<\/section>\n\t\n\n\t<section class=\"section\" id=\"section_1628517965\">\n\t\t<div class=\"section-bg fill\" >\n\t\t\t\t\t\t\t\t\t<div class=\"section-bg-overlay absolute fill\"><\/div>\n\t\t\t\n\t<div class=\"is-border\"\n\t\tstyle=\"border-width:0px 0px 0px 0px;\">\n\t<\/div>\n\n\t\t<\/div>\n\n\t\t\n\n\t\t<div class=\"section-content relative\">\n\t\t\t\n\n<div class=\"row\"  id=\"row-2138691153\">\n\n\n\t<div id=\"col-690814430\" class=\"col small-12 large-12\"  >\n\t\t\t\t<div class=\"col-inner\"  >\n\t\t\t\n\t\t\t\n\n<div class=\"container section-title-container\" style=\"margin-top:20px;margin-bottom:20px;\"><h3 class=\"section-title section-title-normal\"><b aria-hidden=\"true\"><\/b><span class=\"section-title-main\" style=\"font-size:142%;\">WHY CHOOSE US?<\/span><b aria-hidden=\"true\"><\/b><\/h3><\/div>\n\n<div class=\"row\"  id=\"row-801211870\">\n\n\n\t<div id=\"col-672477966\" class=\"col Letra_grande medium-6 small-12 large-6\"  >\n\t\t\t\t<div class=\"col-inner\"  >\n\t\t\t\n\t\t\t\n\n\n\t\t<div class=\"icon-box featured-box icon-box-top text-left\"  >\n\t\t\t\t<div class=\"icon-box-text last-reset\">\n\t\t\t\t\t\t\t\t\t\n\n<h3>Experience<\/h3>\n<p><span style=\"font-size: 105%;\"><strong>Aluminios Iluro<\/strong> was established in 1989 by its young founder David Garcia who was eager to give the market the best quality and service.<\/span><br \/><span style=\"font-size: 105%;\">His perseverance and eagerness to improve has positioned Aluminios Iluro as a leading company in the sector both in the products we develop and in the technology used in the manufacturing and installation process of our metal enclosures.<\/span><\/p>\n\n\t\t<\/div>\n\t<\/div>\n\t\n\t\n\n\t\t<\/div>\n\t\t\t\t\t<\/div>\n\n\t\n\n\t<div id=\"col-1929246828\" class=\"col Letra_grande medium-6 small-12 large-6\"  >\n\t\t\t\t<div class=\"col-inner\"  >\n\t\t\t\n\t\t\t\n\n<h3>Product quality<\/h3>\n<p><span style=\"font-size: 105%;\"><strong>Aluminios Iluro<\/strong> really does offer quality to its clients. After all, quality is not simply working with good materials.<\/span><\/p>\n<p><span style=\"font-size: 105%;\">Quality is the sum of many factors.<\/span><\/p>\n\n\t\t<\/div>\n\t\t\t\t\n<style>\n#col-1929246828 > .col-inner {\n  margin: 0px 0px -20px 0px;\n}\n<\/style>\n\t<\/div>\n\n\t\n\n<\/div>\n<div class=\"row\"  id=\"row-1250352372\">\n\n\n\t<div id=\"col-1064635858\" class=\"col Letra_grande medium-6 small-12 large-6\"  >\n\t\t\t\t<div class=\"col-inner\"  >\n\t\t\t\n\t\t\t\n\n<h3>Reliability<\/h3>\n<p><span style=\"font-size: 105%;\"><strong>Aluminios Iluro<\/strong>\u2019s ambition is to offer its clients an unbeatable service without unpleasant surprises, always respecting what has been agreed.<\/span><\/p>\n\n\t\t<\/div>\n\t\t\t\t\n<style>\n#col-1064635858 > .col-inner {\n  margin: 0px 0px -20px 0px;\n}\n<\/style>\n\t<\/div>\n\n\t\n\n\t<div id=\"col-1026245677\" class=\"col Letra_grande medium-6 small-12 large-6\"  >\n\t\t\t\t<div class=\"col-inner\"  >\n\t\t\t\n\t\t\t\n\n<h3>Professionalism<\/h3>\n<p><span style=\"font-size: 105%;\"><strong>Aluminios Iluro<\/strong> works with a great team in each of its departments. Nowadays, its installations are a reference in the sector.<\/span><\/p>\n\n\t\t<\/div>\n\t\t\t\t\n<style>\n#col-1026245677 > .col-inner {\n  margin: 0px 0px -20px 0px;\n}\n<\/style>\n\t<\/div>\n\n\t\n\n<\/div>\n<div class=\"row\"  id=\"row-1834817636\">\n\n\n\t<div id=\"col-1907755385\" class=\"col Letra_grande medium-6 small-12 large-6\"  >\n\t\t\t\t<div class=\"col-inner\"  >\n\t\t\t\n\t\t\t\n\n<h3>Service<\/h3>\n<p><span style=\"font-size: 105%;\">The customer quickly realises the difference in the prompt service, in the relationship with the commercial team and in the confidence of having a complete follow-up of the project.<\/span><\/p>\n\n\t\t<\/div>\n\t\t\t\t\n<style>\n#col-1907755385 > .col-inner {\n  margin: 0px 0px -20px 0px;\n}\n<\/style>\n\t<\/div>\n\n\t\n\n\t<div id=\"col-1558240691\" class=\"col Letra_grande medium-6 small-12 large-6\"  >\n\t\t\t\t<div class=\"col-inner\"  >\n\t\t\t\n\t\t\t\n\n<h3>The price<\/h3>\n<p><span style=\"font-size: 105%;\"><strong>Aluminios Iluro<\/strong> has an unbeatable price to quality ratio. What\u2019s more, <span style=\"background-color: #ffff00;\">we offer up to 12 months interest-free finance.<\/span><\/span><\/p>\n\n\t\t<\/div>\n\t\t\t\t\t<\/div>\n\n\t\n\n<\/div>\n\n\t\t<\/div>\n\t\t\t\t\n<style>\n#col-690814430 > .col-inner {\n  padding: 0px 0px 0px 0px;\n  margin: 0px 0px -10px 0px;\n}\n@media (min-width:550px) {\n  #col-690814430 > .col-inner {\n    margin: 0px 0px -px 0px;\n  }\n}\n<\/style>\n\t<\/div>\n\n\t\n\n\n<style>\n#row-2138691153 > .col > .col-inner {\n  padding: 0px 0px 0px 0px;\n}\n<\/style>\n<\/div>\n\n\t\t<\/div>\n\n\t\t\n<style>\n#section_1628517965 {\n  padding-top: 0px;\n  padding-bottom: 0px;\n  min-height: 0px;\n  background-color: rgba(51, 50, 50, 0.16);\n}\n#section_1628517965 .section-bg-overlay {\n  background-color: rgba(255, 255, 255, 0.85);\n}\n@media (min-width:550px) {\n  #section_1628517965 {\n    padding-top: 30px;\n    padding-bottom: 30px;\n  }\n}\n<\/style>\n\t<\/section>\n\t\n\n\t<section class=\"section\" id=\"section_880201585\">\n\t\t<div class=\"section-bg fill\" >\n\t\t\t\t\t\t\t\t\t\n\t\t\t\n\t<div class=\"is-border\"\n\t\tstyle=\"border-width:1px 0px 1px 0px;\">\n\t<\/div>\n\n\t\t<\/div>\n\n\t\t\n\n\t\t<div class=\"section-content relative\">\n\t\t\t\n\n<div class=\"row align-equal\"  id=\"row-291209346\">\n\n\n\t<div id=\"col-1866461205\" class=\"col small-12 large-12\"  >\n\t\t\t\t<div class=\"col-inner\"  >\n\t\t\t\n\t\t\t\n\n<div class=\"container section-title-container\" ><h3 class=\"section-title section-title-normal\"><b aria-hidden=\"true\"><\/b><span class=\"section-title-main\" >Last testimonials of clients and collaborators<\/span><b aria-hidden=\"true\"><\/b><\/h3><\/div>\n\n\n\n\n<div class=\"trustindex-widget\" data-id=\"02332304769c8907af665f6e81b\"><\/div>\n<script defer async src=\"https:\/\/cdn.trustindex.io\/loader.js?02332304769c8907af665f6e81b\"><\/script>\n\n<div class=\"row\"  id=\"row-158311251\">\n\n\n\t<div id=\"col-1687743769\" class=\"col small-12 large-12\"  >\n\t\t\t\t<div class=\"col-inner text-center\"  >\n\t\t\t\n\t\t\t\n\n<a href=\"https:\/\/aluminiosiluro.com\/en\/testimonials\/\" class=\"button primary\" >\n\t\t<span>More<\/span>\n\t<\/a>\n\n\n\n\t\t<\/div>\n\t\t\t\t\t<\/div>\n\n\t\n\n<\/div>\n\n\t\t<\/div>\n\t\t\t\t\n<style>\n#col-1866461205 > .col-inner {\n  margin: 40px 0px -10px 0px;\n}\n<\/style>\n\t<\/div>\n\n\t\n\n<\/div>\n\n\t\t<\/div>\n\n\t\t\n<style>\n#section_880201585 {\n  padding-top: 0px;\n  padding-bottom: 0px;\n  min-height: 276px;\n  background-color: rgb(241, 241, 241);\n}\n@media (min-width:550px) {\n  #section_880201585 {\n    padding-top: 43px;\n    padding-bottom: 43px;\n  }\n}\n<\/style>\n\t<\/section>\n\t\n\n\t<section class=\"section\" id=\"section_1924090679\">\n\t\t<div class=\"section-bg fill\" >\n\t\t\t\t\t\t\t\t\t<div class=\"section-bg-overlay absolute fill\"><\/div>\n\t\t\t\n\n\t\t<\/div>\n\n\t\t\n\n\t\t<div class=\"section-content relative\">\n\t\t\t\n\n<div class=\"container section-title-container\" style=\"margin-top:20px;margin-bottom:20px;\"><h3 class=\"section-title section-title-normal\"><b aria-hidden=\"true\"><\/b><span class=\"section-title-main\" style=\"font-size:142%;\">Contact Us<\/span><b aria-hidden=\"true\"><\/b><\/h3><\/div>\n\n<div class=\"row\"  id=\"row-2040813849\">\n\n\n\t<div id=\"col-711434013\" class=\"col small-12 large-12\"  >\n\t\t\t\t<div class=\"col-inner\"  >\n\t\t\t\n\t\t\t\n\n\n<div class=\"wpcf7 no-js\" id=\"wpcf7-f2081-o1\" lang=\"en-US\" dir=\"ltr\" data-wpcf7-id=\"2081\">\n<div class=\"screen-reader-response\"><p role=\"status\" aria-live=\"polite\" aria-atomic=\"true\"><\/p> <ul><\/ul><\/div>\n<form action=\"\/en\/wp-json\/wp\/v2\/pages\/1787#wpcf7-f2081-o1\" method=\"post\" class=\"wpcf7-form init\" aria-label=\"Contact form\" novalidate=\"novalidate\" data-status=\"init\">\n<fieldset class=\"hidden-fields-container\"><input type=\"hidden\" name=\"_wpcf7\" value=\"2081\" \/><input type=\"hidden\" name=\"_wpcf7_version\" value=\"6.1.4\" \/><input type=\"hidden\" name=\"_wpcf7_locale\" value=\"en_US\" \/><input type=\"hidden\" name=\"_wpcf7_unit_tag\" value=\"wpcf7-f2081-o1\" \/><input type=\"hidden\" name=\"_wpcf7_container_post\" value=\"0\" \/><input type=\"hidden\" name=\"_wpcf7_posted_data_hash\" value=\"\" \/><input type=\"hidden\" name=\"_wpcf7_recaptcha_response\" value=\"\" \/>\n<\/fieldset>\n<p><label>Name and Surname*<\/label><br \/>\n<span class=\"wpcf7-form-control-wrap\" data-name=\"your-name\"><input size=\"40\" maxlength=\"400\" class=\"wpcf7-form-control wpcf7-text wpcf7-validates-as-required\" aria-required=\"true\" aria-invalid=\"false\" value=\"\" type=\"text\" name=\"your-name\" \/><\/span>\n<\/p>\n<p><label>City*<\/label><br \/>\n<span class=\"wpcf7-form-control-wrap\" data-name=\"city\"><input size=\"40\" maxlength=\"400\" class=\"wpcf7-form-control wpcf7-text wpcf7-validates-as-required\" aria-required=\"true\" aria-invalid=\"false\" value=\"\" type=\"text\" name=\"city\" \/><\/span>\n<\/p>\n<p><label>Company<span class=\"wpcf7-form-control-wrap\" data-name=\"text-989\"><input size=\"40\" maxlength=\"400\" class=\"wpcf7-form-control wpcf7-text\" aria-invalid=\"false\" value=\"\" type=\"text\" name=\"text-989\" \/><\/span><\/label>\n<\/p>\n<p><label>Telephone*<span class=\"wpcf7-form-control-wrap\" data-name=\"tel-581\"><input size=\"40\" maxlength=\"400\" class=\"wpcf7-form-control wpcf7-tel wpcf7-validates-as-required wpcf7-text wpcf7-validates-as-tel\" aria-required=\"true\" aria-invalid=\"false\" value=\"\" type=\"tel\" name=\"tel-581\" \/><\/span><\/label>\n<\/p>\n<p><label>E-mail address*<\/label><br \/>\n<span class=\"wpcf7-form-control-wrap\" data-name=\"your-email\"><input size=\"40\" maxlength=\"400\" class=\"wpcf7-form-control wpcf7-email wpcf7-validates-as-required wpcf7-text wpcf7-validates-as-email\" aria-required=\"true\" aria-invalid=\"false\" value=\"\" type=\"email\" name=\"your-email\" \/><\/span>\n<\/p>\n<p><label>Inquiry*<\/label><br \/>\n<span class=\"wpcf7-form-control-wrap\" data-name=\"your-message\"><textarea cols=\"40\" rows=\"10\" maxlength=\"2000\" class=\"wpcf7-form-control wpcf7-textarea wpcf7-validates-as-required\" aria-required=\"true\" aria-invalid=\"false\" name=\"your-message\"><\/textarea><\/span>\n<\/p>\n<p><span class=\"wpcf7-form-control-wrap\" data-name=\"acceptance-570\"><span class=\"wpcf7-form-control wpcf7-acceptance\"><span class=\"wpcf7-list-item\"><label><input type=\"checkbox\" name=\"acceptance-570\" value=\"1\" aria-invalid=\"false\" \/><span class=\"wpcf7-list-item-label\">I have read and accept the <a href=\"https:\/\/aluminiosiluro.com\/en\/politica-de-privacidad\/\" target=\"_blank\">privacy policy<\/a>.<\/span><\/label><\/span><\/span><\/span>\n<\/p>\n<p><input class=\"wpcf7-form-control wpcf7-submit has-spinner button\" type=\"submit\" value=\"Send\" \/>\n<\/p><p style=\"display: none !important;\" class=\"akismet-fields-container\" data-prefix=\"_wpcf7_ak_\"><label>&#916;<textarea name=\"_wpcf7_ak_hp_textarea\" cols=\"45\" rows=\"8\" maxlength=\"100\"><\/textarea><\/label><input type=\"hidden\" id=\"ak_js_1\" name=\"_wpcf7_ak_js\" value=\"97\"\/><script>document.getElementById( \"ak_js_1\" ).setAttribute( \"value\", ( new Date() ).getTime() );<\/script><\/p><div class=\"wpcf7-response-output\" aria-hidden=\"true\"><\/div>\n<\/form>\n<\/div>\n\n\n\n\t\t<\/div>\n\t\t\t\t\t<\/div>\n\n\t\n\n<\/div>\n\n\t\t<\/div>\n\n\t\t\n<style>\n#section_1924090679 {\n  padding-top: 0px;\n  padding-bottom: 0px;\n}\n#section_1924090679 .section-bg-overlay {\n  background-color: rgba(255, 255, 255, 0.85);\n}\n<\/style>\n\t<\/section>\n\t\n<div class=\"message-box relative dark\" style=\"padding-top:36px;padding-bottom:36px;\"><div class=\"message-box-bg-image bg-fill fill\" ><\/div><div class=\"message-box-bg-overlay bg-fill fill\" style=\"background-color:rgb(74, 74, 74);\"><\/div><div class=\"container relative\"><div class=\"inner last-reset\">\n\n<div class=\"row align-middle\"  id=\"row-200929882\">\n\n\n\t<div id=\"col-2065535520\" class=\"col medium-7 small-12 large-7\"  >\n\t\t\t\t<div class=\"col-inner\"  >\n\t\t\t\n\t\t\t\n\n<h2><span style=\"font-size: 105%;\">Aluminios lluro the best guarantee at your service<\/span><\/h2>\n<p><span style=\"font-size: 105%;\">We offer our clients an unbeatable service, always complying with what is agreed<\/span><\/p>\n\n\t\t<\/div>\n\t\t\t\t\n<style>\n#col-2065535520 > .col-inner {\n  margin: 0px 0px 15px 0px;\n}\n<\/style>\n\t<\/div>\n\n\t\n\n\t<div id=\"col-1650618812\" class=\"col medium-5 small-12 large-5\"  >\n\t\t\t\t<div class=\"col-inner text-right\"  >\n\t\t\t\n\t\t\t\n\n<a data-animate=\"flipInY\" href=\"https:\/\/aluminiosiluro.com\/en\/solicitud-de-presupuesto\/\" class=\"button white is-outline is-large boton_compromiso\" >\n\t\t<span>budget without commitment<\/span>\n\t<\/a>\n\n\n\n\t\t<\/div>\n\t\t\t\t\t<\/div>\n\n\t\n\n\n<style>\n#row-200929882 > .col > .col-inner {\n  padding: 0px 0px 0px 0px;\n}\n<\/style>\n<\/div>\n\n<\/div><\/div><\/div>\n\n","protected":false},"excerpt":{"rendered":"","protected":false},"author":1,"featured_media":0,"parent":0,"menu_order":0,"comment_status":"closed","ping_status":"closed","template":"page-blank.php","meta":{"ngg_post_thumbnail":0,"footnotes":""},"class_list":["post-1787","page","type-page","status-publish","hentry"],"_links":{"self":[{"href":"https:\/\/aluminiosiluro.com\/en\/wp-json\/wp\/v2\/pages\/1787","targetHints":{"allow":["GET"]}}],"collection":[{"href":"https:\/\/aluminiosiluro.com\/en\/wp-json\/wp\/v2\/pages"}],"about":[{"href":"https:\/\/aluminiosiluro.com\/en\/wp-json\/wp\/v2\/types\/page"}],"author":[{"embeddable":true,"href":"https:\/\/aluminiosiluro.com\/en\/wp-json\/wp\/v2\/users\/1"}],"replies":[{"embeddable":true,"href":"https:\/\/aluminiosiluro.com\/en\/wp-json\/wp\/v2\/comments?post=1787"}],"version-history":[{"count":32,"href":"https:\/\/aluminiosiluro.com\/en\/wp-json\/wp\/v2\/pages\/1787\/revisions"}],"predecessor-version":[{"id":4649,"href":"https:\/\/aluminiosiluro.com\/en\/wp-json\/wp\/v2\/pages\/1787\/revisions\/4649"}],"wp:attachment":[{"href":"https:\/\/aluminiosiluro.com\/en\/wp-json\/wp\/v2\/media?parent=1787"}],"curies":[{"name":"wp","href":"https:\/\/api.w.org\/{rel}","templated":true}]}}